{"id":43343,"date":"2023-03-22T10:48:37","date_gmt":"2023-03-22T03:48:37","guid":{"rendered":"https:\/\/mouldking.store\/shop\/k-box-10517-rambom-car-with-2830-pieces\/"},"modified":"2023-03-22T10:48:37","modified_gmt":"2023-03-22T03:48:37","slug":"k-box-10517-rambom-car-with-2830-pieces","status":"publish","type":"product","link":"https:\/\/mouldking.store\/hu\/shop\/k-box-10517-rambom-car-with-2830-pieces\/","title":{"rendered":"K-Box 10517 RAMBOM aut\u00f3 2830 darabbal"},"content":{"rendered":"<div>\u2705 K-Box 10517 RAMBOM aut\u00f3<br \/>&nbsp;<br \/>\u2705Bemutatkozik a Technic rajong\u00f3inak t\u00f6k\u00e9letes izgalmas utaz\u00e1s \u2013 a RAMBOM Car! A t\u00f6bb mint 2830 prec\u00edzi\u00f3s tervez\u00e9s\u0171 ABS m\u0171anyag blokkkal ez a karcs\u00fa \u00e9s er\u0151s aut\u00f3 garant\u00e1ltan \u00faj magass\u00e1gokba emeli \u00e9p\u00edt\u00e9si k\u00e9pess\u00e9geit.<br \/>&nbsp;<br \/>\ud83d\udeab FONTOS!&nbsp;<br \/>&nbsp;<br \/>Term\u00e9k neve: RAMBOM aut\u00f3<br \/>&nbsp;<br \/>Kateg\u00f3ria: M\u0171szaki&nbsp;<\/p>\n<p>A k\u00e9szlet tartalma: K-Box 10517<br \/>&nbsp;<br \/>2830 db J\u00f3 min\u0151s\u00e9g\u0171 t\u00e9gla&nbsp;<br \/>&nbsp;<br \/>M\u00e9rete: 42x28x16cm&nbsp;<br \/>&nbsp;<br \/>K\u00e9zi utas\u00edt\u00e1sok&nbsp;<br \/>&nbsp;<br \/>\ud83d\udcccA f\u0151szerepl\u0151 term\u00e9szete&nbsp;<br \/>&nbsp;<br \/>Bemutatjuk b\u00fcszke kollekci\u00f3nkat, a \u201eRAMBOM Car\u201d-t, amit nem szabad kihagyni.&nbsp;<br \/>&nbsp;<br \/>Az ig\u00e9nyes 14 \u00e9v feletti koroszt\u00e1lyt szem el\u0151tt tartva tervezett term\u00e9k\u00fcnk megalkuv\u00e1s n\u00e9lk\u00fcl autentikus \u00e9lm\u00e9nyt \u00edg\u00e9r, amelyt\u0151l el\u00e1ll a l\u00e9legzeted. K\u00e9sz\u00fclj\u00f6n fel a motorok felp\u00f6rget\u00e9s\u00e9re \u00e9s minden kih\u00edv\u00e1s lek\u00fczd\u00e9s\u00e9re a RAMBOM Car seg\u00edts\u00e9g\u00e9vel \u2013 a technol\u00f3giailag fejlett alkot\u00e1sok gy\u0171jtem\u00e9ny\u00e9nek t\u00f6k\u00e9letes kieg\u00e9sz\u00edt\u0151je.<\/div>","protected":false},"excerpt":{"rendered":"<p>M\u00e1rka: K-Box<br \/>\nNem: Uniszex<br \/>\nKorhat\u00e1r: 14 \u00e9v felett<br \/>\nModellsz\u00e1m: 10517<br \/>\nBesorol\u00e1s: \u00d6sszeszerel\u00e9s<br \/>\nM\u0171anyag blokk forma: \u00f6nz\u00e1r\u00f3 t\u00e9gla<br \/>\nAnyaga: M\u0171anyag<br \/>\nM\u0171anyag t\u00edpus: ABS<br \/>\nT\u00e9gla T\u00e9gla: 2830 +<br \/>\nCsak be\u00e1ll\u00edtva<br \/>\nEredeti doboza nincs<\/p>","protected":false},"featured_media":43337,"comment_status":"open","ping_status":"closed","template":"","meta":{"_acf_changed":false},"product_cat":[1360,1357,364],"product_tag":[457,11615,389,11080],"class_list":["product","first","instock","shipping-taxable","purchasable","product-type-simple"],"acf":[],"_links":{"self":[{"href":"https:\/\/mouldking.store\/hu\/wp-json\/wp\/v2\/product\/43343","targetHints":{"allow":["GET"]}}],"collection":[{"href":"https:\/\/mouldking.store\/hu\/wp-json\/wp\/v2\/product"}],"about":[{"href":"https:\/\/mouldking.store\/hu\/wp-json\/wp\/v2\/types\/product"}],"replies":[{"embeddable":true,"href":"https:\/\/mouldking.store\/hu\/wp-json\/wp\/v2\/comments?post=43343"}],"wp:featuredmedia":[{"embeddable":true,"href":"https:\/\/mouldking.store\/hu\/wp-json\/wp\/v2\/media\/43337"}],"wp:attachment":[{"href":"https:\/\/mouldking.store\/hu\/wp-json\/wp\/v2\/media?parent=43343"}],"wp:term":[{"taxonomy":"product_cat","embeddable":true,"href":"https:\/\/mouldking.store\/hu\/wp-json\/wp\/v2\/product_cat?post=43343"},{"taxonomy":"product_tag","embeddable":true,"href":"https:\/\/mouldking.store\/hu\/wp-json\/wp\/v2\/product_tag?post=43343"}],"curies":[{"name":"wp","href":"https:\/\/api.w.org\/{rel}","templated":true}]}}