{"id":43349,"date":"2023-03-22T10:55:43","date_gmt":"2023-03-22T03:55:43","guid":{"rendered":"https:\/\/mouldking.store\/shop\/jaki-8215-1988s-retro-boombox-with-500-pieces\/"},"modified":"2023-03-22T10:55:43","modified_gmt":"2023-03-22T03:55:43","slug":"jaki-8215-1988s-retro-boombox-with-500-pieces","status":"publish","type":"product","link":"https:\/\/mouldking.store\/hu\/shop\/jaki-8215-1988s-retro-boombox-with-500-pieces\/","title":{"rendered":"JAKI 8215 1988S Retro Boombox with 500 Pieces"},"content":{"rendered":"<div>\u2705 JAKI 8215 1988S Retro Boombox&nbsp;<br \/>&nbsp;<br \/>\u2705A 1988S retro boombox is a portable music player that was popular during the late 1980s and early 1990s. It typically features a box-shaped design with built-in speakers, a radio tuner, and a cassette tape deck. The term &#8220;boombox&#8221; refers to the loud, powerful sound that the device is capable of producing.<br \/>&nbsp;<br \/>\ud83d\udeab FONTOS!&nbsp;<br \/>&nbsp;<br \/>Product Name: Retro Boombox&nbsp;<br \/>&nbsp;<br \/>Kateg\u00f3ria: Alkot\u00f3&nbsp;<br \/>&nbsp;<br \/>This Kit Contains: JAKI 8215<br \/>&nbsp;<br \/>500 db j\u00f3 min\u0151s\u00e9g\u0171 t\u00e9gla&nbsp;<br \/>&nbsp;<br \/>Size:&nbsp; 8.8 \u00d7 2.4 \u00d7 6.4 cm<br \/>&nbsp;<br \/>K\u00e9zi utas\u00edt\u00e1sok&nbsp;<br \/>&nbsp;<br \/>\ud83d\udcccA f\u0151szerepl\u0151 term\u00e9szete&nbsp;<br \/>&nbsp;<br \/>Introducing our proud collection named \u201cRetro Boombox \u201d you should not miss.&nbsp;<br \/>&nbsp;<br \/>The 1988S retro boombox is often characterized by its retro design, which includes bright colors, bold graphics, and an overall aesthetic that is reminiscent of the 1980s. The device was popular among young people at the time, who used it to play music at parties, on the beach, or while hanging out with friends.<\/div>","protected":false},"excerpt":{"rendered":"<p>M\u00e1rka: JAKI<br \/>\nNem: Uniszex<br \/>\nKoroszt\u00e1ly: 8 \u00e9v felett<br \/>\nModel Number: 8215<br \/>\nBesorol\u00e1s: \u00d6sszeszerel\u00e9s<br \/>\nM\u0171anyag blokk forma: \u00f6nz\u00e1r\u00f3 t\u00e9gla<br \/>\nAnyaga: M\u0171anyag<br \/>\nM\u0171anyag t\u00edpus: ABS<br \/>\nT\u00e9gla T\u00e9gla: 500+<br \/>\nEredeti doboza nincs<br \/>\nA darabok v\u00e1ltozhatnak<\/p>","protected":false},"featured_media":43344,"comment_status":"open","ping_status":"closed","template":"","meta":{"_acf_changed":false},"product_cat":[1365,371],"product_tag":[11616,11617,11072,8452,11618,7457],"class_list":["product","first","instock","shipping-taxable","purchasable","product-type-simple"],"acf":[],"_links":{"self":[{"href":"https:\/\/mouldking.store\/hu\/wp-json\/wp\/v2\/product\/43349","targetHints":{"allow":["GET"]}}],"collection":[{"href":"https:\/\/mouldking.store\/hu\/wp-json\/wp\/v2\/product"}],"about":[{"href":"https:\/\/mouldking.store\/hu\/wp-json\/wp\/v2\/types\/product"}],"replies":[{"embeddable":true,"href":"https:\/\/mouldking.store\/hu\/wp-json\/wp\/v2\/comments?post=43349"}],"wp:featuredmedia":[{"embeddable":true,"href":"https:\/\/mouldking.store\/hu\/wp-json\/wp\/v2\/media\/43344"}],"wp:attachment":[{"href":"https:\/\/mouldking.store\/hu\/wp-json\/wp\/v2\/media?parent=43349"}],"wp:term":[{"taxonomy":"product_cat","embeddable":true,"href":"https:\/\/mouldking.store\/hu\/wp-json\/wp\/v2\/product_cat?post=43349"},{"taxonomy":"product_tag","embeddable":true,"href":"https:\/\/mouldking.store\/hu\/wp-json\/wp\/v2\/product_tag?post=43349"}],"curies":[{"name":"wp","href":"https:\/\/api.w.org\/{rel}","templated":true}]}}