{"id":43366,"date":"2023-03-22T11:29:20","date_gmt":"2023-03-22T04:29:20","guid":{"rendered":"https:\/\/mouldking.store\/shop\/micro-cosmos-mc-02-riki-oh-devastator-with-2000-pieces\/"},"modified":"2023-03-22T11:29:20","modified_gmt":"2023-03-22T04:29:20","slug":"micro-cosmos-mc-02-riki-oh-devastator-with-2000-pieces","status":"publish","type":"product","link":"https:\/\/mouldking.store\/hu\/shop\/micro-cosmos-mc-02-riki-oh-devastator-with-2000-pieces\/","title":{"rendered":"MICRO COSMOS MC-02 RIKI-OH Devastator 2000 darabbal"},"content":{"rendered":"<div>\u2705MICRO COSMOS MC-02 RIKI-OH Devastator<br \/>&nbsp;<br \/>\u2705RIKI-OH Devastator egy robotj\u00e1t\u00e9k a jap\u00e1n MICRO COSMOS MC-02 j\u00e1t\u00e9kcsal\u00e1db\u00f3l. A \u201eRiki-Oh: The Story of Ricky\u201d jap\u00e1n manga- \u00e9s animesorozat Riki-Oh karakter\u00e9n alapul.<br \/>&nbsp;<br \/>\ud83d\udeab FONTOS!&nbsp;<br \/>&nbsp;<br \/>Term\u00e9kn\u00e9v: RIKI-OH Devastator<br \/>&nbsp;<br \/>Kateg\u00f3ria: Alkot\u00f3&nbsp;<br \/>&nbsp;<br \/>A k\u00e9szlet tartalma: MICRO COSMOS MC-02 (A+B+C)<br \/>&nbsp;<br \/>2000 db J\u00f3 min\u0151s\u00e9g\u0171 t\u00e9gla&nbsp;<br \/>&nbsp;<br \/>M\u00e9rete: 17 cm<br \/>&nbsp;<br \/>K\u00e9zi utas\u00edt\u00e1sok&nbsp;<br \/>&nbsp;<br \/>\ud83d\udcccA f\u0151szerepl\u0151 term\u00e9szete&nbsp;<br \/>&nbsp;<br \/>Bemutatjuk b\u00fcszke kollekci\u00f3nkat, a \u201eRIKI-OH Devastator\u201d-t, amit nem szabad kihagyni.&nbsp;<br \/>&nbsp;<br \/>A RIKI-OH Devastator j\u00e1t\u00e9k egy nagyon artikul\u00e1lt \u00e9s poz\u00edcion\u00e1lhat\u00f3 akci\u00f3figura, amelynek k\u00fcl\u00f6nb\u00f6z\u0151 artikul\u00e1ci\u00f3s pontjai sokf\u00e9le dinamikus p\u00f3zt tesznek lehet\u0151v\u00e9. A figura kiv\u00e1l\u00f3 min\u0151s\u00e9g\u0171 m\u0171anyagb\u00f3l k\u00e9sz\u00fclt, \u00e9s k\u00fcl\u00f6nf\u00e9le kieg\u00e9sz\u00edt\u0151kkel, p\u00e9ld\u00e1ul cser\u00e9lhet\u0151 kezekkel, fegyverekkel \u00e9s effektalkatr\u00e9szekkel \u00e9rkezik. A robot jellegzetes piros \u00e9s fekete sz\u00ednvil\u00e1ggal \u00e9s terjedelmes, izmos kialak\u00edt\u00e1ssal rendelkezik. A jobb karj\u00e1n egy nagy \u00e1gy\u00fa is tal\u00e1lhat\u00f3, ami tov\u00e1bb fokozza impoz\u00e1ns megjelen\u00e9s\u00e9t. A RIKI-OH Devastator j\u00e1t\u00e9kot a mecha \u00e9s az anime gy\u0171jt\u0151inek \u00e9s rajong\u00f3inak tervezt\u00e9k, \u00e9s gyakran keresik azok, akik \u00e9rt\u00e9kelik a kiv\u00e1l\u00f3 min\u0151s\u00e9g\u0171 jap\u00e1n robotj\u00e1t\u00e9kokat.<\/div>","protected":false},"excerpt":{"rendered":"<p>M\u00e1rka: MICRO COSMOS<br \/>\nNem: Uniszex<br \/>\nKoroszt\u00e1ly: &gt; 6 \u00e9v<br \/>\nModellsz\u00e1m: MC-02<br \/>\nBesorol\u00e1s: \u00d6sszeszerel\u00e9s<br \/>\nM\u0171anyag blokk forma: \u00f6nz\u00e1r\u00f3 t\u00e9gla<br \/>\nAnyaga: M\u0171anyag<br \/>\nM\u0171anyag t\u00edpus: ABS<br \/>\nT\u00e9gla blokkok: 2000+<br \/>\nA darabok v\u00e1ltozhatnak<br \/>\nEredeti doboza nincs<\/p>","protected":false},"featured_media":43361,"comment_status":"open","ping_status":"closed","template":"","meta":{"_acf_changed":false},"product_cat":[1365,371],"product_tag":[11072,8452,11621,11620,590],"class_list":["product","first","instock","shipping-taxable","purchasable","product-type-simple"],"acf":[],"_links":{"self":[{"href":"https:\/\/mouldking.store\/hu\/wp-json\/wp\/v2\/product\/43366","targetHints":{"allow":["GET"]}}],"collection":[{"href":"https:\/\/mouldking.store\/hu\/wp-json\/wp\/v2\/product"}],"about":[{"href":"https:\/\/mouldking.store\/hu\/wp-json\/wp\/v2\/types\/product"}],"replies":[{"embeddable":true,"href":"https:\/\/mouldking.store\/hu\/wp-json\/wp\/v2\/comments?post=43366"}],"wp:featuredmedia":[{"embeddable":true,"href":"https:\/\/mouldking.store\/hu\/wp-json\/wp\/v2\/media\/43361"}],"wp:attachment":[{"href":"https:\/\/mouldking.store\/hu\/wp-json\/wp\/v2\/media?parent=43366"}],"wp:term":[{"taxonomy":"product_cat","embeddable":true,"href":"https:\/\/mouldking.store\/hu\/wp-json\/wp\/v2\/product_cat?post=43366"},{"taxonomy":"product_tag","embeddable":true,"href":"https:\/\/mouldking.store\/hu\/wp-json\/wp\/v2\/product_tag?post=43366"}],"curies":[{"name":"wp","href":"https:\/\/api.w.org\/{rel}","templated":true}]}}