{"id":43369,"date":"2023-03-22T11:45:09","date_gmt":"2023-03-22T04:45:09","guid":{"rendered":"https:\/\/mouldking.store\/shop\/dk-1516-demon-slayer-kamado-tanjirou-sun-wheel-knife-with-759-pieces\/"},"modified":"2023-03-22T11:45:09","modified_gmt":"2023-03-22T04:45:09","slug":"dk-1516-demon-slayer-kamado-tanjirou-sun-wheel-knife-with-759-pieces","status":"publish","type":"product","link":"https:\/\/mouldking.store\/hu\/shop\/dk-1516-demon-slayer-kamado-tanjirou-sun-wheel-knife-with-759-pieces\/","title":{"rendered":"DK 1516 Demon Slayer: Kamado Tanjirou Sun Wheel k\u00e9s 759 darabbal"},"content":{"rendered":"<div>\u2705 DK 1516 Demon Slayer: Kamado Tanjirou Sun Wheel Knife<br \/>&nbsp;<br \/>\u2705The Kamado Tanjirou Sun Wheel Knife is a fictional weapon from the popular Japanese manga and anime series &#8220;Demon Slayer&#8221; (Kimetsu no Yaiba). The knife is wielded by the main protagonist, Kamado Tanjirou, who uses it in his battles against the demonic creatures known as &#8220;Oni.&#8221;<br \/>&nbsp;<br \/>\ud83d\udeab FONTOS!&nbsp;<br \/>&nbsp;<br \/>Product Name: Demon Slayer: Kamado Tanjirou Sun Wheel Knife<br \/>&nbsp;<br \/>Kateg\u00f3ria: Alkot\u00f3&nbsp;<br \/>&nbsp;<br \/>This Kit Contains: DK 1516<br \/>&nbsp;<br \/>759 pcs Good Quality Bricks&nbsp;<br \/>&nbsp;<br \/>Size: 99.7 \u00d7 14.5 cm<br \/>&nbsp;<br \/>K\u00e9zi utas\u00edt\u00e1sok&nbsp;<br \/>&nbsp;<br \/>\ud83d\udcccA f\u0151szerepl\u0151 term\u00e9szete&nbsp;<br \/>&nbsp;<br \/>Introducing our proud collection named \u201cDemon Slayer: Kamado Tanjirou Sun Wheel Knife\u201d you should not miss.&nbsp;<br \/>&nbsp;<br \/>The Sun Wheel Knife has a distinctive design, with a circular blade that resembles a sun with spikes around its edge. The blade is made of a special metal that can harm the Oni, and it is said to be especially effective against their tough hides. In the story, the Sun Wheel Knife is passed down through Tanjirou&#8217;s family and is one of the few weapons capable of defeating the Oni. It is also a symbol of Tanjirou&#8217;s determination and resolve in his quest to protect his loved ones and restore his sister&#8217;s humanity.<\/div>","protected":false},"excerpt":{"rendered":"<p>M\u00e1rka: DK<br \/>\nNem: Uniszex<br \/>\nKoroszt\u00e1ly: &gt; 6 \u00e9v<br \/>\nModel Number: 1516<br \/>\nBesorol\u00e1s: \u00d6sszeszerel\u00e9s<br \/>\nM\u0171anyag blokk forma: \u00f6nz\u00e1r\u00f3 t\u00e9gla<br \/>\nAnyaga: M\u0171anyag<br \/>\nM\u0171anyag t\u00edpus: ABS<br \/>\nBricks Blocks: 759 +<br \/>\nEredeti doboza nincs<\/p>","protected":false},"featured_media":43367,"comment_status":"open","ping_status":"closed","template":"","meta":{"_acf_changed":false},"product_cat":[1365,371,581,1408],"product_tag":[11072,8452,2977,11622,7828,434,11623,11379],"class_list":["product","first","instock","shipping-taxable","purchasable","product-type-simple"],"acf":[],"_links":{"self":[{"href":"https:\/\/mouldking.store\/hu\/wp-json\/wp\/v2\/product\/43369","targetHints":{"allow":["GET"]}}],"collection":[{"href":"https:\/\/mouldking.store\/hu\/wp-json\/wp\/v2\/product"}],"about":[{"href":"https:\/\/mouldking.store\/hu\/wp-json\/wp\/v2\/types\/product"}],"replies":[{"embeddable":true,"href":"https:\/\/mouldking.store\/hu\/wp-json\/wp\/v2\/comments?post=43369"}],"wp:featuredmedia":[{"embeddable":true,"href":"https:\/\/mouldking.store\/hu\/wp-json\/wp\/v2\/media\/43367"}],"wp:attachment":[{"href":"https:\/\/mouldking.store\/hu\/wp-json\/wp\/v2\/media?parent=43369"}],"wp:term":[{"taxonomy":"product_cat","embeddable":true,"href":"https:\/\/mouldking.store\/hu\/wp-json\/wp\/v2\/product_cat?post=43369"},{"taxonomy":"product_tag","embeddable":true,"href":"https:\/\/mouldking.store\/hu\/wp-json\/wp\/v2\/product_tag?post=43369"}],"curies":[{"name":"wp","href":"https:\/\/api.w.org\/{rel}","templated":true}]}}