{"id":43398,"date":"2023-03-24T10:29:27","date_gmt":"2023-03-24T03:29:27","guid":{"rendered":"https:\/\/mouldking.store\/shop\/pantasy-86205-astro-boy-awakening-moment-with-1500-pieces\/"},"modified":"2023-03-24T10:29:27","modified_gmt":"2023-03-24T03:29:27","slug":"pantasy-86205-astro-boy-awakening-moment-with-1500-pieces","status":"publish","type":"product","link":"https:\/\/mouldking.store\/hu\/shop\/pantasy-86205-astro-boy-awakening-moment-with-1500-pieces\/","title":{"rendered":"Pantasy 86205 Astro Boy Awakening Moment 1500 darabbal"},"content":{"rendered":"<div>\u2705 Pantasy 86205 Astro Boy Awakening Moment<br \/>&nbsp;<br \/>\u2705Astro Boy, m\u00e1s n\u00e9ven Tetsuwan Atomu Jap\u00e1nban, egy kital\u00e1lt karakter, egy manga \u00e9s anime sorozat f\u0151szerepl\u0151je, amelyet Osamu Tezuka k\u00e9sz\u00edtett. Az Astro Boy egy robotfi\u00fa, akit egy Dr. Tenma nev\u0171 brili\u00e1ns tud\u00f3s alkotott meg, hogy helyettes\u00edtse elhunyt fi\u00e1t. Az Astro Boy aranysz\u00edv\u0171, \u00e9s er\u0151s igazs\u00e1g\u00e9rzettel \u00e9s m\u00e1sokon seg\u00edteni akar\u00e1ssal van programozva. Sz\u00e1mos emberfeletti k\u00e9pess\u00e9ggel rendelkezik, bele\u00e9rtve a rep\u00fcl\u00e9st, a szuperer\u0151t \u00e9s egy er\u0151teljes energiasugarat, amelyet az ujjbegy\u00e9b\u0151l tud kil\u0151ni.<br \/>&nbsp;<br \/>\ud83d\udeab FONTOS!&nbsp;<br \/>&nbsp;<br \/>Term\u00e9k neve: Astro Boy Awakening Moment<br \/>&nbsp;<br \/>Kateg\u00f3ria: Film<br \/>&nbsp;<br \/>A k\u00e9szlet tartalma: Pantasy 86205&nbsp;<br \/>&nbsp;<br \/>1500 db j\u00f3 min\u0151s\u00e9g\u0171 t\u00e9gla&nbsp;<br \/>&nbsp;<br \/>M\u00e9rete: 30,7 \u00d7 24 \u00d7 25 cm<br \/>&nbsp;<br \/>K\u00e9zi utas\u00edt\u00e1sok&nbsp;<br \/>&nbsp;<br \/>\ud83d\udcccA f\u0151szerepl\u0151 term\u00e9szete&nbsp;<br \/>&nbsp;<br \/>Bemutatjuk az \u201eAstro Boy Awakening Moment\u201d nev\u0171 b\u00fcszke kollekci\u00f3nkat, amit nem \u00e9rdemes kihagyni.&nbsp;<br \/>&nbsp;<br \/>Az Astro Boy jellegzetes diz\u00e1jnj\u00e1r\u00f3l ismert, amelynek eleg\u00e1ns, futurisztikus megjelen\u00e9se nagy szemekkel \u00e9s kicsi, kerek orral rendelkezik. Jellemz\u0151en piros \u00e9s k\u00e9k ruh\u00e1t visel, \u00e9s gyakran \u00e1br\u00e1zolj\u00e1k rak\u00e9tacsomaggal a h\u00e1t\u00e1n, amely lehet\u0151v\u00e9 teszi sz\u00e1m\u00e1ra, hogy \u00e1trep\u00fclj\u00f6n a leveg\u0151ben.<\/div>","protected":false},"excerpt":{"rendered":"<p>M\u00e1rka: Pantasy<br \/>\nNem: Uniszex<br \/>\nKoroszt\u00e1ly: &gt; 6 \u00e9v<br \/>\nModellsz\u00e1m: 86205<br \/>\nBesorol\u00e1s: \u00d6sszeszerel\u00e9s<br \/>\nM\u0171anyag blokk forma: \u00f6nz\u00e1r\u00f3 t\u00e9gla<br \/>\nAnyaga: M\u0171anyag<br \/>\nM\u0171anyag t\u00edpus: ABS<br \/>\nT\u00e9gla T\u00e9gla: 1500+<br \/>\nEredeti doboza nincs<\/p>","protected":false},"featured_media":43393,"comment_status":"open","ping_status":"closed","template":"","meta":{"_acf_changed":false},"product_cat":[1365,371,581,1408],"product_tag":[7487,11626,11072,8452,434],"class_list":["product","first","instock","shipping-taxable","purchasable","product-type-simple"],"acf":[],"_links":{"self":[{"href":"https:\/\/mouldking.store\/hu\/wp-json\/wp\/v2\/product\/43398","targetHints":{"allow":["GET"]}}],"collection":[{"href":"https:\/\/mouldking.store\/hu\/wp-json\/wp\/v2\/product"}],"about":[{"href":"https:\/\/mouldking.store\/hu\/wp-json\/wp\/v2\/types\/product"}],"replies":[{"embeddable":true,"href":"https:\/\/mouldking.store\/hu\/wp-json\/wp\/v2\/comments?post=43398"}],"wp:featuredmedia":[{"embeddable":true,"href":"https:\/\/mouldking.store\/hu\/wp-json\/wp\/v2\/media\/43393"}],"wp:attachment":[{"href":"https:\/\/mouldking.store\/hu\/wp-json\/wp\/v2\/media?parent=43398"}],"wp:term":[{"taxonomy":"product_cat","embeddable":true,"href":"https:\/\/mouldking.store\/hu\/wp-json\/wp\/v2\/product_cat?post=43398"},{"taxonomy":"product_tag","embeddable":true,"href":"https:\/\/mouldking.store\/hu\/wp-json\/wp\/v2\/product_tag?post=43398"}],"curies":[{"name":"wp","href":"https:\/\/api.w.org\/{rel}","templated":true}]}}