{"id":43412,"date":"2023-03-24T10:51:06","date_gmt":"2023-03-24T03:51:06","guid":{"rendered":"https:\/\/mouldking.store\/shop\/moc-factory-133774-sentry-scrounger-from-horizon-forbidden-west-with-881-pieces\/"},"modified":"2025-12-16T22:25:07","modified_gmt":"2025-12-16T15:25:07","slug":"moc-factory-133774-sentry-scrounger-from-horizon-forbidden-west-with-881-pieces","status":"publish","type":"product","link":"https:\/\/mouldking.store\/hu\/shop\/moc-factory-133774-sentry-scrounger-from-horizon-forbidden-west-with-881-pieces\/","title":{"rendered":"MOC Factory 133774 Sentry Scrounger from Horizon: Forbidden West with 881 Pieces"},"content":{"rendered":"<div>\u2705 MOC-133774 Sentry Scrounger from Horizon: Forbidden West<\/p>\n<p>\u2705Horizon: Forbidden West is an action role-playing game developed by Guerrilla Games and set to be released in February 2022 for the PlayStation 4 and PlayStation 5 consoles. The game is a sequel to Horizon Zero Dawn and is set in a post-apocalyptic world where humans and machines coexist, but are threatened by a new threat.<\/p>\n<p>\ud83d\udeab FONTOS!<\/p>\n<p>Product Name: Sentry Scrounger from Horizon: Forbidden West<\/p>\n<p>Kateg\u00f3ria: Film<\/p>\n<p>This Kit Contains: C9348<\/p>\n<p>881&nbsp; pcs Good Quality Bricks<\/p>\n<p>Size: 34 x 14 x 28 cm<\/p>\n<p>Weight: 0.45 kg<\/p>\n<p>PDF \u00datmutat\u00f3<\/p>\n<p>\ud83d\udcccA f\u0151szerepl\u0151 term\u00e9szete<\/p>\n<p>Introducing our proud collection named \u201cSentry Scrounger from Horizon: Forbidden West\u201d you should not miss.<\/p>\n<p>The Scrounger is a machine in Horizon Forbidden West. It is a small Acquisition class machine very similar in appearance and function to Scrappers and quickly tears off pieces of dead machines for gathering and recycling of resources. It is equipped with offensive weaponry to be used against threats.<\/p><\/div>","protected":false},"excerpt":{"rendered":"<p>M\u00e1rka: MOC Factory<br \/>\nNem: Uniszex<br \/>\nKoroszt\u00e1ly: &gt; 6 \u00e9v<br \/>\nModel Number: 133774<br \/>\nBesorol\u00e1s: \u00d6sszeszerel\u00e9s<br \/>\nM\u0171anyag blokk forma: \u00f6nz\u00e1r\u00f3 t\u00e9gla<br \/>\nAnyaga: M\u0171anyag<br \/>\nM\u0171anyag t\u00edpus: ABS<br \/>\nBricks Blocks: 881 +<br \/>\nEredeti doboza nincs<\/p>","protected":false},"featured_media":43409,"comment_status":"open","ping_status":"closed","template":"","meta":{"_acf_changed":false},"product_cat":[1365,371,581,1408],"product_tag":[11072,8452,9815,8168,434,11627,8833,8965],"class_list":["product","first","instock","shipping-taxable","purchasable","product-type-simple"],"acf":[],"_links":{"self":[{"href":"https:\/\/mouldking.store\/hu\/wp-json\/wp\/v2\/product\/43412","targetHints":{"allow":["GET"]}}],"collection":[{"href":"https:\/\/mouldking.store\/hu\/wp-json\/wp\/v2\/product"}],"about":[{"href":"https:\/\/mouldking.store\/hu\/wp-json\/wp\/v2\/types\/product"}],"replies":[{"embeddable":true,"href":"https:\/\/mouldking.store\/hu\/wp-json\/wp\/v2\/comments?post=43412"}],"wp:featuredmedia":[{"embeddable":true,"href":"https:\/\/mouldking.store\/hu\/wp-json\/wp\/v2\/media\/43409"}],"wp:attachment":[{"href":"https:\/\/mouldking.store\/hu\/wp-json\/wp\/v2\/media?parent=43412"}],"wp:term":[{"taxonomy":"product_cat","embeddable":true,"href":"https:\/\/mouldking.store\/hu\/wp-json\/wp\/v2\/product_cat?post=43412"},{"taxonomy":"product_tag","embeddable":true,"href":"https:\/\/mouldking.store\/hu\/wp-json\/wp\/v2\/product_tag?post=43412"}],"curies":[{"name":"wp","href":"https:\/\/api.w.org\/{rel}","templated":true}]}}