{"id":43425,"date":"2023-03-24T11:07:31","date_gmt":"2023-03-24T04:07:31","guid":{"rendered":"https:\/\/mouldking.store\/shop\/moc-factory-89429-titanfall-vanguard-class-titan-fs-1041-with-993-pieces\/"},"modified":"2025-12-16T22:25:07","modified_gmt":"2025-12-16T15:25:07","slug":"moc-factory-89429-titanfall-vanguard-class-titan-fs-1041-with-993-pieces","status":"publish","type":"product","link":"https:\/\/mouldking.store\/hu\/shop\/moc-factory-89429-titanfall-vanguard-class-titan-fs-1041-with-993-pieces\/","title":{"rendered":"MOC Factory 89429 Titanfall Vanguard oszt\u00e1ly\u00fa Titan FS-1041 993 darabbal"},"content":{"rendered":"<div>\u2705 MOC-89429 Titanfall Vanguard-Class Titan FS-1041<\/p>\n<p>\u2705In the video game Titanfall, the Vanguard-Class Titan FS-1041 is a type of giant robotic suit that players can pilot in combat. The Vanguard-Class is one of several types of Titans available in the game, and is notable for its versatility and flexibility in battle.<\/p>\n<p>\ud83d\udeab FONTOS!<\/p>\n<p>Product Name: Titanfall Vanguard-Class Titan FS-1041<\/p>\n<p>Kateg\u00f3ria: Film<\/p>\n<p>This Kit Contains:&nbsp; MOC-89429&nbsp;<\/p>\n<p>993 pcs Good Quality Bricks<\/p>\n<p>Size:&nbsp; 16 x 10 x 31.5 cm<\/p>\n<p>Weight: 0.45 kg<\/p>\n<p>PDF \u00datmutat\u00f3<\/p>\n<p>\ud83d\udcccA f\u0151szerepl\u0151 term\u00e9szete<\/p>\n<p>Introducing our proud collection named \u201cTitanfall Vanguard-Class Titan FS-1041\u201d you should not miss.<\/p>\n<p>The FS-1041 variant of the Vanguard-Class Titan is equipped with a variety of weapons and abilities, including a powerful shoulder-mounted laser cannon, a burst-fire rifle, and a missile barrage. The Titan also has the ability to dash and dodge incoming attacks, as well as deploy a defensive shield to protect itself and nearby allies.<\/p><\/div>","protected":false},"excerpt":{"rendered":"<p>M\u00e1rka: MOC Factory<br \/>\nNem: Uniszex<br \/>\nKoroszt\u00e1ly: &gt; 6 \u00e9v<br \/>\nModel Number: 89429<br \/>\nBesorol\u00e1s: \u00d6sszeszerel\u00e9s<br \/>\nM\u0171anyag blokk forma: \u00f6nz\u00e1r\u00f3 t\u00e9gla<br \/>\nAnyaga: M\u0171anyag<br \/>\nM\u0171anyag t\u00edpus: ABS<br \/>\nBricks Blocks: 993 +<br \/>\nEredeti doboza nincs<\/p>","protected":false},"featured_media":43420,"comment_status":"open","ping_status":"closed","template":"","meta":{"_acf_changed":false},"product_cat":[1365,371,581,1408],"product_tag":[11072,8452,434,8220,11446,11628],"class_list":["product","first","instock","shipping-taxable","purchasable","product-type-simple"],"acf":[],"_links":{"self":[{"href":"https:\/\/mouldking.store\/hu\/wp-json\/wp\/v2\/product\/43425","targetHints":{"allow":["GET"]}}],"collection":[{"href":"https:\/\/mouldking.store\/hu\/wp-json\/wp\/v2\/product"}],"about":[{"href":"https:\/\/mouldking.store\/hu\/wp-json\/wp\/v2\/types\/product"}],"replies":[{"embeddable":true,"href":"https:\/\/mouldking.store\/hu\/wp-json\/wp\/v2\/comments?post=43425"}],"wp:featuredmedia":[{"embeddable":true,"href":"https:\/\/mouldking.store\/hu\/wp-json\/wp\/v2\/media\/43420"}],"wp:attachment":[{"href":"https:\/\/mouldking.store\/hu\/wp-json\/wp\/v2\/media?parent=43425"}],"wp:term":[{"taxonomy":"product_cat","embeddable":true,"href":"https:\/\/mouldking.store\/hu\/wp-json\/wp\/v2\/product_cat?post=43425"},{"taxonomy":"product_tag","embeddable":true,"href":"https:\/\/mouldking.store\/hu\/wp-json\/wp\/v2\/product_tag?post=43425"}],"curies":[{"name":"wp","href":"https:\/\/api.w.org\/{rel}","templated":true}]}}