{"id":43430,"date":"2023-03-24T11:19:39","date_gmt":"2023-03-24T04:19:39","guid":{"rendered":"https:\/\/mouldking.store\/shop\/moc-factory-128963-imperial-fortress-pirates-series-with-3287-pieces\/"},"modified":"2025-12-16T22:25:07","modified_gmt":"2025-12-16T15:25:07","slug":"moc-factory-128963-imperial-fortress-pirates-series-with-3287-pieces","status":"publish","type":"product","link":"https:\/\/mouldking.store\/hu\/shop\/moc-factory-128963-imperial-fortress-pirates-series-with-3287-pieces\/","title":{"rendered":"MOC Factory 128963 Imperial Fortress Pirates sorozat 3287 darabbal"},"content":{"rendered":"<div>\u2705 MOC-128963 Imperial Fortress Pirates sorozat<\/p>\n<p>\u2705Az er\u0151dkal\u00f3zok olyan csoportok, amelyek arr\u00f3l ismertek, hogy megt\u00e1madj\u00e1k \u00e9s kifosztj\u00e1k az er\u0151sen meger\u0151s\u00edtett \u00e9p\u00edtm\u00e9nyeket, p\u00e9ld\u00e1ul kast\u00e9lyokat, er\u0151d\u00edtm\u00e9nyeket vagy m\u00e1s t\u00edpus\u00fa er\u0151d\u00edtett \u00e9p\u00fcleteket vagy telep\u00fcl\u00e9seket. Ezek a kal\u00f3zok speci\u00e1lis taktik\u00e1kat, fegyvereket vagy felszerel\u00e9seket haszn\u00e1lnak, hogy \u00e1tt\u00f6rj\u00e9k a v\u00e9delmet, \u00e9s hozz\u00e1f\u00e9rjenek \u00e9rt\u00e9kes er\u0151forr\u00e1sokhoz, p\u00e9ld\u00e1ul aranyhoz, fegyverekhez vagy egy\u00e9b kincsekhez.<\/p>\n<p>\ud83d\udeab FONTOS!<\/p>\n<p>Term\u00e9kn\u00e9v: Imperial Fortress Pirates Series<\/p>\n<p>Kateg\u00f3ria: Alkot\u00f3<\/p>\n<p>A k\u00e9szlet tartalma: C9214Y01<\/p>\n<p>3287 db J\u00f3 min\u0151s\u00e9g\u0171 t\u00e9gla<\/p>\n<p>M\u00e9rete: 60 x 51 x 51 cm<\/p>\n<p>S\u00faly: 2,58 kg<\/p>\n<p>PDF \u00datmutat\u00f3<\/p>\n<p>\ud83d\udcccA f\u0151szerepl\u0151 term\u00e9szete<\/p>\n<p>Bemutatjuk b\u00fcszke kollekci\u00f3nkat, az \u201eImperial Fortress Pirates Series\u201d nevet, amit nem \u00e9rdemes kihagyni.<\/p>\n<p>A \u201ebirodalmi er\u0151d\u201d egy er\u0151sen meger\u0151s\u00edtett \u00e9p\u00edtm\u00e9ny vagy komplexum, amely egy birodalmi korm\u00e1ny vagy birodalom tulajdon\u00e1ban van vagy ellen\u0151rz\u00e9se alatt \u00e1ll. Ez lehet kast\u00e9ly, er\u0151d, katonai b\u00e1zis vagy m\u00e1s t\u00edpus\u00fa er\u0151d, amelyet az ellens\u00e9ges t\u00e1mad\u00e1sok vagy inv\u00e1zi\u00f3k elleni v\u00e9delemre terveztek.<\/p><\/div>","protected":false},"excerpt":{"rendered":"<p>M\u00e1rka: MOC Factory<br \/>\nNem: Uniszex<br \/>\nKoroszt\u00e1ly: 8 \u00e9v felett<br \/>\nModellsz\u00e1m: 128963<br \/>\nBesorol\u00e1s: \u00d6sszeszerel\u00e9s<br \/>\nM\u0171anyag blokk forma: \u00f6nz\u00e1r\u00f3 t\u00e9gla<br \/>\nAnyaga: M\u0171anyag<br \/>\nM\u0171anyag t\u00edpus: ABS<br \/>\nT\u00e9gla T\u00e9gla: 3287 +<br \/>\nEredeti doboza nincs<\/p>","protected":false},"featured_media":43426,"comment_status":"open","ping_status":"closed","template":"","meta":{"_acf_changed":false},"product_cat":[1365,1395,371,390],"product_tag":[11072,8452,8659,392,2429],"class_list":["product","first","instock","shipping-taxable","purchasable","product-type-simple"],"acf":[],"_links":{"self":[{"href":"https:\/\/mouldking.store\/hu\/wp-json\/wp\/v2\/product\/43430","targetHints":{"allow":["GET"]}}],"collection":[{"href":"https:\/\/mouldking.store\/hu\/wp-json\/wp\/v2\/product"}],"about":[{"href":"https:\/\/mouldking.store\/hu\/wp-json\/wp\/v2\/types\/product"}],"replies":[{"embeddable":true,"href":"https:\/\/mouldking.store\/hu\/wp-json\/wp\/v2\/comments?post=43430"}],"wp:featuredmedia":[{"embeddable":true,"href":"https:\/\/mouldking.store\/hu\/wp-json\/wp\/v2\/media\/43426"}],"wp:attachment":[{"href":"https:\/\/mouldking.store\/hu\/wp-json\/wp\/v2\/media?parent=43430"}],"wp:term":[{"taxonomy":"product_cat","embeddable":true,"href":"https:\/\/mouldking.store\/hu\/wp-json\/wp\/v2\/product_cat?post=43430"},{"taxonomy":"product_tag","embeddable":true,"href":"https:\/\/mouldking.store\/hu\/wp-json\/wp\/v2\/product_tag?post=43430"}],"curies":[{"name":"wp","href":"https:\/\/api.w.org\/{rel}","templated":true}]}}