{"id":43441,"date":"2023-03-24T11:39:15","date_gmt":"2023-03-24T04:39:15","guid":{"rendered":"https:\/\/mouldking.store\/shop\/moc-factory-48514-separatist-transport-shuttle-with-1933-pieces\/"},"modified":"2025-12-16T22:25:07","modified_gmt":"2025-12-16T15:25:07","slug":"moc-factory-48514-separatist-transport-shuttle-with-1933-pieces","status":"publish","type":"product","link":"https:\/\/mouldking.store\/hu\/shop\/moc-factory-48514-separatist-transport-shuttle-with-1933-pieces\/","title":{"rendered":"MOC Factory 48514 szeparatista sz\u00e1ll\u00edt\u00f3 j\u00e1rat 1933 darabbal"},"content":{"rendered":"<div>\u2705 MOC-48514 Separatist Transport Shuttle<\/p>\n<p>\u2705In the Star Wars universe, Separatist Transport Shuttles were spacecraft used by the Confederacy of Independent Systems during the Clone Wars, a major conflict depicted in the Star Wars prequel trilogy. These shuttles were typically used to transport troops, droids, and supplies to different battlefronts.<\/p>\n<p>\ud83d\udeab FONTOS!<\/p>\n<p>Product Name: Separatist Transport Shuttle<\/p>\n<p>Kateg\u00f3ria: Star Wars<\/p>\n<p>This Kit Contains:&nbsp; MOC-48514&nbsp;<\/p>\n<p>1933 pcs Good Quality Bricks<\/p>\n<p>PDF \u00datmutat\u00f3<\/p>\n<p>\ud83d\udcccA f\u0151szerepl\u0151 term\u00e9szete<\/p>\n<p>Introducing our proud collection named \u201cSeparatist Transport Shuttle\u201d you should not miss.<\/p>\n<p>Separatist Transport Shuttles were designed with a sleek, angular shape and were heavily armed with laser cannons and other weapons. They were also equipped with advanced sensors and communication systems that allowed them to operate effectively in a variety of environments.<\/p><\/div>","protected":false},"excerpt":{"rendered":"<p>M\u00e1rka: MOC Factory<br \/>\nNem: Uniszex<br \/>\nKoroszt\u00e1ly: &gt; 12 \u00e9ves<br \/>\nModel Number: 48514<br \/>\nBesorol\u00e1s: \u00d6sszeszerel\u00e9s<br \/>\nM\u0171anyag blokk forma: \u00f6nz\u00e1r\u00f3 t\u00e9gla<br \/>\nAnyaga: M\u0171anyag<br \/>\nM\u0171anyag t\u00edpus: ABS<br \/>\nBricks Blocks: 1933 +<br \/>\nRendel\u00e9si id\u0151: 4-8 h\u00e9t<\/p>","protected":false},"featured_media":43438,"comment_status":"open","ping_status":"closed","template":"","meta":{"_acf_changed":false},"product_cat":[1350,1357,372,581,415,364,1408],"product_tag":[374,434,11629,9235,436,389,11222],"class_list":["product","first","instock","shipping-taxable","purchasable","product-type-simple"],"acf":[],"_links":{"self":[{"href":"https:\/\/mouldking.store\/hu\/wp-json\/wp\/v2\/product\/43441","targetHints":{"allow":["GET"]}}],"collection":[{"href":"https:\/\/mouldking.store\/hu\/wp-json\/wp\/v2\/product"}],"about":[{"href":"https:\/\/mouldking.store\/hu\/wp-json\/wp\/v2\/types\/product"}],"replies":[{"embeddable":true,"href":"https:\/\/mouldking.store\/hu\/wp-json\/wp\/v2\/comments?post=43441"}],"wp:featuredmedia":[{"embeddable":true,"href":"https:\/\/mouldking.store\/hu\/wp-json\/wp\/v2\/media\/43438"}],"wp:attachment":[{"href":"https:\/\/mouldking.store\/hu\/wp-json\/wp\/v2\/media?parent=43441"}],"wp:term":[{"taxonomy":"product_cat","embeddable":true,"href":"https:\/\/mouldking.store\/hu\/wp-json\/wp\/v2\/product_cat?post=43441"},{"taxonomy":"product_tag","embeddable":true,"href":"https:\/\/mouldking.store\/hu\/wp-json\/wp\/v2\/product_tag?post=43441"}],"curies":[{"name":"wp","href":"https:\/\/api.w.org\/{rel}","templated":true}]}}