{"id":43450,"date":"2023-03-24T11:57:36","date_gmt":"2023-03-24T04:57:36","guid":{"rendered":"https:\/\/mouldking.store\/shop\/moc-factory-90066-42066-c-model-battleship-with-916-pieces\/"},"modified":"2025-12-16T22:25:07","modified_gmt":"2025-12-16T15:25:07","slug":"moc-factory-90066-42066-c-model-battleship-with-916-pieces","status":"publish","type":"product","link":"https:\/\/mouldking.store\/hu\/shop\/moc-factory-90066-42066-c-model-battleship-with-916-pieces\/","title":{"rendered":"MOC Factory 90066 42066 C-modell BATTLESHIP 916 darabbal"},"content":{"rendered":"<div>\u2705 MOC-90066 42066 C-modell BATTLESHIP<\/p>\n<p>\u270542066 egy brickTechnic k\u00e9szlet, amely 2017-ben jelent meg. A k\u00e9szlet r\u00e9szeit \u00e9s utas\u00edt\u00e1sait tartalmazza egy t\u00e1vir\u00e1ny\u00edt\u00f3s (RC) l\u00e1nctalpas j\u00e1rm\u0171 elk\u00e9sz\u00edt\u00e9s\u00e9hez, amely a k\u00e9szlet f\u0151 modellje. A k\u00e9szlet azonban utas\u00edt\u00e1sokat \u00e9s kieg\u00e9sz\u00edt\u0151 elemeket is tartalmaz a C-modell elk\u00e9sz\u00edt\u00e9s\u00e9hez, amely egy alternat\u00edv modell, amely ugyanazon alkatr\u00e9szk\u00e9szletb\u0151l \u00e9p\u00edthet\u0151.<\/p>\n<p>\ud83d\udeab FONTOS!<\/p>\n<p>Term\u00e9kn\u00e9v: 42066 C-modell BATTLESHIP<\/p>\n<p>Kateg\u00f3ria: M\u0171szaki<\/p>\n<p>A k\u00e9szlet tartalma: MOC-90066&nbsp;<\/p>\n<p>916 db J\u00f3 min\u0151s\u00e9g\u0171 t\u00e9gla<\/p>\n<p>PDF \u00datmutat\u00f3<\/p>\n<p>\ud83d\udcccA f\u0151szerepl\u0151 term\u00e9szete<\/p>\n<p>Bemutatjuk b\u00fcszke kollekci\u00f3nkat, a \u201e42066 C-model BATTLESHIP\u201d n\u00e9vre keresztelt kollekci\u00f3nkat, amit \u00e9rdemes kihagyni.<\/p>\n<p>A 42066-os C-modell egy csatahaj\u00f3, amely egyfajta haditenger\u00e9szeti hadihaj\u00f3 er\u0151sen p\u00e1nc\u00e9lozott haj\u00f3testtel \u00e9s nagy kaliber\u0171 \u00e1gy\u00fakkal. A csatahaj\u00f3 C-modellt \u00fagy tervezt\u00e9k, hogy az RC l\u00e1nctalpas j\u00e1rm\u0171vel megegyez\u0151 alkatr\u00e9szk\u00e9szletb\u0151l k\u00e9sz\u00fclj\u00f6n, \u00e9s n\u00e9mi sz\u00e9tszerel\u00e9st \u00e9s a f\u0151 modell alkatr\u00e9szeinek \u00fajrakonfigur\u00e1l\u00e1s\u00e1t ig\u00e9nyli. A csatahaj\u00f3 C-modell nem hivatalos t\u00e9gladiz\u00e1jn, sokkal ink\u00e1bb egy rajong\u00f3k \u00e1ltal k\u00e9sz\u00edtett alkot\u00e1s, amely a 42066-os k\u00e9szlet alkatr\u00e9szeinek felhaszn\u00e1l\u00e1s\u00e1val \u00e9p\u00edthet\u0151 meg.<\/p><\/div>","protected":false},"excerpt":{"rendered":"<p>M\u00e1rka: MOC Factory<br \/>\nNem: Uniszex<br \/>\nKoroszt\u00e1ly: &gt; 6 \u00e9v<br \/>\nModellsz\u00e1m: 90066<br \/>\nBesorol\u00e1s: \u00d6sszeszerel\u00e9s<br \/>\nM\u0171anyag blokk forma: \u00f6nz\u00e1r\u00f3 t\u00e9gla<br \/>\nAnyaga: M\u0171anyag<br \/>\nM\u0171anyag t\u00edpus: ABS<br \/>\nT\u00e9gla T\u00e9gla: 916 +<br \/>\nRendel\u00e9si id\u0151: 4-8 h\u00e9t<\/p>","protected":false},"featured_media":43448,"comment_status":"open","ping_status":"closed","template":"","meta":{"_acf_changed":false},"product_cat":[1357,364],"product_tag":[5703,389,11080],"class_list":["product","first","instock","shipping-taxable","purchasable","product-type-simple"],"acf":[],"_links":{"self":[{"href":"https:\/\/mouldking.store\/hu\/wp-json\/wp\/v2\/product\/43450","targetHints":{"allow":["GET"]}}],"collection":[{"href":"https:\/\/mouldking.store\/hu\/wp-json\/wp\/v2\/product"}],"about":[{"href":"https:\/\/mouldking.store\/hu\/wp-json\/wp\/v2\/types\/product"}],"replies":[{"embeddable":true,"href":"https:\/\/mouldking.store\/hu\/wp-json\/wp\/v2\/comments?post=43450"}],"wp:featuredmedia":[{"embeddable":true,"href":"https:\/\/mouldking.store\/hu\/wp-json\/wp\/v2\/media\/43448"}],"wp:attachment":[{"href":"https:\/\/mouldking.store\/hu\/wp-json\/wp\/v2\/media?parent=43450"}],"wp:term":[{"taxonomy":"product_cat","embeddable":true,"href":"https:\/\/mouldking.store\/hu\/wp-json\/wp\/v2\/product_cat?post=43450"},{"taxonomy":"product_tag","embeddable":true,"href":"https:\/\/mouldking.store\/hu\/wp-json\/wp\/v2\/product_tag?post=43450"}],"curies":[{"name":"wp","href":"https:\/\/api.w.org\/{rel}","templated":true}]}}