{"id":43467,"date":"2023-03-24T12:37:22","date_gmt":"2023-03-24T05:37:22","guid":{"rendered":"https:\/\/mouldking.store\/shop\/moc-factory-14123-the-lounge-10253-big-ben-alternate-model-modular-with-3802-pieces\/"},"modified":"2025-12-16T22:25:06","modified_gmt":"2025-12-16T15:25:06","slug":"moc-factory-14123-the-lounge-10253-big-ben-alternate-model-modular-with-3802-pieces","status":"publish","type":"product","link":"https:\/\/mouldking.store\/hu\/shop\/moc-factory-14123-the-lounge-10253-big-ben-alternate-model-modular-with-3802-pieces\/","title":{"rendered":"MOC Factory 14123 The Lounge (10253 Big Ben Alternate Model Modular) 3802 darabbal"},"content":{"rendered":"<div>\u2705 MOC-14123 The Lounge (10253 Big Ben Alternate Model Modular)<\/p>\n<p>\u2705A Lounge egy priv\u00e1t klub vagy t\u00e1rsalg\u00f3, amely gazdag vagy befoly\u00e1sos szem\u00e9lyeket szolg\u00e1l ki. Az ilyen t\u00edpus\u00fa t\u00e1rsalg\u00f3k gyakran k\u00edn\u00e1lnak olyan k\u00e9nyelmi eszk\u00f6z\u00f6ket, mint p\u00e9ld\u00e1ul a k\u00e9nyelmes \u00fcl\u0151helyek, finom \u00e9telek \u00e9s italok, valamint egy\u00e9b luxuscikkek, amelyek \u00e1ltal\u00e1ban nem el\u00e9rhet\u0151ek a nyilv\u00e1nos helyeken. H\u00e1l\u00f3zati lehet\u0151s\u00e9geket is k\u00edn\u00e1lhatnak, \u00e9s lehet\u0151s\u00e9get k\u00edn\u00e1lnak a tagoknak arra, hogy szocializ\u00e1l\u00f3djanak m\u00e1sokkal a t\u00e1rsadalmi vagy szakmai k\u00f6reikben.<\/p>\n<p>\ud83d\udeab FONTOS!<\/p>\n<p>Term\u00e9kn\u00e9v: The Lounge (10253 Big Ben Alternate Model Modular)<\/p>\n<p>Kateg\u00f3ria: Modul\u00e1ris \u00e9p\u00fclet<\/p>\n<p>A k\u00e9szlet tartalma: MOC-14123<\/p>\n<p>3802 db J\u00f3 min\u0151s\u00e9g\u0171 t\u00e9gla<\/p>\n<p>PDF \u00datmutat\u00f3<\/p>\n<p>\ud83d\udcccA f\u0151szerepl\u0151 term\u00e9szete<\/p>\n<p>Bemutatjuk a \u201eThe Lounge (10253 Big Ben Alternate Model Modular)\u201d nev\u0171 b\u00fcszke kollekci\u00f3nkat, amelyet nem szabad kihagyni.<\/p>\n<p>A Lounge egy olyan hely, ahov\u00e1 a fels\u0151bb oszt\u00e1lyok elj\u00f6nnek pihenni egy neh\u00e9z nap ut\u00e1n. Leny\u0171g\u00f6z\u0151 kil\u00e1t\u00e1ssal a tengerre \u00e9s az exkluzivit\u00e1s leny\u0171g\u00f6z\u0151 aur\u00e1j\u00e1val ez a cs\u00facskateg\u00f3ri\u00e1s modul\u00e1ris berendez\u00e9s minden v\u00e1ros f\u00e9nypontja lesz. Ez nagyszer\u0171 m\u00f3dja annak, hogy befejezze a h\u00e1zsort an\u00e9lk\u00fcl, hogy az unalmas \u00fatlemezekhez folyamodna.<\/p><\/div>","protected":false},"excerpt":{"rendered":"<p>M\u00e1rka: MOC Factory<br \/>\nNem: Uniszex<br \/>\nKoroszt\u00e1ly: &gt; 6 \u00e9v<br \/>\nModellsz\u00e1m: 14123<br \/>\nBesorol\u00e1s: \u00d6sszeszerel\u00e9s<br \/>\nM\u0171anyag blokk forma: \u00f6nz\u00e1r\u00f3 t\u00e9gla<br \/>\nAnyaga: M\u0171anyag<br \/>\nM\u0171anyag t\u00edpus: ABS<br \/>\nT\u00e9gla T\u00e9gla: 3802 +<br \/>\nRendel\u00e9si id\u0151: 4-8 h\u00e9t<\/p>","protected":false},"featured_media":43464,"comment_status":"open","ping_status":"closed","template":"","meta":{"_acf_changed":false},"product_cat":[1395,390],"product_tag":[11635,4883,392],"class_list":["product","first","instock","shipping-taxable","purchasable","product-type-simple"],"acf":[],"_links":{"self":[{"href":"https:\/\/mouldking.store\/hu\/wp-json\/wp\/v2\/product\/43467","targetHints":{"allow":["GET"]}}],"collection":[{"href":"https:\/\/mouldking.store\/hu\/wp-json\/wp\/v2\/product"}],"about":[{"href":"https:\/\/mouldking.store\/hu\/wp-json\/wp\/v2\/types\/product"}],"replies":[{"embeddable":true,"href":"https:\/\/mouldking.store\/hu\/wp-json\/wp\/v2\/comments?post=43467"}],"wp:featuredmedia":[{"embeddable":true,"href":"https:\/\/mouldking.store\/hu\/wp-json\/wp\/v2\/media\/43464"}],"wp:attachment":[{"href":"https:\/\/mouldking.store\/hu\/wp-json\/wp\/v2\/media?parent=43467"}],"wp:term":[{"taxonomy":"product_cat","embeddable":true,"href":"https:\/\/mouldking.store\/hu\/wp-json\/wp\/v2\/product_cat?post=43467"},{"taxonomy":"product_tag","embeddable":true,"href":"https:\/\/mouldking.store\/hu\/wp-json\/wp\/v2\/product_tag?post=43467"}],"curies":[{"name":"wp","href":"https:\/\/api.w.org\/{rel}","templated":true}]}}