{"id":43513,"date":"2023-03-27T16:13:23","date_gmt":"2023-03-27T09:13:23","guid":{"rendered":"https:\/\/mouldking.store\/shop\/zhegao-dz6002-train-coffee-house-with-1081-pieces-2\/"},"modified":"2023-03-27T16:13:23","modified_gmt":"2023-03-27T09:13:23","slug":"zhegao-dz6002-train-coffee-house-with-1081-pieces-2","status":"publish","type":"product","link":"https:\/\/mouldking.store\/hu\/shop\/zhegao-dz6002-train-coffee-house-with-1081-pieces-2\/","title":{"rendered":"ZHEGAO DZ6002 vonat k\u00e1v\u00e9h\u00e1z 1081 darabbal"},"content":{"rendered":"<div>\u2705 ZHEGAO DZ6002 Train Coffee House<br \/>&nbsp;<br \/>\u2705Experience the ultimate train journey while indulging in your love for creation with Train Coffee House &#8211; the latest addition to our creative master series!<br \/>&nbsp;<br \/>\ud83d\udeab FONTOS!&nbsp;<br \/>&nbsp;<br \/>Product Name: Train Coffee House<br \/>&nbsp;<br \/>Kateg\u00f3ria: Alkot\u00f3&nbsp;<br \/>&nbsp;<br \/>This Kit Contains: ZHEGAO DZ6002<br \/>&nbsp;<\/div>\n<div>1081 pcs Good Quality Bricks&nbsp;<br \/>&nbsp;<br \/>K\u00e9zi utas\u00edt\u00e1sok&nbsp;<br \/>&nbsp;<br \/>\ud83d\udcccA f\u0151szerepl\u0151 term\u00e9szete&nbsp;<br \/>&nbsp;<br \/>Introducing our proud collection named \u201cZHEGAO DZ6002\u201d you should not miss.&nbsp;<br \/>&nbsp;<br \/>With 1081 building block particles, this set is guaranteed to satisfy your passion for building and designing. Get ready to take on an exciting challenge that will leave you feeling accomplished and proud of your creativity. Release date: 2022 \u2013 get yours before they&#8217;re gone!<\/div>","protected":false},"excerpt":{"rendered":"<p>M\u00e1rka: ZHEGAO<br \/>\nNem: Uniszex<br \/>\nKoroszt\u00e1ly: &gt; 6 \u00e9v<br \/>\nModel Number: DZ6002<br \/>\nBesorol\u00e1s: \u00d6sszeszerel\u00e9s<br \/>\nM\u0171anyag blokk forma: \u00f6nz\u00e1r\u00f3 t\u00e9gla<br \/>\nAnyaga: M\u0171anyag<br \/>\nM\u0171anyag t\u00edpus: ABS<br \/>\nBricks Blocks: 1081 +<br \/>\nEredeti doboza nincs<\/p>","protected":false},"author":83,"featured_media":43510,"comment_status":"open","ping_status":"closed","template":"","meta":{"_acf_changed":false},"product_cat":[1365,1357,371,364],"product_tag":[5228,1207,11072,8452,2318,389,300],"class_list":["product","first","instock","shipping-taxable","purchasable","product-type-simple"],"acf":[],"_links":{"self":[{"href":"https:\/\/mouldking.store\/hu\/wp-json\/wp\/v2\/product\/43513","targetHints":{"allow":["GET"]}}],"collection":[{"href":"https:\/\/mouldking.store\/hu\/wp-json\/wp\/v2\/product"}],"about":[{"href":"https:\/\/mouldking.store\/hu\/wp-json\/wp\/v2\/types\/product"}],"author":[{"embeddable":true,"href":"https:\/\/mouldking.store\/hu\/wp-json\/wp\/v2\/users\/83"}],"replies":[{"embeddable":true,"href":"https:\/\/mouldking.store\/hu\/wp-json\/wp\/v2\/comments?post=43513"}],"wp:featuredmedia":[{"embeddable":true,"href":"https:\/\/mouldking.store\/hu\/wp-json\/wp\/v2\/media\/43510"}],"wp:attachment":[{"href":"https:\/\/mouldking.store\/hu\/wp-json\/wp\/v2\/media?parent=43513"}],"wp:term":[{"taxonomy":"product_cat","embeddable":true,"href":"https:\/\/mouldking.store\/hu\/wp-json\/wp\/v2\/product_cat?post=43513"},{"taxonomy":"product_tag","embeddable":true,"href":"https:\/\/mouldking.store\/hu\/wp-json\/wp\/v2\/product_tag?post=43513"}],"curies":[{"name":"wp","href":"https:\/\/api.w.org\/{rel}","templated":true}]}}