{"id":43519,"date":"2023-03-27T16:18:59","date_gmt":"2023-03-27T09:18:59","guid":{"rendered":"https:\/\/mouldking.store\/shop\/dk-80009-boeing-787-airplane-with-1353-pieces\/"},"modified":"2023-03-27T16:18:59","modified_gmt":"2023-03-27T09:18:59","slug":"dk-80009-boeing-787-airplane-with-1353-pieces","status":"publish","type":"product","link":"https:\/\/mouldking.store\/hu\/shop\/dk-80009-boeing-787-airplane-with-1353-pieces\/","title":{"rendered":"DK 80009 Boeing 787 rep\u00fcl\u0151g\u00e9p 1353 darabbal"},"content":{"rendered":"<div>\u2705 DK 80009 Boeing 787 rep\u00fcl\u0151g\u00e9p<br \/>&nbsp;<br \/>\u2705A Boeing 787, m\u00e1s n\u00e9ven Dreamliner, az amerikai Boeing rep\u00fcl\u0151g\u00e9pgy\u00e1rt\u00f3 \u00e1ltal kifejlesztett kereskedelmi utassz\u00e1ll\u00edt\u00f3 rep\u00fcl\u0151g\u00e9p. Ez egy nagy hat\u00f3t\u00e1vols\u00e1g\u00fa, sz\u00e9les t\u00f6rzs\u0171, k\u00e9tmotoros rep\u00fcl\u0151g\u00e9p, amelyet 200-330 utas sz\u00e1ll\u00edt\u00e1s\u00e1ra terveztek, a v\u00e1ltozatt\u00f3l \u00e9s az \u00fcl\u00e9skonfigur\u00e1ci\u00f3t\u00f3l f\u00fcgg\u0151en.<br \/>&nbsp;<br \/>\ud83d\udeab FONTOS!&nbsp;<br \/>&nbsp;<br \/>Term\u00e9kn\u00e9v: Boeing 787 rep\u00fcl\u0151g\u00e9p<br \/>&nbsp;<br \/>Kateg\u00f3ria: M\u0171szaki<br \/>&nbsp;<br \/>A k\u00e9szlet tartalma: DK 80009<br \/>&nbsp;<br \/>1353 db J\u00f3 min\u0151s\u00e9g\u0171 t\u00e9gla&nbsp;<br \/>&nbsp;<br \/>M\u00e9rete: 67 \u00d7 66 \u00d7 29 cm<br \/>&nbsp;<br \/>K\u00e9zi utas\u00edt\u00e1sok&nbsp;<br \/>&nbsp;<br \/>\ud83d\udcccA f\u0151szerepl\u0151 term\u00e9szete&nbsp;<br \/>&nbsp;<br \/>Bemutatjuk a \u201eBoeing 787 Airplane\u201d nev\u0171 b\u00fcszke kollekci\u00f3nkat, amelyet nem szabad kihagyni.&nbsp;<br \/>&nbsp;<br \/>A 787 fejlett jellemz\u0151ir\u0151l \u00e9s technol\u00f3gi\u00e1ir\u00f3l nevezetes, bele\u00e9rtve a k\u00f6nny\u0171 kompozit anyagok sz\u00e9les k\u00f6r\u0171 felhaszn\u00e1l\u00e1s\u00e1t az \u00e9p\u00edt\u00e9sben, ami seg\u00edt cs\u00f6kkenteni a t\u00f6meg\u00e9t \u00e9s az \u00fczemanyag-fogyaszt\u00e1st. Ezenk\u00edv\u00fcl nagy, elektronikusan szab\u00e1lyozhat\u00f3 ablakokkal, fejlett aerodinamik\u00e1val \u00e9s korszer\u0171 pil\u00f3taf\u00fclk\u00e9vel rendelkezik fejlett rep\u00fcl\u00e9selektronik\u00e1val \u00e9s fly-by-wire vez\u00e9rl\u00e9ssel.<\/div>","protected":false},"excerpt":{"rendered":"<p>M\u00e1rka: DK<br \/>\nNem: Uniszex<br \/>\nKoroszt\u00e1ly: &gt; 6 \u00e9v<br \/>\nModellsz\u00e1m: 80009<br \/>\nBesorol\u00e1s: \u00d6sszeszerel\u00e9s<br \/>\nM\u0171anyag blokk forma: \u00f6nz\u00e1r\u00f3 t\u00e9gla<br \/>\nAnyaga: M\u0171anyag<br \/>\nM\u0171anyag t\u00edpus: ABS<br \/>\nT\u00e9gla T\u00e9gla: 1353 +<br \/>\nEredeti doboza nincs<\/p>","protected":false},"featured_media":43514,"comment_status":"open","ping_status":"closed","template":"","meta":{"_acf_changed":false},"product_cat":[1357,364],"product_tag":[11092,3191,389,11080],"class_list":["product","first","instock","shipping-taxable","purchasable","product-type-simple"],"acf":[],"_links":{"self":[{"href":"https:\/\/mouldking.store\/hu\/wp-json\/wp\/v2\/product\/43519","targetHints":{"allow":["GET"]}}],"collection":[{"href":"https:\/\/mouldking.store\/hu\/wp-json\/wp\/v2\/product"}],"about":[{"href":"https:\/\/mouldking.store\/hu\/wp-json\/wp\/v2\/types\/product"}],"replies":[{"embeddable":true,"href":"https:\/\/mouldking.store\/hu\/wp-json\/wp\/v2\/comments?post=43519"}],"wp:featuredmedia":[{"embeddable":true,"href":"https:\/\/mouldking.store\/hu\/wp-json\/wp\/v2\/media\/43514"}],"wp:attachment":[{"href":"https:\/\/mouldking.store\/hu\/wp-json\/wp\/v2\/media?parent=43519"}],"wp:term":[{"taxonomy":"product_cat","embeddable":true,"href":"https:\/\/mouldking.store\/hu\/wp-json\/wp\/v2\/product_cat?post=43519"},{"taxonomy":"product_tag","embeddable":true,"href":"https:\/\/mouldking.store\/hu\/wp-json\/wp\/v2\/product_tag?post=43519"}],"curies":[{"name":"wp","href":"https:\/\/api.w.org\/{rel}","templated":true}]}}