{"id":43546,"date":"2023-03-27T17:02:01","date_gmt":"2023-03-27T10:02:01","guid":{"rendered":"https:\/\/mouldking.store\/shop\/pantasy-86218-sherlock-holmes-apartment-221b-with-2000-pieces\/"},"modified":"2023-03-27T17:02:01","modified_gmt":"2023-03-27T10:02:01","slug":"pantasy-86218-sherlock-holmes-apartment-221b-with-2000-pieces","status":"publish","type":"product","link":"https:\/\/mouldking.store\/hu\/shop\/pantasy-86218-sherlock-holmes-apartment-221b-with-2000-pieces\/","title":{"rendered":"Pantasy 86218 Sherlock Holmes Apartment 221B with 2000 Pieces"},"content":{"rendered":"<div>\u2705 Pantasy 86218 Sherlock Holmes Apartment 221B<br \/>&nbsp;<br \/>\u2705221B Baker Street is a fictional address in London, England that is famous for being the residence of the fictional detective Sherlock Holmes in the stories written by Sir Arthur Conan Doyle. In the stories, 221B Baker Street is described as a two-story apartment that served as the home and office of Holmes and his assistant Dr. John Watson.<br \/>&nbsp;<br \/>\ud83d\udeab FONTOS!&nbsp;<br \/>&nbsp;<br \/>Product Name: Sherlock Holmes Apartment 221B<br \/>&nbsp;<br \/>Kateg\u00f3ria: Alkot\u00f3&nbsp;<br \/>&nbsp;<br \/>This kit contains: Pantasy 86218<br \/>&nbsp;<br \/>2000 db J\u00f3 min\u0151s\u00e9g\u0171 t\u00e9gla&nbsp;<br \/>&nbsp;<br \/>Size: 35.5 \u00d7 19.5 \u00d7 9.3 cm<br \/>&nbsp;<br \/>K\u00e9zi utas\u00edt\u00e1sok&nbsp;<br \/>&nbsp;<br \/>\ud83d\udcccA f\u0151szerepl\u0151 term\u00e9szete&nbsp;<br \/>&nbsp;<br \/>Introducing our proud collection named \u201cSherlock Holmes Apartment 221B\u201d you should not miss.&nbsp;<br \/>&nbsp;<br \/>While 221B Baker Street is a fictional location, it has become a popular tourist attraction in London. Today, a museum called the Sherlock Holmes Museum is located at the address and is designed to look like the apartment described in the stories. The museum contains various artifacts and exhibits related to Sherlock Holmes, including furniture, props, and costumes from various film and TV adaptations of the stories.<\/div>","protected":false},"excerpt":{"rendered":"<p>M\u00e1rka: Pantasy<br \/>\nNem: Uniszex<br \/>\nKoroszt\u00e1ly: &gt; 6 \u00e9v<br \/>\nModel Number: 86218<br \/>\nBesorol\u00e1s: \u00d6sszeszerel\u00e9s<br \/>\nM\u0171anyag blokk forma: \u00f6nz\u00e1r\u00f3 t\u00e9gla<br \/>\nAnyaga: M\u0171anyag<br \/>\nM\u0171anyag t\u00edpus: ABS<br \/>\nT\u00e9gla blokkok: 2000+<br \/>\nEredeti doboza nincs<br \/>\nA darabok v\u00e1ltozhatnak<\/p>","protected":false},"featured_media":43540,"comment_status":"open","ping_status":"closed","template":"","meta":{"_acf_changed":false},"product_cat":[1365,1395,371,390],"product_tag":[11155,11072,8452,392,7472],"class_list":["product","first","instock","shipping-taxable","purchasable","product-type-simple"],"acf":[],"_links":{"self":[{"href":"https:\/\/mouldking.store\/hu\/wp-json\/wp\/v2\/product\/43546","targetHints":{"allow":["GET"]}}],"collection":[{"href":"https:\/\/mouldking.store\/hu\/wp-json\/wp\/v2\/product"}],"about":[{"href":"https:\/\/mouldking.store\/hu\/wp-json\/wp\/v2\/types\/product"}],"replies":[{"embeddable":true,"href":"https:\/\/mouldking.store\/hu\/wp-json\/wp\/v2\/comments?post=43546"}],"wp:featuredmedia":[{"embeddable":true,"href":"https:\/\/mouldking.store\/hu\/wp-json\/wp\/v2\/media\/43540"}],"wp:attachment":[{"href":"https:\/\/mouldking.store\/hu\/wp-json\/wp\/v2\/media?parent=43546"}],"wp:term":[{"taxonomy":"product_cat","embeddable":true,"href":"https:\/\/mouldking.store\/hu\/wp-json\/wp\/v2\/product_cat?post=43546"},{"taxonomy":"product_tag","embeddable":true,"href":"https:\/\/mouldking.store\/hu\/wp-json\/wp\/v2\/product_tag?post=43546"}],"curies":[{"name":"wp","href":"https:\/\/api.w.org\/{rel}","templated":true}]}}