{"id":43558,"date":"2023-03-27T17:16:55","date_gmt":"2023-03-27T10:16:55","guid":{"rendered":"https:\/\/mouldking.store\/shop\/decool-jisi-16809-coffee-machine-with-678-pieces\/"},"modified":"2023-03-27T17:16:55","modified_gmt":"2023-03-27T10:16:55","slug":"decool-jisi-16809-coffee-machine-with-678-pieces","status":"publish","type":"product","link":"https:\/\/mouldking.store\/hu\/shop\/decool-jisi-16809-coffee-machine-with-678-pieces\/","title":{"rendered":"DECOOL \/ JiSi 16809 k\u00e1v\u00e9f\u0151z\u0151 678 darabbal"},"content":{"rendered":"<div>\u2705 DECOOL 16809 k\u00e1v\u00e9f\u0151z\u0151<br \/>&nbsp;<br \/>\u2705A k\u00e1v\u00e9f\u0151z\u0151 egy olyan k\u00e9sz\u00fcl\u00e9k, amelyet \u00fagy terveztek, hogy automatikusan, minim\u00e1lis k\u00e9zi er\u0151fesz\u00edt\u00e9ssel f\u0151zz\u00f6n k\u00e1v\u00e9t. Sz\u00e1mos k\u00fcl\u00f6nb\u00f6z\u0151 t\u00edpus\u00fa k\u00e1v\u00e9f\u0151z\u0151 \u00e1ll rendelkez\u00e9sre, amelyek mindegyike saj\u00e1t egyedi jellemz\u0151kkel \u00e9s f\u0151z\u00e9si m\u00f3dszerekkel rendelkezik.<br \/>&nbsp;<br \/>\ud83d\udeab FONTOS!&nbsp;<br \/>&nbsp;<br \/>Term\u00e9k neve: K\u00e1v\u00e9f\u0151z\u0151<br \/>&nbsp;<br \/>Kateg\u00f3ria: Alkot\u00f3&nbsp;<br \/>&nbsp;<br \/>A k\u00e9szlet tartalma: DECOOL 16809&nbsp;<br \/>&nbsp;<br \/>678 db J\u00f3 min\u0151s\u00e9g\u0171 t\u00e9gla&nbsp;<br \/>&nbsp;<br \/>M\u00e9rete: 11 \u00d7 16 \u00d7 19 cm<br \/>&nbsp;<br \/>K\u00e9zi utas\u00edt\u00e1sok&nbsp;<br \/>&nbsp;<br \/>\ud83d\udcccA f\u0151szerepl\u0151 term\u00e9szete&nbsp;<br \/>&nbsp;<br \/>Bemutatjuk b\u00fcszke kollekci\u00f3nkat, a \u201eCoffee Machine\u201d-t, amit nem szabad kihagyni.&nbsp;<br \/>&nbsp;<br \/>A k\u00e1v\u00e9f\u0151z\u0151 m\u0171k\u00f6d\u00e9se a g\u00e9p t\u00edpus\u00e1t\u00f3l f\u00fcgg. A k\u00e1v\u00e9g\u00e9pek \u00e1ltal\u00e1ban \u00fagy m\u0171k\u00f6dnek, hogy forr\u00f3 vizet \u00e9s zaccot haszn\u00e1lnak a k\u00e1v\u00e9 \u00edz\u00e9nek \u00e9s arom\u00e1j\u00e1nak kivon\u00e1s\u00e1ra. A g\u00e9p konkr\u00e9t mechanik\u00e1ja a kialak\u00edt\u00e1s\u00e1t\u00f3l \u00e9s t\u00edpus\u00e1t\u00f3l f\u00fcgg.<\/div>","protected":false},"excerpt":{"rendered":"<p>M\u00e1rka: DECOOL \/ JiSi<br \/>\nNem: Uniszex<br \/>\nKoroszt\u00e1ly: 8 \u00e9v felett<br \/>\nModellsz\u00e1m: 16809<br \/>\nBesorol\u00e1s: \u00d6sszeszerel\u00e9s<br \/>\nM\u0171anyag blokk forma: \u00f6nz\u00e1r\u00f3 t\u00e9gla<br \/>\nAnyaga: M\u0171anyag<br \/>\nM\u0171anyag t\u00edpus: ABS<br \/>\nT\u00e9gla blokkok: 678 +<br \/>\nEredeti doboza nincs<\/p>","protected":false},"featured_media":43553,"comment_status":"open","ping_status":"closed","template":"","meta":{"_acf_changed":false},"product_cat":[1365,371],"product_tag":[5228,7821,11072,8452],"class_list":["product","first","instock","shipping-taxable","purchasable","product-type-simple"],"acf":[],"_links":{"self":[{"href":"https:\/\/mouldking.store\/hu\/wp-json\/wp\/v2\/product\/43558","targetHints":{"allow":["GET"]}}],"collection":[{"href":"https:\/\/mouldking.store\/hu\/wp-json\/wp\/v2\/product"}],"about":[{"href":"https:\/\/mouldking.store\/hu\/wp-json\/wp\/v2\/types\/product"}],"replies":[{"embeddable":true,"href":"https:\/\/mouldking.store\/hu\/wp-json\/wp\/v2\/comments?post=43558"}],"wp:featuredmedia":[{"embeddable":true,"href":"https:\/\/mouldking.store\/hu\/wp-json\/wp\/v2\/media\/43553"}],"wp:attachment":[{"href":"https:\/\/mouldking.store\/hu\/wp-json\/wp\/v2\/media?parent=43558"}],"wp:term":[{"taxonomy":"product_cat","embeddable":true,"href":"https:\/\/mouldking.store\/hu\/wp-json\/wp\/v2\/product_cat?post=43558"},{"taxonomy":"product_tag","embeddable":true,"href":"https:\/\/mouldking.store\/hu\/wp-json\/wp\/v2\/product_tag?post=43558"}],"curies":[{"name":"wp","href":"https:\/\/api.w.org\/{rel}","templated":true}]}}