{"id":43591,"date":"2023-03-27T18:43:15","date_gmt":"2023-03-27T11:43:15","guid":{"rendered":"https:\/\/mouldking.store\/shop\/moc-factory-104069-black-fortress-with-46588-pieces\/"},"modified":"2025-12-16T22:25:05","modified_gmt":"2025-12-16T15:25:05","slug":"moc-factory-104069-black-fortress-with-46588-pieces","status":"publish","type":"product","link":"https:\/\/mouldking.store\/hu\/shop\/moc-factory-104069-black-fortress-with-46588-pieces\/","title":{"rendered":"MOC Factory 104069 Fekete er\u0151d 46588 darabbal"},"content":{"rendered":"<div>\u2705 MOC-104069 Fekete er\u0151d<\/p>\n<p>\u2705Black Fortress modul\u00e1ris fel\u00e9p\u00edt\u00e9s\u0171, \u00f6sszesen 7 szinttel \u00e9s teljes bels\u0151vel.&nbsp;<\/p>\n<p>\ud83d\udeab FONTOS!<\/p>\n<p>Term\u00e9k neve: Black Fortress<\/p>\n<p>Kateg\u00f3ria: Star Wars<\/p>\n<p>A k\u00e9szlet tartalma: MOC-104069<\/p>\n<p>46588 db J\u00f3 min\u0151s\u00e9g\u0171 t\u00e9gla<\/p>\n<p>M\u00e9rete: 77,68 x 105,52 x 102,16 cm<\/p>\n<p>PDF \u00datmutat\u00f3<\/p>\n<p>\ud83d\udcccA f\u0151szerepl\u0151 term\u00e9szete<\/p>\n<p>Bemutatjuk b\u00fcszke kollekci\u00f3nkat, a \u201eBlack Fortress\u201d-t, amit \u00e9rdemes kihagyni.<\/p>\n<p>A belsej\u00e9ben tal\u00e1lhat\u00f3 egy hang\u00e1r, cell\u00e1k, parancsnoki szob\u00e1k, orvosi szoba, fegyvert\u00e1r, konyha, lak\u00f3terek, tr\u00f3nterem, vend\u00e9gszoba, t\u00e1rgyal\u00f3, superior szoba \u00e9s egy\u00e9b r\u00e9szletek.<\/p><\/div>","protected":false},"excerpt":{"rendered":"<p>M\u00e1rka: MOC Factory<br \/>\nNem: Uniszex<br \/>\nKoroszt\u00e1ly: &gt; 6 \u00e9v<br \/>\nModellsz\u00e1m: 104069<br \/>\nBesorol\u00e1s: \u00d6sszeszerel\u00e9s<br \/>\nM\u0171anyag blokk forma: \u00f6nz\u00e1r\u00f3 t\u00e9gla<br \/>\nAnyaga: M\u0171anyag<br \/>\nM\u0171anyag t\u00edpus: ABS<br \/>\nT\u00e9gla T\u00e9gla: 46588 +<br \/>\nRendel\u00e9si id\u0151: 4-8 h\u00e9t<\/p>","protected":false},"author":83,"featured_media":43586,"comment_status":"open","ping_status":"closed","template":"","meta":{"_acf_changed":false},"product_cat":[1395,390,581,415,1408],"product_tag":[8711,8659,11099,392,434,436],"class_list":["product","first","instock","shipping-taxable","purchasable","product-type-simple"],"acf":[],"_links":{"self":[{"href":"https:\/\/mouldking.store\/hu\/wp-json\/wp\/v2\/product\/43591","targetHints":{"allow":["GET"]}}],"collection":[{"href":"https:\/\/mouldking.store\/hu\/wp-json\/wp\/v2\/product"}],"about":[{"href":"https:\/\/mouldking.store\/hu\/wp-json\/wp\/v2\/types\/product"}],"author":[{"embeddable":true,"href":"https:\/\/mouldking.store\/hu\/wp-json\/wp\/v2\/users\/83"}],"replies":[{"embeddable":true,"href":"https:\/\/mouldking.store\/hu\/wp-json\/wp\/v2\/comments?post=43591"}],"wp:featuredmedia":[{"embeddable":true,"href":"https:\/\/mouldking.store\/hu\/wp-json\/wp\/v2\/media\/43586"}],"wp:attachment":[{"href":"https:\/\/mouldking.store\/hu\/wp-json\/wp\/v2\/media?parent=43591"}],"wp:term":[{"taxonomy":"product_cat","embeddable":true,"href":"https:\/\/mouldking.store\/hu\/wp-json\/wp\/v2\/product_cat?post=43591"},{"taxonomy":"product_tag","embeddable":true,"href":"https:\/\/mouldking.store\/hu\/wp-json\/wp\/v2\/product_tag?post=43591"}],"curies":[{"name":"wp","href":"https:\/\/api.w.org\/{rel}","templated":true}]}}