{"id":43928,"date":"2023-04-04T13:31:23","date_gmt":"2023-04-04T06:31:23","guid":{"rendered":"https:\/\/mouldking.store\/shop\/moc-factory-89426-the-backrooms-bacteria-entity-with-139-pieces\/"},"modified":"2025-12-16T22:25:05","modified_gmt":"2025-12-16T15:25:05","slug":"moc-factory-89426-the-backrooms-bacteria-entity-with-139-pieces","status":"publish","type":"product","link":"https:\/\/mouldking.store\/hu\/shop\/moc-factory-89426-the-backrooms-bacteria-entity-with-139-pieces\/","title":{"rendered":"MOC Factory 89426 The Backrooms Bakt\u00e9rium Entit\u00e1s 139 darabbal"},"content":{"rendered":"<div>\u2705 MOC-89426 The Backrooms Bacteria Entity<\/p>\n<p>\u2705Ez az egyedi \u00e9p\u00edt\u0151elem k\u00e9szlet 139 t\u00e9gl\u00e1t tartalmaz, m\u00e9retei 10,3 x 6,5 x 20,7 cm. A k\u00e9szlet ABS m\u0171anyagb\u00f3l k\u00e9sz\u00fclt, amely az \u00e9p\u00edt\u0151elemek gy\u00e1rt\u00e1s\u00e1ban elterjedt anyag.<\/p>\n<p>\ud83d\udeab FONTOS!<\/p>\n<p>Term\u00e9k neve: The Backrooms Bacteria Entity<\/p>\n<p>Kateg\u00f3ria: Alkot\u00f3<\/p>\n<p>A k\u00e9szlet tartalma: C9399<\/p>\n<p>139 db J\u00f3 min\u0151s\u00e9g\u0171 t\u00e9gla<\/p>\n<p>M\u00e9rete: 10,3 x 6,5 x 20,7 cm<\/p>\n<p>S\u00faly: 0,06 kg<\/p>\n<p>PDF \u00datmutat\u00f3<\/p>\n<p>\ud83d\udcccA f\u0151szerepl\u0151 term\u00e9szete<\/p>\n<p>Bemutatjuk a \u201eThe Backrooms Bacteria Entity\u201d nev\u0171 b\u00fcszke kollekci\u00f3nkat, amit nem szabad kihagyni.<\/p>\n<p>\u00c9rdemes megjegyezni, hogy a k\u00e9szlet s\u00falya nagyon k\u00f6nny\u0171, mind\u00f6ssze 0,06 kg, ami arra utalhat, hogy nem t\u00fal nagy vagy \u00f6sszetett k\u00e9szletr\u0151l van sz\u00f3. A bakt\u00e9riuml\u00e9nyek meglehet\u0151sen magasan \u00e1llnak, k\u00f6nnyen feltornyosulhatnak az ember f\u00f6l\u00e9, ha teljesen egyenesen \u00e1ll. Gyakran k\u00e9t hossz\u00fa, karszer\u0171 v\u00e9gtaggal rendelkeznek, amelyek leny\u00falnak a f\u00f6ldig, \u00e9s v\u00e9kony, sz\u0151l\u0151szer\u0171 anat\u00f3mi\u00e1val rendelkeznek, amely humanoid alak\u00fa fekete vezet\u00e9kek kuszas\u00e1g\u00e1hoz hasonl\u00edt. Az entit\u00e1sok \u201efeje\u201d j\u00f3csk\u00e1n el\u0151reny\u00falik, amint az a Found Footage-ben l\u00e1that\u00f3, \u00e9s val\u00f3sz\u00edn\u0171leg anat\u00f3mi\u00e1juk b\u00e1rmely r\u00e9sz\u00e9b\u0151l a legnagyobb t\u00f6meg\u0171. Nem ismert, hogy ezek a l\u00e9nyek egy tudatos egys\u00e9get vagy t\u00f6bb entit\u00e1st alkotnak-e, de felt\u00e9telezhet\u0151, hogy rendk\u00edv\u00fcl mut\u00e1ns egyes\u00edtett kol\u00f3ni\u00e1kb\u00f3l \u00e1llnak. <em>Bacillus subtilis<\/em>.<\/div>","protected":false},"excerpt":{"rendered":"<p>M\u00e1rka: MOC Factory<br \/>\nNem: Uniszex<br \/>\nKoroszt\u00e1ly: &gt; 6 \u00e9v<br \/>\nModellsz\u00e1m: 89426<br \/>\nBesorol\u00e1s: \u00d6sszeszerel\u00e9s<br \/>\nM\u0171anyag blokk forma: \u00f6nz\u00e1r\u00f3 t\u00e9gla<br \/>\nAnyaga: M\u0171anyag<br \/>\nM\u0171anyag t\u00edpus: ABS<br \/>\nT\u00e9gla blokkok: 139 +<br \/>\nEredeti doboza nincs<\/p>","protected":false},"featured_media":43920,"comment_status":"open","ping_status":"closed","template":"","meta":{"_acf_changed":false},"product_cat":[1365,371],"product_tag":[11672,11673,11072,8452,11674],"class_list":["product","first","instock","shipping-taxable","purchasable","product-type-simple"],"acf":[],"_links":{"self":[{"href":"https:\/\/mouldking.store\/hu\/wp-json\/wp\/v2\/product\/43928","targetHints":{"allow":["GET"]}}],"collection":[{"href":"https:\/\/mouldking.store\/hu\/wp-json\/wp\/v2\/product"}],"about":[{"href":"https:\/\/mouldking.store\/hu\/wp-json\/wp\/v2\/types\/product"}],"replies":[{"embeddable":true,"href":"https:\/\/mouldking.store\/hu\/wp-json\/wp\/v2\/comments?post=43928"}],"wp:featuredmedia":[{"embeddable":true,"href":"https:\/\/mouldking.store\/hu\/wp-json\/wp\/v2\/media\/43920"}],"wp:attachment":[{"href":"https:\/\/mouldking.store\/hu\/wp-json\/wp\/v2\/media?parent=43928"}],"wp:term":[{"taxonomy":"product_cat","embeddable":true,"href":"https:\/\/mouldking.store\/hu\/wp-json\/wp\/v2\/product_cat?post=43928"},{"taxonomy":"product_tag","embeddable":true,"href":"https:\/\/mouldking.store\/hu\/wp-json\/wp\/v2\/product_tag?post=43928"}],"curies":[{"name":"wp","href":"https:\/\/api.w.org\/{rel}","templated":true}]}}