{"id":43948,"date":"2023-04-04T13:55:33","date_gmt":"2023-04-04T06:55:33","guid":{"rendered":"https:\/\/mouldking.store\/shop\/moc-factory-89424-kirby-and-the-forgotten-land-car-mouth-with-500-pieces\/"},"modified":"2025-12-16T22:25:05","modified_gmt":"2025-12-16T15:25:05","slug":"moc-factory-89424-kirby-and-the-forgotten-land-car-mouth-with-500-pieces","status":"publish","type":"product","link":"https:\/\/mouldking.store\/hu\/shop\/moc-factory-89424-kirby-and-the-forgotten-land-car-mouth-with-500-pieces\/","title":{"rendered":"MOC Factory 89424 Kirby and the Forgotten Land Car Mouth 500 darabbal"},"content":{"rendered":"<div>\u2705 MOC-89424 Kirby and the Forgotten Land Car Mouth<\/p>\n<p>\u2705A Kirby and the Forgotten Land egy platform videoj\u00e1t\u00e9k, amelyet a HAL Laboratory fejlesztett ki \u00e9s a Nintendo adott ki Nintendo Switch konzolra.&nbsp;<\/p>\n<p>\ud83d\udeab FONTOS!<\/p>\n<p>Term\u00e9kn\u00e9v: Kirby and the Forgotten Land Car Mouth<\/p>\n<p>Kateg\u00f3ria: Film<\/p>\n<p>A k\u00e9szlet tartalma: C9351<\/p>\n<p>500 db j\u00f3 min\u0151s\u00e9g\u0171 t\u00e9gla<\/p>\n<p>PDF \u00datmutat\u00f3<\/p>\n<p>\ud83d\udcccA f\u0151szerepl\u0151 term\u00e9szete<\/p>\n<p>Bemutatjuk a \u201eKirby and the Forgotten Land Car Mouth\u201d nev\u0171 b\u00fcszke kollekci\u00f3nkat, amit \u00e9rdemes kihagyni.<\/p>\n<p>A j\u00e1t\u00e9kban Kirby egy hatalmas, titkokkal, rejtv\u00e9nyekkel \u00e9s ellens\u00e9gekkel teli 3D-s vil\u00e1got fedez fel. Visszat\u00e9r Kirby jellegzetes k\u00e9pess\u00e9ge, hogy bel\u00e9legezze az ellens\u00e9get \u00e9s megszerezze az erej\u00fcket, valamint n\u00e9h\u00e1ny \u00faj k\u00e9pess\u00e9get, p\u00e9ld\u00e1ul egy er\u0151teljes k\u00f6zelharci t\u00e1mad\u00e1st \u00e9s az er\u0151k kombin\u00e1l\u00e1s\u00e1nak k\u00e9pess\u00e9g\u00e9t, hogy egyedi \u00faj k\u00e9pess\u00e9geket hozzon l\u00e9tre.&nbsp;<\/p><\/div>","protected":false},"excerpt":{"rendered":"<p>M\u00e1rka: MOC Factory<br \/>\nNem: Uniszex<br \/>\nKoroszt\u00e1ly: &gt; 6 \u00e9v<br \/>\nModellsz\u00e1m: 89424<br \/>\nBesorol\u00e1s: \u00d6sszeszerel\u00e9s<br \/>\nM\u0171anyag blokk forma: \u00f6nz\u00e1r\u00f3 t\u00e9gla<br \/>\nAnyaga: M\u0171anyag<br \/>\nM\u0171anyag t\u00edpus: ABS<br \/>\nT\u00e9gla T\u00e9gla: 500+<br \/>\nA darabok v\u00e1ltozhatnak<\/p>","protected":false},"featured_media":43938,"comment_status":"open","ping_status":"closed","template":"","meta":{"_acf_changed":false},"product_cat":[1365,1360,581,1408],"product_tag":[457,8452,11682,11681,4706,434],"class_list":["product","first","instock","shipping-taxable","purchasable","product-type-simple"],"acf":[],"_links":{"self":[{"href":"https:\/\/mouldking.store\/hu\/wp-json\/wp\/v2\/product\/43948","targetHints":{"allow":["GET"]}}],"collection":[{"href":"https:\/\/mouldking.store\/hu\/wp-json\/wp\/v2\/product"}],"about":[{"href":"https:\/\/mouldking.store\/hu\/wp-json\/wp\/v2\/types\/product"}],"replies":[{"embeddable":true,"href":"https:\/\/mouldking.store\/hu\/wp-json\/wp\/v2\/comments?post=43948"}],"wp:featuredmedia":[{"embeddable":true,"href":"https:\/\/mouldking.store\/hu\/wp-json\/wp\/v2\/media\/43938"}],"wp:attachment":[{"href":"https:\/\/mouldking.store\/hu\/wp-json\/wp\/v2\/media?parent=43948"}],"wp:term":[{"taxonomy":"product_cat","embeddable":true,"href":"https:\/\/mouldking.store\/hu\/wp-json\/wp\/v2\/product_cat?post=43948"},{"taxonomy":"product_tag","embeddable":true,"href":"https:\/\/mouldking.store\/hu\/wp-json\/wp\/v2\/product_tag?post=43948"}],"curies":[{"name":"wp","href":"https:\/\/api.w.org\/{rel}","templated":true}]}}