{"id":43950,"date":"2023-04-04T14:06:06","date_gmt":"2023-04-04T07:06:06","guid":{"rendered":"https:\/\/mouldking.store\/shop\/moc-factory-89423-saint-marks-campanile-with-4184-pieces\/"},"modified":"2025-12-16T22:25:05","modified_gmt":"2025-12-16T15:25:05","slug":"moc-factory-89423-saint-marks-campanile-with-4184-pieces","status":"publish","type":"product","link":"https:\/\/mouldking.store\/hu\/shop\/moc-factory-89423-saint-marks-campanile-with-4184-pieces\/","title":{"rendered":"MOC Factory 89423 Saint Mark&#039;s Campanile 4184 darabbal"},"content":{"rendered":"<div>\u2705MOC-89423 Saint Mark&#8217;s Campanile<\/p>\n<p>\u2705Saint Mark&#8217;s Campanile (Campanile di San Marco in Italian) is a bell tower located in Venice, Italy, adjacent to the Basilica di San Marco. The tower is one of the most recognizable landmarks in Venice and is often considered a symbol of the city.<\/p>\n<p>\ud83d\udeab FONTOS!<\/p>\n<p>Product Name: Saint Mark&#8217;s Campanile<\/p>\n<p>Kateg\u00f3ria: Modul\u00e1ris \u00e9p\u00fclet<\/p>\n<p>This Kit Contains: C9121<\/p>\n<p>4184 pcs Good Quality Bricks<\/p>\n<p>Size: 16 x 16 x 88 cm<\/p>\n<p>Weight: 2.53 kg<\/p>\n<p>PDF \u00datmutat\u00f3<\/p>\n<p>\ud83d\udcccA f\u0151szerepl\u0151 term\u00e9szete<\/p>\n<p>Introducing our proud collection named \u201cSaint Mark&#8217;s Campanile\u201d you should not miss.<\/p>\n<p>The original Campanile was built in the 9th century as a watchtower for the city, but it collapsed in 1902. The current tower is a replica that was constructed in the early 20th century to replace the original. It stands at 98.6 meters (323 ft) tall and has a distinctive shape with a square base and a bell-shaped top. The tower has a long history and has served a variety of purposes over the years. In addition to being a watchtower and bell tower, it has also been used as a lighthouse, a platform for scientific observations, and even a firing range for archers. Today, visitors can climb to the top of the tower for panoramic views of Venice and the surrounding lagoon.<\/p><\/div>","protected":false},"excerpt":{"rendered":"<p>M\u00e1rka: MOC Factory<br \/>\nNem: Uniszex<br \/>\nKoroszt\u00e1ly: &gt; 6 \u00e9v<br \/>\nModel Number: 89423<br \/>\nBesorol\u00e1s: \u00d6sszeszerel\u00e9s<br \/>\nM\u0171anyag blokk forma: \u00f6nz\u00e1r\u00f3 t\u00e9gla<br \/>\nAnyaga: M\u0171anyag<br \/>\nM\u0171anyag t\u00edpus: ABS<br \/>\nBricks Blocks: 4184 +<br \/>\nEredeti doboza nincs<\/p>","protected":false},"featured_media":43949,"comment_status":"open","ping_status":"closed","template":"","meta":{"_acf_changed":false},"product_cat":[1395,390],"product_tag":[727,11683,4883,392,8000],"class_list":["product","first","instock","shipping-taxable","purchasable","product-type-simple"],"acf":[],"_links":{"self":[{"href":"https:\/\/mouldking.store\/hu\/wp-json\/wp\/v2\/product\/43950","targetHints":{"allow":["GET"]}}],"collection":[{"href":"https:\/\/mouldking.store\/hu\/wp-json\/wp\/v2\/product"}],"about":[{"href":"https:\/\/mouldking.store\/hu\/wp-json\/wp\/v2\/types\/product"}],"replies":[{"embeddable":true,"href":"https:\/\/mouldking.store\/hu\/wp-json\/wp\/v2\/comments?post=43950"}],"wp:featuredmedia":[{"embeddable":true,"href":"https:\/\/mouldking.store\/hu\/wp-json\/wp\/v2\/media\/43949"}],"wp:attachment":[{"href":"https:\/\/mouldking.store\/hu\/wp-json\/wp\/v2\/media?parent=43950"}],"wp:term":[{"taxonomy":"product_cat","embeddable":true,"href":"https:\/\/mouldking.store\/hu\/wp-json\/wp\/v2\/product_cat?post=43950"},{"taxonomy":"product_tag","embeddable":true,"href":"https:\/\/mouldking.store\/hu\/wp-json\/wp\/v2\/product_tag?post=43950"}],"curies":[{"name":"wp","href":"https:\/\/api.w.org\/{rel}","templated":true}]}}