{"id":43956,"date":"2023-04-05T09:33:56","date_gmt":"2023-04-05T02:33:56","guid":{"rendered":"https:\/\/mouldking.store\/shop\/forange-fc8530-dream-cottage-maplewood-villa-with-2008-pieces\/"},"modified":"2023-04-05T09:33:56","modified_gmt":"2023-04-05T02:33:56","slug":"forange-fc8530-dream-cottage-maplewood-villa-with-2008-pieces","status":"publish","type":"product","link":"https:\/\/mouldking.store\/hu\/shop\/forange-fc8530-dream-cottage-maplewood-villa-with-2008-pieces\/","title":{"rendered":"Forange FC8530 Dream Cottage Maplewood Villa 2008 darabokkal"},"content":{"rendered":"<div>\u2705 Forange FC8530 Dream Cottage Maplewood Villa<br \/>&nbsp;<br \/>\u2705Maplewood Cottage is a small, charming, and cozy house with a rustic or traditional design. The exterior may be made of wood, stone, or a combination of both, and it could have a porch or a garden area.<br \/>&nbsp;<br \/>\ud83d\udeab FONTOS!&nbsp;<br \/>&nbsp;<br \/>Product Name: Dream Cottage Maplewood Villa<br \/>&nbsp;<br \/>Kateg\u00f3ria: Modul\u00e1ris \u00e9p\u00fclet<br \/>&nbsp;<br \/>This Kit Contains: Forange FC8530<br \/>&nbsp;<br \/>2008 pcs Good Quality Bricks&nbsp;<br \/>&nbsp;<br \/>Size: 66.5 x 45.4 x 64cm<br \/>&nbsp;<br \/>K\u00e9zi utas\u00edt\u00e1sok&nbsp;<br \/>&nbsp;<br \/>\ud83d\udcccA f\u0151szerepl\u0151 term\u00e9szete&nbsp;<br \/>&nbsp;<br \/>Introducing our proud collection named \u201cDream Cottage Maplewood Villa\u201d you should not miss.&nbsp;<br \/>&nbsp;<br \/>The interior of a Maplewood Cottage might feature wooden floors, exposed ceiling beams, and a fireplace or a wood-burning stove, creating a warm and welcoming atmosphere. The decor could include vintage or country-style furniture, cozy textiles, and natural elements such as plants or flowers. The cottage might also have a kitchenette or a small kitchen with basic appliances.<\/div>","protected":false},"excerpt":{"rendered":"<p>M\u00e1rka: Forange<br \/>\nNem: Uniszex<br \/>\nKoroszt\u00e1ly: &gt; 6 \u00e9v<br \/>\nModel Number: FC8530<br \/>\nBesorol\u00e1s: \u00d6sszeszerel\u00e9s<br \/>\nM\u0171anyag blokk forma: \u00f6nz\u00e1r\u00f3 t\u00e9gla<br \/>\nAnyaga: M\u0171anyag<br \/>\nM\u0171anyag t\u00edpus: ABS<br \/>\nBricks Blocks: 2008 +<br \/>\nEredeti doboza nincs<\/p>","protected":false},"featured_media":43951,"comment_status":"open","ping_status":"closed","template":"","meta":{"_acf_changed":false},"product_cat":[1365,1395,390],"product_tag":[4883,8452,2722,11201,11684,392,6614],"class_list":["product","first","instock","shipping-taxable","purchasable","product-type-simple"],"acf":[],"_links":{"self":[{"href":"https:\/\/mouldking.store\/hu\/wp-json\/wp\/v2\/product\/43956","targetHints":{"allow":["GET"]}}],"collection":[{"href":"https:\/\/mouldking.store\/hu\/wp-json\/wp\/v2\/product"}],"about":[{"href":"https:\/\/mouldking.store\/hu\/wp-json\/wp\/v2\/types\/product"}],"replies":[{"embeddable":true,"href":"https:\/\/mouldking.store\/hu\/wp-json\/wp\/v2\/comments?post=43956"}],"wp:featuredmedia":[{"embeddable":true,"href":"https:\/\/mouldking.store\/hu\/wp-json\/wp\/v2\/media\/43951"}],"wp:attachment":[{"href":"https:\/\/mouldking.store\/hu\/wp-json\/wp\/v2\/media?parent=43956"}],"wp:term":[{"taxonomy":"product_cat","embeddable":true,"href":"https:\/\/mouldking.store\/hu\/wp-json\/wp\/v2\/product_cat?post=43956"},{"taxonomy":"product_tag","embeddable":true,"href":"https:\/\/mouldking.store\/hu\/wp-json\/wp\/v2\/product_tag?post=43956"}],"curies":[{"name":"wp","href":"https:\/\/api.w.org\/{rel}","templated":true}]}}