{"id":43964,"date":"2023-04-05T09:43:17","date_gmt":"2023-04-05T02:43:17","guid":{"rendered":"https:\/\/mouldking.store\/shop\/18k-k90-game-of-thrones-viserion-the-blue-dragon-with-2000-pieces\/"},"modified":"2023-04-05T09:43:17","modified_gmt":"2023-04-05T02:43:17","slug":"18k-k90-game-of-thrones-viserion-the-blue-dragon-with-2000-pieces","status":"publish","type":"product","link":"https:\/\/mouldking.store\/hu\/shop\/18k-k90-game-of-thrones-viserion-the-blue-dragon-with-2000-pieces\/","title":{"rendered":"18K K90 Game of Thrones Viserion The Blue Dragon 2000 darabbal"},"content":{"rendered":"<div>\u2705 Super 18K K90 Game of Thrones Viserion The Blue Dragon<br \/>&nbsp;<br \/>\u2705Viserion a Tr\u00f3nok harca sorozat egyik s\u00e1rk\u00e1nya, \u00e9s k\u00e9k sz\u00ednezet\u00e9r\u0151l ismert. Viserion egyike volt Daenerys Targaryen h\u00e1rom s\u00e1rk\u00e1ny\u00e1nak, Drogon \u00e9s Rhaegal mellett.<br \/>&nbsp;<br \/>\ud83d\udeab FONTOS!&nbsp;<br \/>&nbsp;<br \/>Term\u00e9k neve: Game of Thrones Viserion The Blue Dragon<br \/>&nbsp;<br \/>Kateg\u00f3ria: Alkot\u00f3&nbsp;<br \/>&nbsp;<br \/>A k\u00e9szlet tartalma: Super 18K K90<br \/>&nbsp;<br \/>2000 db J\u00f3 min\u0151s\u00e9g\u0171 t\u00e9gla&nbsp;<br \/>&nbsp;<br \/>M\u00e9rete: 102 x 90 x 24 cm<br \/>&nbsp;<br \/>K\u00e9zi utas\u00edt\u00e1sok&nbsp;<br \/>&nbsp;<br \/>\ud83d\udcccA f\u0151szerepl\u0151 term\u00e9szete&nbsp;<br \/>&nbsp;<br \/>Bemutatjuk b\u00fcszke kollekci\u00f3nkat, a \u201eGame of Thrones Viserion The Blue Dragon\u201d nevet, amit \u00e9rdemes kihagyni.&nbsp;<br \/>&nbsp;<br \/>A Viseriont Daenerys b\u00e1tyj\u00e1r\u00f3l, Viserys Targaryenr\u0151l nevezt\u00e9k el, \u00e9s kezdetben kr\u00e9m- \u00e9s aranysz\u00edne miatt t\u0171nt ki. A show hetedik \u00e9vad\u00e1ban azonban Viseriont meg\u00f6li az \u00c9jkir\u00e1ly, \u00e9s \u00e9l\u0151holt j\u00e9gs\u00e1rk\u00e1nyk\u00e9nt neveli fel. Felt\u00e1mad\u00e1sa k\u00f6vetkezt\u00e9ben Viserion pikkelyei k\u00e9kre v\u00e1ltak, szeme pedig ragyog\u00f3 k\u00e9kk\u00e9 v\u00e1lt, ami azt jelzi, hogy j\u00e9g \u00e9s hal\u00e1l l\u00e9ny\u00e9v\u00e9 v\u00e1ltozott. J\u00e9gs\u00e1rk\u00e1nyk\u00e9nt Viserion k\u00e9pes bel\u00e9legezni a k\u00e9k l\u00e1ngokat, amelyek k\u00e9pesek elpuszt\u00edtani a falat \u00e9s m\u00e1s er\u0151d\u00edtm\u00e9nyeket. F\u00e9lelmetes fegyverr\u00e9 v\u00e1lik az \u00c9jkir\u00e1ly \u00e9s halottak serege sz\u00e1m\u00e1ra, \u00e9s jelent\u0151s vesz\u00e9lyt jelent az \u00e9l\u0151k er\u0151ire a show utols\u00f3 \u00e9vad\u00e1ban.<\/div>","protected":false},"excerpt":{"rendered":"<p>M\u00e1rka: 18K<br \/>\nNem: Uniszex<br \/>\nKoroszt\u00e1ly: 8 \u00e9v felett<br \/>\nModellsz\u00e1m: K90<br \/>\nBesorol\u00e1s: \u00d6sszeszerel\u00e9s<br \/>\nM\u0171anyag blokk forma: \u00f6nz\u00e1r\u00f3 t\u00e9gla<br \/>\nAnyaga: M\u0171anyag<br \/>\nM\u0171anyag t\u00edpus: ABS<br \/>\nT\u00e9gla blokkok: 2000+<br \/>\nEredeti doboza nincs<\/p>","protected":false},"author":83,"featured_media":43957,"comment_status":"open","ping_status":"closed","template":"","meta":{"_acf_changed":false},"product_cat":[1365,371,581,1408],"product_tag":[11072,8452,1771,1773,434,11685],"class_list":["product","first","instock","shipping-taxable","purchasable","product-type-simple"],"acf":[],"_links":{"self":[{"href":"https:\/\/mouldking.store\/hu\/wp-json\/wp\/v2\/product\/43964","targetHints":{"allow":["GET"]}}],"collection":[{"href":"https:\/\/mouldking.store\/hu\/wp-json\/wp\/v2\/product"}],"about":[{"href":"https:\/\/mouldking.store\/hu\/wp-json\/wp\/v2\/types\/product"}],"author":[{"embeddable":true,"href":"https:\/\/mouldking.store\/hu\/wp-json\/wp\/v2\/users\/83"}],"replies":[{"embeddable":true,"href":"https:\/\/mouldking.store\/hu\/wp-json\/wp\/v2\/comments?post=43964"}],"wp:featuredmedia":[{"embeddable":true,"href":"https:\/\/mouldking.store\/hu\/wp-json\/wp\/v2\/media\/43957"}],"wp:attachment":[{"href":"https:\/\/mouldking.store\/hu\/wp-json\/wp\/v2\/media?parent=43964"}],"wp:term":[{"taxonomy":"product_cat","embeddable":true,"href":"https:\/\/mouldking.store\/hu\/wp-json\/wp\/v2\/product_cat?post=43964"},{"taxonomy":"product_tag","embeddable":true,"href":"https:\/\/mouldking.store\/hu\/wp-json\/wp\/v2\/product_tag?post=43964"}],"curies":[{"name":"wp","href":"https:\/\/api.w.org\/{rel}","templated":true}]}}