{"id":43971,"date":"2023-04-05T09:52:44","date_gmt":"2023-04-05T02:52:44","guid":{"rendered":"https:\/\/mouldking.store\/shop\/zhegao-00415-summer-tea-with-836-pieces\/"},"modified":"2023-04-05T09:52:44","modified_gmt":"2023-04-05T02:52:44","slug":"zhegao-00415-summer-tea-with-836-pieces","status":"publish","type":"product","link":"https:\/\/mouldking.store\/hu\/shop\/zhegao-00415-summer-tea-with-836-pieces\/","title":{"rendered":"ZHEGAO 00415 Ny\u00e1ri tea 836 darabbal"},"content":{"rendered":"<div>\u2705 ZHEGAO 00415 Summer Tea<br \/>&nbsp;<br \/>\u2705&#8221;Summer Tea&#8221; is a creative variety series of building block sets that was first released in 2022. The set contains 836 building block particles, which suggests that it is a relatively large and complex set.<br \/>&nbsp;<br \/>\ud83d\udeab FONTOS!&nbsp;<br \/>&nbsp;<br \/>Product Name: Summer Tea<br \/>&nbsp;<br \/>Kateg\u00f3ria: Alkot\u00f3&nbsp;<br \/>&nbsp;<br \/>This Kit Contains: ZHEGAO 00415&nbsp;<br \/>&nbsp;<br \/>836 pcs Good Quality Bricks&nbsp;<br \/>&nbsp;<br \/>Size: 21.6 \u00d7 14.6 \u00d7 16.2 cm<\/p>\n<\/div>\n<div>K\u00e9zi utas\u00edt\u00e1sok&nbsp;<br \/>&nbsp;<br \/>\ud83d\udcccA f\u0151szerepl\u0151 term\u00e9szete&nbsp;<br \/>&nbsp;<br \/>Introducing our proud collection named \u201cSummer Tea\u201d you should not miss.&nbsp;<br \/>&nbsp;<br \/>The set is themed around summertime or outdoor activities. The name &#8220;Summer Tea&#8221; could suggest a set that includes a buildable tea party scene, complete with tables, chairs, and tea accessories. Alternatively, it&#8217;s possible that the set could include other summertime elements, such as a beach scene, a pool party, or a garden party.<\/div>","protected":false},"excerpt":{"rendered":"<p>M\u00e1rka: ZHEGAO<br \/>\nNem: Uniszex<br \/>\nKoroszt\u00e1ly: &gt; 6 \u00e9v<br \/>\nModel Number: 00415<br \/>\nBesorol\u00e1s: \u00d6sszeszerel\u00e9s<br \/>\nM\u0171anyag blokk forma: \u00f6nz\u00e1r\u00f3 t\u00e9gla<br \/>\nAnyaga: M\u0171anyag<br \/>\nM\u0171anyag t\u00edpus: ABS<br \/>\nBricks Blocks: 836 +<br \/>\nNincsenek minifigur\u00e1k<\/p>","protected":false},"featured_media":43965,"comment_status":"open","ping_status":"closed","template":"","meta":{"_acf_changed":false},"product_cat":[1365,371],"product_tag":[4572,11072,8452,11686,11132],"class_list":["product","first","instock","shipping-taxable","purchasable","product-type-simple"],"acf":[],"_links":{"self":[{"href":"https:\/\/mouldking.store\/hu\/wp-json\/wp\/v2\/product\/43971","targetHints":{"allow":["GET"]}}],"collection":[{"href":"https:\/\/mouldking.store\/hu\/wp-json\/wp\/v2\/product"}],"about":[{"href":"https:\/\/mouldking.store\/hu\/wp-json\/wp\/v2\/types\/product"}],"replies":[{"embeddable":true,"href":"https:\/\/mouldking.store\/hu\/wp-json\/wp\/v2\/comments?post=43971"}],"wp:featuredmedia":[{"embeddable":true,"href":"https:\/\/mouldking.store\/hu\/wp-json\/wp\/v2\/media\/43965"}],"wp:attachment":[{"href":"https:\/\/mouldking.store\/hu\/wp-json\/wp\/v2\/media?parent=43971"}],"wp:term":[{"taxonomy":"product_cat","embeddable":true,"href":"https:\/\/mouldking.store\/hu\/wp-json\/wp\/v2\/product_cat?post=43971"},{"taxonomy":"product_tag","embeddable":true,"href":"https:\/\/mouldking.store\/hu\/wp-json\/wp\/v2\/product_tag?post=43971"}],"curies":[{"name":"wp","href":"https:\/\/api.w.org\/{rel}","templated":true}]}}