{"id":43977,"date":"2023-04-05T10:04:22","date_gmt":"2023-04-05T03:04:22","guid":{"rendered":"https:\/\/mouldking.store\/shop\/pantasy-86309-the-little-prince-toys-with-1000-pieces\/"},"modified":"2023-04-05T10:04:22","modified_gmt":"2023-04-05T03:04:22","slug":"pantasy-86309-the-little-prince-toys-with-1000-pieces","status":"publish","type":"product","link":"https:\/\/mouldking.store\/hu\/shop\/pantasy-86309-the-little-prince-toys-with-1000-pieces\/","title":{"rendered":"Pantasy 86309 A kis herceg j\u00e1t\u00e9kok 1000 darabbal"},"content":{"rendered":"<div>\u2705 Pantasy 86309 The Little Prince Toys<br \/>&nbsp;<br \/>\u2705&#8221;The Little Prince&#8221; is a novella written by Antoine de Saint-Exup\u00e9ry and first published in 1943. It is a famous and beloved work of literature that has been translated into numerous languages and has sold millions of copies worldwide.<br \/>&nbsp;<br \/>\ud83d\udeab FONTOS!&nbsp;<br \/>&nbsp;<br \/>Product Name: The Little Prince Toys<br \/>&nbsp;<br \/>Kateg\u00f3ria: Alkot\u00f3&nbsp;<br \/>&nbsp;<br \/>This Kit Contains: Pantasy 86309<br \/>&nbsp;<br \/>1000 pcs Good Quality Bricks&nbsp;<br \/>&nbsp;<br \/>Size: 12.6 \u00d7 8 \u00d7 17.8 cm<br \/>&nbsp;<br \/>K\u00e9zi utas\u00edt\u00e1sok&nbsp;<br \/>&nbsp;<br \/>\ud83d\udcccA f\u0151szerepl\u0151 term\u00e9szete&nbsp;<br \/>&nbsp;<br \/>Introducing our proud collection named \u201cThe Little Prince Toys\u201d you should not miss.&nbsp;<br \/>&nbsp;<br \/>The story follows a young boy, referred to as &#8220;the little prince,&#8221; who travels from planet to planet, encountering various characters along the way. Through his travels, the little prince learns important lessons about life, love, and friendship. The story is often interpreted as a philosophical allegory, with the little prince representing innocence and the human spirit, and his journey symbolizing the search for meaning and understanding in life. The book explores themes such as the importance of imagination, the dangers of narrow-mindedness and conformity, and the beauty of simplicity and human connection.<\/div>","protected":false},"excerpt":{"rendered":"<p>M\u00e1rka: Pantasy<br \/>\nNem: Uniszex<br \/>\nKoroszt\u00e1ly: &gt; 6 \u00e9v<br \/>\nModel Number: 86309<br \/>\nBesorol\u00e1s: \u00d6sszeszerel\u00e9s<br \/>\nM\u0171anyag blokk forma: \u00f6nz\u00e1r\u00f3 t\u00e9gla<br \/>\nAnyaga: M\u0171anyag<br \/>\nM\u0171anyag t\u00edpus: ABS<br \/>\nBricks Blocks: 1000 +<br \/>\nEredeti doboza nincs<\/p>","protected":false},"featured_media":43972,"comment_status":"open","ping_status":"closed","template":"","meta":{"_acf_changed":false},"product_cat":[1365,371],"product_tag":[11072,8452,11607],"class_list":["product","first","instock","shipping-taxable","purchasable","product-type-simple"],"acf":[],"_links":{"self":[{"href":"https:\/\/mouldking.store\/hu\/wp-json\/wp\/v2\/product\/43977","targetHints":{"allow":["GET"]}}],"collection":[{"href":"https:\/\/mouldking.store\/hu\/wp-json\/wp\/v2\/product"}],"about":[{"href":"https:\/\/mouldking.store\/hu\/wp-json\/wp\/v2\/types\/product"}],"replies":[{"embeddable":true,"href":"https:\/\/mouldking.store\/hu\/wp-json\/wp\/v2\/comments?post=43977"}],"wp:featuredmedia":[{"embeddable":true,"href":"https:\/\/mouldking.store\/hu\/wp-json\/wp\/v2\/media\/43972"}],"wp:attachment":[{"href":"https:\/\/mouldking.store\/hu\/wp-json\/wp\/v2\/media?parent=43977"}],"wp:term":[{"taxonomy":"product_cat","embeddable":true,"href":"https:\/\/mouldking.store\/hu\/wp-json\/wp\/v2\/product_cat?post=43977"},{"taxonomy":"product_tag","embeddable":true,"href":"https:\/\/mouldking.store\/hu\/wp-json\/wp\/v2\/product_tag?post=43977"}],"curies":[{"name":"wp","href":"https:\/\/api.w.org\/{rel}","templated":true}]}}