{"id":43998,"date":"2023-04-05T10:45:23","date_gmt":"2023-04-05T03:45:23","guid":{"rendered":"https:\/\/mouldking.store\/shop\/panlosbrick-880018-kumamon-japanese-house-with-1099-pieces\/"},"modified":"2023-04-05T10:45:23","modified_gmt":"2023-04-05T03:45:23","slug":"panlosbrick-880018-kumamon-japanese-house-with-1099-pieces","status":"publish","type":"product","link":"https:\/\/mouldking.store\/hu\/shop\/panlosbrick-880018-kumamon-japanese-house-with-1099-pieces\/","title":{"rendered":"PANLOSBRICK 880018 Kumamon jap\u00e1n h\u00e1z 1099 darabbal"},"content":{"rendered":"<div>\u2705 PANLOS 880018 Kumamon jap\u00e1n h\u00e1z<br \/>&nbsp;<br \/>\u2705Kumamon egy kabalafigura, akit a jap\u00e1n Kumamoto prefekt\u00fara korm\u00e1nya hozott l\u00e9tre. A karakter egy r\u00f3zs\u00e1s arc\u00fa \u00e9s bar\u00e1ts\u00e1gos arckifejez\u00e9s\u0171 fekete medve, amelyet 2010-ben hozt\u00e1k l\u00e9tre a turizmust \u00e9s a Kumamoto helyi term\u00e9keit n\u00e9pszer\u0171s\u00edt\u0151 kamp\u00e1ny r\u00e9szek\u00e9nt.<br \/>&nbsp;<br \/>\ud83d\udeab FONTOS!&nbsp;<br \/>&nbsp;<br \/>Term\u00e9k neve: Kumamon jap\u00e1n h\u00e1z<br \/>&nbsp;<br \/>Kateg\u00f3ria: Modul\u00e1ris \u00e9p\u00fclet<br \/>&nbsp;<br \/>A k\u00e9szlet tartalma: PANLOS 880018<br \/>&nbsp;<br \/>1099 db J\u00f3 min\u0151s\u00e9g\u0171 t\u00e9gla&nbsp;<br \/>&nbsp;<br \/>M\u00e9rete: 27,2 \u00d7 14,4 \u00d7 21,3 cm<br \/>&nbsp;<br \/>K\u00e9zi utas\u00edt\u00e1sok&nbsp;<br \/>&nbsp;<br \/>\ud83d\udcccA f\u0151szerepl\u0151 term\u00e9szete&nbsp;<br \/>&nbsp;<br \/>Bemutatjuk b\u00fcszke kollekci\u00f3nkat, a \u201eKumamon Japanese House\u201d-t, amit \u00e9rdemes kihagyni.&nbsp;<\/p>\n<p>A hagyom\u00e1nyos jap\u00e1n h\u00e1zakat egyedi \u00e9p\u00edt\u00e9szeti jellemz\u0151ik jellemzik, amelyek t\u00fckr\u00f6zik az orsz\u00e1g t\u00f6rt\u00e9nelm\u00e9t, kult\u00far\u00e1j\u00e1t \u00e9s \u00e9ghajlat\u00e1t. A hagyom\u00e1nyos jap\u00e1n h\u00e1zak jellemz\u0151en term\u00e9szetes anyagokb\u00f3l, p\u00e9ld\u00e1ul f\u00e1b\u00f3l, bambuszb\u00f3l \u00e9s pap\u00edrb\u00f3l k\u00e9sz\u00fclnek. Ezeknek az anyagoknak a haszn\u00e1lata seg\u00edt meleg \u00e9s bar\u00e1ts\u00e1gos l\u00e9gk\u00f6r megteremt\u00e9s\u00e9ben. A jap\u00e1n h\u00e1zak jellemz\u0151en meredek hajl\u00e1ssz\u00f6g\u0171 tet\u0151vel rendelkeznek, amelyet ker\u00e1mia cser\u00e9p vagy n\u00e1dtet\u0151 bor\u00edt. A t\u00falny\u00fal\u00f3 eresz \u00e1rny\u00e9kot \u00e9s v\u00e9delmet ny\u00fajt az es\u0151 ellen, m\u00edg a meredek d\u0151l\u00e9ssz\u00f6g megakad\u00e1lyozza a h\u00f3 felhalmoz\u00f3d\u00e1s\u00e1t.<\/p><\/div>","protected":false},"excerpt":{"rendered":"<p>M\u00e1rka: PANLOSBRICK<br \/>\nNem: Uniszex<br \/>\nKoroszt\u00e1ly: &gt; 6 \u00e9v<br \/>\nModellsz\u00e1m: 880018<br \/>\nBesorol\u00e1s: \u00d6sszeszerel\u00e9s<br \/>\nM\u0171anyag blokk forma: \u00f6nz\u00e1r\u00f3 t\u00e9gla<br \/>\nAnyaga: M\u0171anyag<br \/>\nM\u0171anyag t\u00edpus: ABS<br \/>\nT\u00e9gla blokkok: 1099 +<br \/>\nEredeti doboza nincs<\/p>","protected":false},"featured_media":43993,"comment_status":"open","ping_status":"closed","template":"","meta":{"_acf_changed":false},"product_cat":[1365,1395,371,390],"product_tag":[11072,8452,2318,5434,10990,392],"class_list":["product","first","instock","shipping-taxable","purchasable","product-type-simple"],"acf":[],"_links":{"self":[{"href":"https:\/\/mouldking.store\/hu\/wp-json\/wp\/v2\/product\/43998","targetHints":{"allow":["GET"]}}],"collection":[{"href":"https:\/\/mouldking.store\/hu\/wp-json\/wp\/v2\/product"}],"about":[{"href":"https:\/\/mouldking.store\/hu\/wp-json\/wp\/v2\/types\/product"}],"replies":[{"embeddable":true,"href":"https:\/\/mouldking.store\/hu\/wp-json\/wp\/v2\/comments?post=43998"}],"wp:featuredmedia":[{"embeddable":true,"href":"https:\/\/mouldking.store\/hu\/wp-json\/wp\/v2\/media\/43993"}],"wp:attachment":[{"href":"https:\/\/mouldking.store\/hu\/wp-json\/wp\/v2\/media?parent=43998"}],"wp:term":[{"taxonomy":"product_cat","embeddable":true,"href":"https:\/\/mouldking.store\/hu\/wp-json\/wp\/v2\/product_cat?post=43998"},{"taxonomy":"product_tag","embeddable":true,"href":"https:\/\/mouldking.store\/hu\/wp-json\/wp\/v2\/product_tag?post=43998"}],"curies":[{"name":"wp","href":"https:\/\/api.w.org\/{rel}","templated":true}]}}