{"id":44012,"date":"2023-04-10T09:36:38","date_gmt":"2023-04-10T02:36:38","guid":{"rendered":"https:\/\/mouldking.store\/shop\/moc-factory-89422-yellow-eggy-with-87-pieces\/"},"modified":"2025-12-16T22:25:05","modified_gmt":"2025-12-16T15:25:05","slug":"moc-factory-89422-yellow-eggy-with-87-pieces","status":"publish","type":"product","link":"https:\/\/mouldking.store\/hu\/shop\/moc-factory-89422-yellow-eggy-with-87-pieces\/","title":{"rendered":"MOC Factory 89422 Yellow Eggy 87 darabbal"},"content":{"rendered":"<div>\u2705 MOC-89422 Yellow Eggy<\/p>\n<p>\u2705Eggy is a yellow egg-shaped character with big eyes and a mouth. He has small stick arms and legs and is often depicted with a cute and playful expression. Eggy is known for being a silly character and is often involved in comedic skits and challenges on the LankyBox YouTube channel.<\/p>\n<p>\ud83d\udeab FONTOS!<\/p>\n<p>Product Name: Yellow Eggy<\/p>\n<p>Kateg\u00f3ria: Film<\/p>\n<p>This Kit Contains: C9389Y02<\/p>\n<p>87 pcs Good Quality Bricks<\/p>\n<p>M\u00e9rete: 7,6 x 3,8 x 7 cm<\/p>\n<p>S\u00faly: 0,04 kg<\/p>\n<p>PDF \u00datmutat\u00f3<\/p>\n<p>\ud83d\udcccA f\u0151szerepl\u0151 term\u00e9szete<\/p>\n<p>Introducing our proud collection named \u201cYellow Eggy\u201d you should not miss.<\/p>\n<p>LankyBox is a comedy channel created by Adam McArthur and Justin Kroma, who play characters named LankyBoxAdam and LankyBoxJustin. Eggy is a recurring character on the channel, and is often featured in skits and challenges. Eggy is a yellow egg-shaped character with big eyes and a mouth, and is known for being cute and silly.<\/p><\/div>","protected":false},"excerpt":{"rendered":"<p>M\u00e1rka: MOC Factory<br \/>\nNem: Uniszex<br \/>\nKoroszt\u00e1ly: &gt; 6 \u00e9v<br \/>\nModel Number: 89422<br \/>\nBesorol\u00e1s: \u00d6sszeszerel\u00e9s<br \/>\nM\u0171anyag blokk forma: \u00f6nz\u00e1r\u00f3 t\u00e9gla<br \/>\nAnyaga: M\u0171anyag<br \/>\nM\u0171anyag t\u00edpus: ABS<br \/>\nBricks Blocks: 87 +<br \/>\nEredeti doboza nincs<\/p>","protected":false},"featured_media":44005,"comment_status":"open","ping_status":"closed","template":"","meta":{"_acf_changed":false},"product_cat":[1365,371,581,1408],"product_tag":[11072,8452,11688,434],"class_list":["product","first","instock","shipping-taxable","purchasable","product-type-simple"],"acf":[],"_links":{"self":[{"href":"https:\/\/mouldking.store\/hu\/wp-json\/wp\/v2\/product\/44012","targetHints":{"allow":["GET"]}}],"collection":[{"href":"https:\/\/mouldking.store\/hu\/wp-json\/wp\/v2\/product"}],"about":[{"href":"https:\/\/mouldking.store\/hu\/wp-json\/wp\/v2\/types\/product"}],"replies":[{"embeddable":true,"href":"https:\/\/mouldking.store\/hu\/wp-json\/wp\/v2\/comments?post=44012"}],"wp:featuredmedia":[{"embeddable":true,"href":"https:\/\/mouldking.store\/hu\/wp-json\/wp\/v2\/media\/44005"}],"wp:attachment":[{"href":"https:\/\/mouldking.store\/hu\/wp-json\/wp\/v2\/media?parent=44012"}],"wp:term":[{"taxonomy":"product_cat","embeddable":true,"href":"https:\/\/mouldking.store\/hu\/wp-json\/wp\/v2\/product_cat?post=44012"},{"taxonomy":"product_tag","embeddable":true,"href":"https:\/\/mouldking.store\/hu\/wp-json\/wp\/v2\/product_tag?post=44012"}],"curies":[{"name":"wp","href":"https:\/\/api.w.org\/{rel}","templated":true}]}}