{"id":44017,"date":"2023-04-10T09:44:06","date_gmt":"2023-04-10T02:44:06","guid":{"rendered":"https:\/\/mouldking.store\/shop\/moc-factory-85569-battlestar-galactica-mk-ii-cylon-raider-minifig-scale-with-670-pieces\/"},"modified":"2025-12-16T22:25:05","modified_gmt":"2025-12-16T15:25:05","slug":"moc-factory-85569-battlestar-galactica-mk-ii-cylon-raider-minifig-scale-with-670-pieces","status":"publish","type":"product","link":"https:\/\/mouldking.store\/hu\/shop\/moc-factory-85569-battlestar-galactica-mk-ii-cylon-raider-minifig-scale-with-670-pieces\/","title":{"rendered":"MOC Factory 85569 Battlestar Galactica MK II Cylon Raider minifig m\u00e9rleg 670 darabbal"},"content":{"rendered":"<div>\u2705 MOC-85569 Battlestar Galactica MK II Cylon Raider minifig m\u00e9rleg<\/p>\n<p>\u2705A Battlestar Galactica MK II Cylon Raider egy kital\u00e1lt \u0171rhaj\u00f3 a Battlestar Galactica sci-fi t\u00e9v\u00e9sorozatb\u00f3l. A sorozatban a Cylon Raider egy fejlett harci j\u00e1rm\u0171, amelyet a cylonok haszn\u00e1lnak, az \u00e9rtelmes robotok faja, akik a sorozat els\u0151dleges antagonist\u00e1i.<\/p>\n<p>\ud83d\udeab FONTOS!<\/p>\n<p>Term\u00e9k neve: Battlestar Galactica MK II Cylon Raider minifig m\u00e9rleg<\/p>\n<p>Kateg\u00f3ria: \u0170r<\/p>\n<p>A k\u00e9szlet tartalma: C9346<\/p>\n<p>670 db J\u00f3 min\u0151s\u00e9g\u0171 t\u00e9gla<\/p>\n<p>M\u00e9rete: 40 x 20 x 12 cm<\/p>\n<p>S\u00faly: 0,58 kg<\/p>\n<p>PDF \u00datmutat\u00f3<\/p>\n<p>\ud83d\udcccA f\u0151szerepl\u0151 term\u00e9szete<\/p>\n<p>Bemutatjuk a \u201eBattlestar Galactica MK II Cylon Raider Minifig Scale\u201d nev\u0171 b\u00fcszke kollekci\u00f3nkat, amelyet nem szabad kihagyni.<\/p>\n<p>A Cylon Raider MK II verzi\u00f3ja az eredeti Raider friss\u00edtett v\u00e1ltozata, tov\u00e1bbfejlesztett fegyverekkel, motorokkal \u00e9s egy\u00e9b k\u00e9pess\u00e9gekkel. Ez egy egy\u00fcl\u00e9ses vad\u00e1szg\u00e9p, amelyet \u00e1ltal\u00e1ban felder\u00edt\u00e9sre, elfog\u00e1sra \u00e9s egy\u00e9b katonai m\u0171veletekre haszn\u00e1lnak. A Cylon Raiderek jellegzetes diz\u00e1jnjukr\u00f3l ismertek, karcs\u00fa, organikus megjelen\u00e9s\u0171 haj\u00f3testtel \u00e9s jellegzetes v\u00f6r\u00f6s szemmel az el\u00fcls\u0151 r\u00e9sz k\u00f6zep\u00e9n.<\/p><\/div>","protected":false},"excerpt":{"rendered":"<p>M\u00e1rka: MOC Factory<br \/>\nNem: Uniszex<br \/>\nKoroszt\u00e1ly: &gt; 6 \u00e9v<br \/>\nModellsz\u00e1m: 85569<br \/>\nBesorol\u00e1s: \u00d6sszeszerel\u00e9s<br \/>\nM\u0171anyag blokk forma: \u00f6nz\u00e1r\u00f3 t\u00e9gla<br \/>\nAnyaga: M\u0171anyag<br \/>\nM\u0171anyag t\u00edpus: ABS<br \/>\nT\u00e9gla blokkok: 670 +<br \/>\nEredeti doboza nincs<\/p>","protected":false},"featured_media":44013,"comment_status":"open","ping_status":"closed","template":"","meta":{"_acf_changed":false},"product_cat":[1357,6016,364],"product_tag":[5328,11689,5329,11341,2276,9002,389],"class_list":["product","first","instock","shipping-taxable","purchasable","product-type-simple"],"acf":[],"_links":{"self":[{"href":"https:\/\/mouldking.store\/hu\/wp-json\/wp\/v2\/product\/44017","targetHints":{"allow":["GET"]}}],"collection":[{"href":"https:\/\/mouldking.store\/hu\/wp-json\/wp\/v2\/product"}],"about":[{"href":"https:\/\/mouldking.store\/hu\/wp-json\/wp\/v2\/types\/product"}],"replies":[{"embeddable":true,"href":"https:\/\/mouldking.store\/hu\/wp-json\/wp\/v2\/comments?post=44017"}],"wp:featuredmedia":[{"embeddable":true,"href":"https:\/\/mouldking.store\/hu\/wp-json\/wp\/v2\/media\/44013"}],"wp:attachment":[{"href":"https:\/\/mouldking.store\/hu\/wp-json\/wp\/v2\/media?parent=44017"}],"wp:term":[{"taxonomy":"product_cat","embeddable":true,"href":"https:\/\/mouldking.store\/hu\/wp-json\/wp\/v2\/product_cat?post=44017"},{"taxonomy":"product_tag","embeddable":true,"href":"https:\/\/mouldking.store\/hu\/wp-json\/wp\/v2\/product_tag?post=44017"}],"curies":[{"name":"wp","href":"https:\/\/api.w.org\/{rel}","templated":true}]}}