{"id":44041,"date":"2023-04-10T09:56:10","date_gmt":"2023-04-10T02:56:10","guid":{"rendered":"https:\/\/mouldking.store\/shop\/moc-factory-89421-murder-drones-with-502-pieces\/"},"modified":"2025-12-16T22:25:05","modified_gmt":"2025-12-16T15:25:05","slug":"moc-factory-89421-murder-drones-with-502-pieces","status":"publish","type":"product","link":"https:\/\/mouldking.store\/hu\/shop\/moc-factory-89421-murder-drones-with-502-pieces\/","title":{"rendered":"MOC Factory 89421 gyilkos dr\u00f3nok 502 darabbal"},"content":{"rendered":"<div>\u2705 MOC-89421 gyilkos dr\u00f3nok<\/p>\n<p>\u2705 Az N sorozatmegjel\u00f6l\u00e9s, vagy egyszer\u0171en N, a Gyilkos dr\u00f3nok c\u00edm\u0171 internetes sorozat szerepl\u0151je. Az N egy fejlett protot\u00edpus dr\u00f3n, amelyet egy titkos szervezet fejlesztett ki titkos m\u0171veletekben val\u00f3 haszn\u00e1latra. Az N egyed\u00fcl\u00e1ll\u00f3 a t\u00f6bbi dr\u00f3n k\u00f6z\u00f6tt, mivel fejlett mesters\u00e9ges intelligenci\u00e1val rendelkezik, \u00e9s k\u00e9pes \u00f6n\u00e1ll\u00f3an tanulni \u00e9s alkalmazkodni az \u00faj helyzetekhez.<\/p>\n<p>\ud83d\udeab FONTOS!<\/p>\n<p>Term\u00e9k neve: Gyilkos dr\u00f3nok<\/p>\n<p>Kateg\u00f3ria: Alkot\u00f3<\/p>\n<p>A k\u00e9szlet tartalma: C9391<\/p>\n<p>502 db J\u00f3 min\u0151s\u00e9g\u0171 t\u00e9gla<\/p>\n<p>M\u00e9rete: 22 x 16,6 x 26,7 cm<\/p>\n<p>S\u00faly: 0,2 kg<\/p>\n<p>PDF \u00datmutat\u00f3<\/p>\n<p>\ud83d\udcccA f\u0151szerepl\u0151 term\u00e9szete<\/p>\n<p>Bemutatjuk b\u00fcszke kollekci\u00f3nkat, a \u201eMurder Drones\u201d-t, amit \u00e9rdemes kihagyni.<\/p>\n<p>A websorozatban N-t a deuteragonistak\u00e9nt vagy m\u00e1sodlagos f\u0151szerepl\u0151k\u00e9nt \u00e1br\u00e1zolj\u00e1k, \u00e9s gyakran a sorozat f\u0151szerepl\u0151j\u00e9vel egy\u00fctt dolgozik, hogy felt\u00e1rja az igazs\u00e1got az azt l\u00e9trehoz\u00f3 szervezet m\u00f6g\u00f6tt. M\u00edg N egy g\u00e9p, emberhez hasonl\u00f3 tulajdons\u00e1gokat \u00e9s \u00e9rzelmeket mutat, \u00edgy \u00f6sszetett \u00e9s \u00e9rdekes karakter a sorozatban.<\/p><\/div>","protected":false},"excerpt":{"rendered":"<p>M\u00e1rka: MOC Factory<br \/>\nNem: Uniszex<br \/>\nKoroszt\u00e1ly: &gt; 6 \u00e9v<br \/>\nModellsz\u00e1m: 89421<br \/>\nBesorol\u00e1s: \u00d6sszeszerel\u00e9s<br \/>\nM\u0171anyag blokk forma: \u00f6nz\u00e1r\u00f3 t\u00e9gla<br \/>\nAnyaga: M\u0171anyag<br \/>\nM\u0171anyag t\u00edpus: ABS<br \/>\nT\u00e9gla blokkok: 502 +<br \/>\nEredeti doboza nincs<\/p>","protected":false},"featured_media":44030,"comment_status":"open","ping_status":"closed","template":"","meta":{"_acf_changed":false},"product_cat":[1365,371],"product_tag":[11072,8452,11691,11690],"class_list":["product","first","instock","shipping-taxable","purchasable","product-type-simple"],"acf":[],"_links":{"self":[{"href":"https:\/\/mouldking.store\/hu\/wp-json\/wp\/v2\/product\/44041","targetHints":{"allow":["GET"]}}],"collection":[{"href":"https:\/\/mouldking.store\/hu\/wp-json\/wp\/v2\/product"}],"about":[{"href":"https:\/\/mouldking.store\/hu\/wp-json\/wp\/v2\/types\/product"}],"replies":[{"embeddable":true,"href":"https:\/\/mouldking.store\/hu\/wp-json\/wp\/v2\/comments?post=44041"}],"wp:featuredmedia":[{"embeddable":true,"href":"https:\/\/mouldking.store\/hu\/wp-json\/wp\/v2\/media\/44030"}],"wp:attachment":[{"href":"https:\/\/mouldking.store\/hu\/wp-json\/wp\/v2\/media?parent=44041"}],"wp:term":[{"taxonomy":"product_cat","embeddable":true,"href":"https:\/\/mouldking.store\/hu\/wp-json\/wp\/v2\/product_cat?post=44041"},{"taxonomy":"product_tag","embeddable":true,"href":"https:\/\/mouldking.store\/hu\/wp-json\/wp\/v2\/product_tag?post=44041"}],"curies":[{"name":"wp","href":"https:\/\/api.w.org\/{rel}","templated":true}]}}