{"id":44063,"date":"2023-04-10T10:16:36","date_gmt":"2023-04-10T03:16:36","guid":{"rendered":"https:\/\/mouldking.store\/shop\/moc-factory-89419-suzumes-chair-sota-munakata-with-119-pieces\/"},"modified":"2025-12-16T22:25:05","modified_gmt":"2025-12-16T15:25:05","slug":"moc-factory-89419-suzumes-chair-sota-munakata-with-119-pieces","status":"publish","type":"product","link":"https:\/\/mouldking.store\/hu\/shop\/moc-factory-89419-suzumes-chair-sota-munakata-with-119-pieces\/","title":{"rendered":"MOC Factory 89419 Suzume Sota Munakata sz\u00e9k 119 darabbal"},"content":{"rendered":"<div>\u2705 MOC-89419 Suzume&#8217;s Chair Sota Munakata<\/p>\n<p>\u2705&#8221;Suzume&#8221; is a character in the 2022 Japanese animated fantasy adventure film produced by CoMix Wave Films, titled &#8220;Suzume no Gakko no Cinderella&#8221; (Suzume&#8217;s School for Cinderellas) in Japan and &#8220;Belle&#8221; in international markets. The character Suzume is the protagonist of the film and is voiced by actress and singer Kaho Nakamura.<\/p>\n<p>\ud83d\udeab FONTOS!<\/p>\n<p>Product Name: Suzume&#8217;s Chair Sota Munakata<\/p>\n<p>Kateg\u00f3ria: Alkot\u00f3<\/p>\n<p>This Kit Contains: C9417<\/p>\n<p>119 pcs Good Quality Bricks<\/p>\n<p>Size: 9.7 x 8.5 x 14.1 cm<\/p>\n<p>S\u00faly: 0,14 kg<\/p>\n<p>PDF \u00datmutat\u00f3<\/p>\n<p>\ud83d\udcccA f\u0151szerepl\u0151 term\u00e9szete<\/p>\n<p>Introducing our proud collection named \u201cSuzume&#8217;s Chair Sota Munakata\u201d you should not miss.<\/p>\n<p>The film tells the story of a young girl named Suzume who lives in a rural town in Japan and dreams of becoming a singer. She is given the opportunity to participate in a virtual reality music competition, where she creates a digital avatar named &#8220;Belle&#8221; who becomes a worldwide sensation. As Belle&#8217;s popularity grows, Suzume must navigate the challenges of fame and her own identity. The film has been praised for its animation, music, and themes of self-discovery and empowerment. It was directed by acclaimed filmmaker Mamoru Hosoda and released in Japan in July 2021, with an international release in early 2022.<\/p><\/div>","protected":false},"excerpt":{"rendered":"<p>M\u00e1rka: MOC Factory<br \/>\nNem: Uniszex<br \/>\nKoroszt\u00e1ly: &gt; 6 \u00e9v<br \/>\nModel Number: 89419<br \/>\nBesorol\u00e1s: \u00d6sszeszerel\u00e9s<br \/>\nM\u0171anyag blokk forma: \u00f6nz\u00e1r\u00f3 t\u00e9gla<br \/>\nAnyaga: M\u0171anyag<br \/>\nM\u0171anyag t\u00edpus: ABS<br \/>\nBricks Blocks: 119 +<br \/>\nEredeti doboza nincs<\/p>","protected":false},"featured_media":44053,"comment_status":"open","ping_status":"closed","template":"","meta":{"_acf_changed":false},"product_cat":[1365,371],"product_tag":[11113,11072,8452,11694,11693,11692],"class_list":["product","first","instock","shipping-taxable","purchasable","product-type-simple"],"acf":[],"_links":{"self":[{"href":"https:\/\/mouldking.store\/hu\/wp-json\/wp\/v2\/product\/44063","targetHints":{"allow":["GET"]}}],"collection":[{"href":"https:\/\/mouldking.store\/hu\/wp-json\/wp\/v2\/product"}],"about":[{"href":"https:\/\/mouldking.store\/hu\/wp-json\/wp\/v2\/types\/product"}],"replies":[{"embeddable":true,"href":"https:\/\/mouldking.store\/hu\/wp-json\/wp\/v2\/comments?post=44063"}],"wp:featuredmedia":[{"embeddable":true,"href":"https:\/\/mouldking.store\/hu\/wp-json\/wp\/v2\/media\/44053"}],"wp:attachment":[{"href":"https:\/\/mouldking.store\/hu\/wp-json\/wp\/v2\/media?parent=44063"}],"wp:term":[{"taxonomy":"product_cat","embeddable":true,"href":"https:\/\/mouldking.store\/hu\/wp-json\/wp\/v2\/product_cat?post=44063"},{"taxonomy":"product_tag","embeddable":true,"href":"https:\/\/mouldking.store\/hu\/wp-json\/wp\/v2\/product_tag?post=44063"}],"curies":[{"name":"wp","href":"https:\/\/api.w.org\/{rel}","templated":true}]}}