{"id":44071,"date":"2023-04-10T10:23:31","date_gmt":"2023-04-10T03:23:31","guid":{"rendered":"https:\/\/mouldking.store\/shop\/moc-factory-89418-black-eggy-with-87-pieces\/"},"modified":"2025-12-16T22:25:05","modified_gmt":"2025-12-16T15:25:05","slug":"moc-factory-89418-black-eggy-with-87-pieces","status":"publish","type":"product","link":"https:\/\/mouldking.store\/hu\/shop\/moc-factory-89418-black-eggy-with-87-pieces\/","title":{"rendered":"MOC Factory 89418 Black Eggy 87 darabbal"},"content":{"rendered":"<div>\u2705 MOC-89418 Black Eggy<\/p>\n<p>\u2705 Az \u201eEgg Party\u201d egy alkalmi versenyj\u00e1t\u00e9k, amelyet a NetEase k\u00ednai szerencsej\u00e1t\u00e9k-c\u00e9g fejlesztett ki. A j\u00e1t\u00e9k sor\u00e1n a j\u00e1t\u00e9kosok egym\u00e1ssal versengenek, hogy egy bizonyos id\u0151n bel\u00fcl a legt\u00f6bb toj\u00e1st kikeljenek. A toj\u00e1sokat forr\u00e1sok gy\u0171jt\u00e9s\u00e9vel \u00e9s f\u00e9szek \u00e9p\u00edt\u00e9s\u00e9vel nyerik, \u00e9s gyors koppint\u00e1ssal kikelhetnek.<\/p>\n<p>\ud83d\udeab FONTOS!<\/p>\n<p>Product Name: Black Eggy<\/p>\n<p>Kateg\u00f3ria: Alkot\u00f3<\/p>\n<p>This Kit Contains: C9389Y01<\/p>\n<p>87 pcs Good Quality Bricks<\/p>\n<p>M\u00e9rete: 7,6 x 3,8 x 7 cm<\/p>\n<p>S\u00faly: 0,04 kg<\/p>\n<p>PDF \u00datmutat\u00f3<\/p>\n<p>\ud83d\udcccA f\u0151szerepl\u0151 term\u00e9szete<\/p>\n<p>Introducing our proud collection named \u201cBlack Eggy\u201d you should not miss.<\/p>\n<p>A j\u00e1t\u00e9k sz\u00e1mos k\u00fcl\u00f6nb\u00f6z\u0151 toj\u00e1st\u00edpust tartalmaz, amelyek mindegyike saj\u00e1t egyedi tulajdons\u00e1gokkal \u00e9s k\u00e9pess\u00e9gekkel rendelkezik. A j\u00e1t\u00e9kosok er\u0151s\u00edt\u00e9seket \u00e9s speci\u00e1lis t\u00e1rgyakat is haszn\u00e1lhatnak, hogy el\u0151nyt szerezzenek ellenfeleikkel szemben. Az \u201eEgg Party\u201d egyszer\u0171 \u00e9s addikt\u00edv j\u00e1t\u00e9kmenete, valamint aranyos \u00e9s sz\u00ednes grafik\u00e1ja miatt v\u00e1lt n\u00e9pszer\u0171v\u00e9. A j\u00e1t\u00e9k ingyenesen el\u00e9rhet\u0151 Android \u00e9s iOS platformon is, tov\u00e1bbi elemek \u00e9s funkci\u00f3k alkalmaz\u00e1son bel\u00fcli v\u00e1s\u00e1rl\u00e1s\u00e1val.<\/p><\/div>","protected":false},"excerpt":{"rendered":"<p>M\u00e1rka: MOC Factory<br \/>\nNem: Uniszex<br \/>\nKoroszt\u00e1ly: &gt; 6 \u00e9v<br \/>\nModel Number: 89418<br \/>\nBesorol\u00e1s: \u00d6sszeszerel\u00e9s<br \/>\nM\u0171anyag blokk forma: \u00f6nz\u00e1r\u00f3 t\u00e9gla<br \/>\nAnyaga: M\u0171anyag<br \/>\nM\u0171anyag t\u00edpus: ABS<br \/>\nBricks Blocks: 87 +<br \/>\nEredeti doboza nincs<\/p>","protected":false},"featured_media":44064,"comment_status":"open","ping_status":"closed","template":"","meta":{"_acf_changed":false},"product_cat":[1365,371],"product_tag":[11072,8452,11688,8337],"class_list":["product","first","instock","shipping-taxable","purchasable","product-type-simple"],"acf":[],"_links":{"self":[{"href":"https:\/\/mouldking.store\/hu\/wp-json\/wp\/v2\/product\/44071","targetHints":{"allow":["GET"]}}],"collection":[{"href":"https:\/\/mouldking.store\/hu\/wp-json\/wp\/v2\/product"}],"about":[{"href":"https:\/\/mouldking.store\/hu\/wp-json\/wp\/v2\/types\/product"}],"replies":[{"embeddable":true,"href":"https:\/\/mouldking.store\/hu\/wp-json\/wp\/v2\/comments?post=44071"}],"wp:featuredmedia":[{"embeddable":true,"href":"https:\/\/mouldking.store\/hu\/wp-json\/wp\/v2\/media\/44064"}],"wp:attachment":[{"href":"https:\/\/mouldking.store\/hu\/wp-json\/wp\/v2\/media?parent=44071"}],"wp:term":[{"taxonomy":"product_cat","embeddable":true,"href":"https:\/\/mouldking.store\/hu\/wp-json\/wp\/v2\/product_cat?post=44071"},{"taxonomy":"product_tag","embeddable":true,"href":"https:\/\/mouldking.store\/hu\/wp-json\/wp\/v2\/product_tag?post=44071"}],"curies":[{"name":"wp","href":"https:\/\/api.w.org\/{rel}","templated":true}]}}