{"id":44076,"date":"2023-04-10T10:29:48","date_gmt":"2023-04-10T03:29:48","guid":{"rendered":"https:\/\/mouldking.store\/shop\/moc-factory-98283-rick-and-morty-smith-residence-with-1848-pieces\/"},"modified":"2025-12-16T22:25:05","modified_gmt":"2025-12-16T15:25:05","slug":"moc-factory-98283-rick-and-morty-smith-residence-with-1848-pieces","status":"publish","type":"product","link":"https:\/\/mouldking.store\/hu\/shop\/moc-factory-98283-rick-and-morty-smith-residence-with-1848-pieces\/","title":{"rendered":"MOC Factory 98283 Rick and Morty Smith rezidencia 1848 darabbal"},"content":{"rendered":"<div>\u2705 MOC-98283 Rick and Morty Smith Residence<\/p>\n<p>\u2705The Smith Residence is the home of the main characters in the animated television series &#8220;Rick and Morty.&#8221; It is the residence of the Smith family, including Jerry, Beth, Summer, and Morty. The house is located in the fictional town of &#8220;Morty&#8217;s Mind Blowers,&#8221; and serves as the primary setting for many of the show&#8217;s episodes.<\/p>\n<p>\ud83d\udeab FONTOS!<\/p>\n<p>Product Name: Rick and Morty Smith Residence<\/p>\n<p>Kateg\u00f3ria: Modul\u00e1ris \u00e9p\u00fclet<\/p>\n<p>This Kit Contains: C9342<\/p>\n<p>1848 pcs Good Quality Bricks<\/p>\n<p>Size: 38.4 x 35 x 18 cm<\/p>\n<p>Weight: 2.23 kg<\/p>\n<p>PDF \u00datmutat\u00f3<\/p>\n<p>\ud83d\udcccA f\u0151szerepl\u0151 term\u00e9szete<\/p>\n<p>Introducing our proud collection named \u201cRick and Morty Smith Residence\u201d you should not miss.<\/p>\n<p>The Smith Residence is depicted as a typical suburban home with multiple levels, a garage, and a backyard. The garage is where Rick, a brilliant but often reckless scientist, keeps his spaceship and various scientific inventions. The backyard is also the site of many of Rick&#8217;s experiments and adventures, often involving alien creatures or otherworldly technology. Throughout the series, the Smith Residence undergoes various changes and renovations as a result of Rick&#8217;s experiments and mishaps. Despite the chaos that often ensues within its walls, the Smith Residence serves as a place of comfort and refuge for the Smith family and is an integral part of the show&#8217;s setting and atmosphere.<\/p><\/div>","protected":false},"excerpt":{"rendered":"<p>M\u00e1rka: MOC Factory<br \/>\nNem: Uniszex<br \/>\nKoroszt\u00e1ly: &gt; 6 \u00e9v<br \/>\nModel Number: 98283<br \/>\nBesorol\u00e1s: \u00d6sszeszerel\u00e9s<br \/>\nM\u0171anyag blokk forma: \u00f6nz\u00e1r\u00f3 t\u00e9gla<br \/>\nAnyaga: M\u0171anyag<br \/>\nM\u0171anyag t\u00edpus: ABS<br \/>\nBricks Blocks: 1848 +<br \/>\nEredeti doboza nincs<\/p>","protected":false},"featured_media":44072,"comment_status":"open","ping_status":"closed","template":"","meta":{"_acf_changed":false},"product_cat":[1365,1395,390,581,1408],"product_tag":[8452,392,434,11696,11695],"class_list":["product","first","instock","shipping-taxable","purchasable","product-type-simple"],"acf":[],"_links":{"self":[{"href":"https:\/\/mouldking.store\/hu\/wp-json\/wp\/v2\/product\/44076","targetHints":{"allow":["GET"]}}],"collection":[{"href":"https:\/\/mouldking.store\/hu\/wp-json\/wp\/v2\/product"}],"about":[{"href":"https:\/\/mouldking.store\/hu\/wp-json\/wp\/v2\/types\/product"}],"replies":[{"embeddable":true,"href":"https:\/\/mouldking.store\/hu\/wp-json\/wp\/v2\/comments?post=44076"}],"wp:featuredmedia":[{"embeddable":true,"href":"https:\/\/mouldking.store\/hu\/wp-json\/wp\/v2\/media\/44072"}],"wp:attachment":[{"href":"https:\/\/mouldking.store\/hu\/wp-json\/wp\/v2\/media?parent=44076"}],"wp:term":[{"taxonomy":"product_cat","embeddable":true,"href":"https:\/\/mouldking.store\/hu\/wp-json\/wp\/v2\/product_cat?post=44076"},{"taxonomy":"product_tag","embeddable":true,"href":"https:\/\/mouldking.store\/hu\/wp-json\/wp\/v2\/product_tag?post=44076"}],"curies":[{"name":"wp","href":"https:\/\/api.w.org\/{rel}","templated":true}]}}