{"id":44105,"date":"2023-04-10T11:08:59","date_gmt":"2023-04-10T04:08:59","guid":{"rendered":"https:\/\/mouldking.store\/shop\/mj-13018-black-magic-castle-book-with-969-pieces\/"},"modified":"2023-04-10T11:08:59","modified_gmt":"2023-04-10T04:08:59","slug":"mj-13018-black-magic-castle-book-with-969-pieces","status":"publish","type":"product","link":"https:\/\/mouldking.store\/hu\/shop\/mj-13018-black-magic-castle-book-with-969-pieces\/","title":{"rendered":"MJ 13018 Black Magic Kast\u00e9lyk\u00f6nyv 969 darabbal"},"content":{"rendered":"<div>\u2705 MJI 13018 Black Magic Castle Book<br \/>&nbsp;<br \/>\u2705Barad-d\u00fbr is a fictional tower in J.R.R. Tolkien&#8217;s Middle-earth universe and appears in his novel &#8220;The Lord of the Rings.&#8221; It was the fortress of the Dark Lord Sauron and was located in the land of Mordor.<br \/>&nbsp;<br \/>\ud83d\udeab FONTOS!&nbsp;<br \/>&nbsp;<br \/>Product Name: Black Magic Castle Book<br \/>&nbsp;<br \/>Kateg\u00f3ria: Film<\/p>\n<p>This kit contains: MJI 13018&nbsp;<br \/>&nbsp;<br \/>969 pcs Good Quality Bricks&nbsp;<br \/>&nbsp;<br \/>K\u00e9zi utas\u00edt\u00e1sok&nbsp;<br \/>&nbsp;<br \/>\ud83d\udcccA f\u0151szerepl\u0151 term\u00e9szete&nbsp;<br \/>&nbsp;<br \/>Introducing our proud collection named \u201cBlack Magic Castle Book\u201d you should not miss.&nbsp;<br \/>&nbsp;<br \/>Barad-d\u00fbr was constructed by Sauron during the Second Age and was initially destroyed by the Last Alliance of Elves and Men, led by Gil-galad and Elendil, at the end of the Second Age. However, Sauron rebuilt the tower during the Third Age and used it as his base of operations in his efforts to conquer Middle-earth. The tower was described as incredibly tall and imposing, with walls that were impervious to conventional weapons. Barad-d\u00fbr was ultimately destroyed at the end of the War of the Ring when Frodo Baggins destroyed the One Ring in the fires of Mount Doom, causing Sauron&#8217;s power to be destroyed and the tower to collapse.<\/div>","protected":false},"excerpt":{"rendered":"<p>M\u00e1rka: MJ<br \/>\nNem: Uniszex<br \/>\nAge Range: &gt; 13 years old<br \/>\nModel Number: 13018<br \/>\nBesorol\u00e1s: \u00d6sszeszerel\u00e9s<br \/>\nM\u0171anyag blokk forma: \u00f6nz\u00e1r\u00f3 t\u00e9gla<br \/>\nAnyaga: M\u0171anyag<br \/>\nM\u0171anyag t\u00edpus: ABS<br \/>\nBricks Blocks: 969 +<br \/>\nEredeti doboza nincs<\/p>","protected":false},"featured_media":44101,"comment_status":"open","ping_status":"closed","template":"","meta":{"_acf_changed":false},"product_cat":[1365,1395,390,581,1408],"product_tag":[787,8452,8858,392,434],"class_list":["product","first","instock","shipping-taxable","purchasable","product-type-simple"],"acf":[],"_links":{"self":[{"href":"https:\/\/mouldking.store\/hu\/wp-json\/wp\/v2\/product\/44105","targetHints":{"allow":["GET"]}}],"collection":[{"href":"https:\/\/mouldking.store\/hu\/wp-json\/wp\/v2\/product"}],"about":[{"href":"https:\/\/mouldking.store\/hu\/wp-json\/wp\/v2\/types\/product"}],"replies":[{"embeddable":true,"href":"https:\/\/mouldking.store\/hu\/wp-json\/wp\/v2\/comments?post=44105"}],"wp:featuredmedia":[{"embeddable":true,"href":"https:\/\/mouldking.store\/hu\/wp-json\/wp\/v2\/media\/44101"}],"wp:attachment":[{"href":"https:\/\/mouldking.store\/hu\/wp-json\/wp\/v2\/media?parent=44105"}],"wp:term":[{"taxonomy":"product_cat","embeddable":true,"href":"https:\/\/mouldking.store\/hu\/wp-json\/wp\/v2\/product_cat?post=44105"},{"taxonomy":"product_tag","embeddable":true,"href":"https:\/\/mouldking.store\/hu\/wp-json\/wp\/v2\/product_tag?post=44105"}],"curies":[{"name":"wp","href":"https:\/\/api.w.org\/{rel}","templated":true}]}}