{"id":44111,"date":"2023-04-10T11:15:39","date_gmt":"2023-04-10T04:15:39","guid":{"rendered":"https:\/\/mouldking.store\/shop\/panlosbrick-672104-yamaha-r1-motorcycle-with-2347-pieces\/"},"modified":"2023-04-10T11:15:39","modified_gmt":"2023-04-10T04:15:39","slug":"panlosbrick-672104-yamaha-r1-motorcycle-with-2347-pieces","status":"publish","type":"product","link":"https:\/\/mouldking.store\/hu\/shop\/panlosbrick-672104-yamaha-r1-motorcycle-with-2347-pieces\/","title":{"rendered":"PANLOSBRICK 672104 YAMAHA R1 motorker\u00e9kp\u00e1r 2347 darabbal"},"content":{"rendered":"<div>\u2705 PANLOS 672104 YAMAHA R1 Motorcycle<br \/>&nbsp;<br \/>\u2705The Yamaha YZF-R1 is a sport motorcycle produced by Yamaha Motor Company. It was first introduced in 1998 and has gone through several updates and revisions since then.<br \/>&nbsp;<br \/>\ud83d\udeab FONTOS!&nbsp;<br \/>&nbsp;<br \/>Product Name: YAMAHA R1 Motorcycle<br \/>&nbsp;<br \/>Kateg\u00f3ria: M\u0171szaki<br \/>&nbsp;<br \/>This Kit Contains: PANLOS 672104<br \/>&nbsp;<br \/>2347 pcs Good Quality Bricks&nbsp;<br \/>&nbsp;<br \/>Size:&nbsp; 49 \u00d7 18 \u00d7 32 cm<br \/>&nbsp;<br \/>K\u00e9zi utas\u00edt\u00e1sok&nbsp;<br \/>&nbsp;<br \/>\ud83d\udcccA f\u0151szerepl\u0151 term\u00e9szete&nbsp;<br \/>&nbsp;<br \/>Introducing our proud collection named \u201cYAMAHA R1 Motorcycle\u201d you should not miss.&nbsp;<br \/>&nbsp;<br \/>The R1 is designed as a high-performance motorcycle with a focus on track performance, although it can also be ridden on the street. It is powered by a liquid-cooled, four-cylinder engine with a displacement of 998cc, which produces around 200 horsepower at the crankshaft. The R1 features a number of advanced technologies and features, including a slipper clutch, quick shifter, traction control, and ABS. It has a lightweight aluminum frame and swingarm, and its suspension is fully adjustable for optimal performance. The R1 is also known for its distinctive styling, which has evolved over the years to become more angular and aggressive.<\/div>","protected":false},"excerpt":{"rendered":"<p>M\u00e1rka: PANLOSBRICK<br \/>\nNem: Uniszex<br \/>\nKoroszt\u00e1ly: &gt; 6 \u00e9v<br \/>\nModel Number: 672104<br \/>\nBesorol\u00e1s: \u00d6sszeszerel\u00e9s<br \/>\nM\u0171anyag blokk forma: \u00f6nz\u00e1r\u00f3 t\u00e9gla<br \/>\nAnyaga: M\u0171anyag<br \/>\nM\u0171anyag t\u00edpus: ABS<br \/>\nBricks Blocks: 2347 +<br \/>\nEredeti doboza nincs<\/p>","protected":false},"featured_media":44106,"comment_status":"open","ping_status":"closed","template":"","meta":{"_acf_changed":false},"product_cat":[1357,364],"product_tag":[2449,389,11080,7864],"class_list":["product","first","instock","shipping-taxable","purchasable","product-type-simple"],"acf":[],"_links":{"self":[{"href":"https:\/\/mouldking.store\/hu\/wp-json\/wp\/v2\/product\/44111","targetHints":{"allow":["GET"]}}],"collection":[{"href":"https:\/\/mouldking.store\/hu\/wp-json\/wp\/v2\/product"}],"about":[{"href":"https:\/\/mouldking.store\/hu\/wp-json\/wp\/v2\/types\/product"}],"replies":[{"embeddable":true,"href":"https:\/\/mouldking.store\/hu\/wp-json\/wp\/v2\/comments?post=44111"}],"wp:featuredmedia":[{"embeddable":true,"href":"https:\/\/mouldking.store\/hu\/wp-json\/wp\/v2\/media\/44106"}],"wp:attachment":[{"href":"https:\/\/mouldking.store\/hu\/wp-json\/wp\/v2\/media?parent=44111"}],"wp:term":[{"taxonomy":"product_cat","embeddable":true,"href":"https:\/\/mouldking.store\/hu\/wp-json\/wp\/v2\/product_cat?post=44111"},{"taxonomy":"product_tag","embeddable":true,"href":"https:\/\/mouldking.store\/hu\/wp-json\/wp\/v2\/product_tag?post=44111"}],"curies":[{"name":"wp","href":"https:\/\/api.w.org\/{rel}","templated":true}]}}