{"id":44118,"date":"2023-04-10T11:27:15","date_gmt":"2023-04-10T04:27:15","guid":{"rendered":"https:\/\/mouldking.store\/shop\/rastar-93510-maserati-mc20-nettuno-with-3400-pieces\/"},"modified":"2023-04-10T11:27:15","modified_gmt":"2023-04-10T04:27:15","slug":"rastar-93510-maserati-mc20-nettuno-with-3400-pieces","status":"publish","type":"product","link":"https:\/\/mouldking.store\/hu\/shop\/rastar-93510-maserati-mc20-nettuno-with-3400-pieces\/","title":{"rendered":"Rastar 93510 Maserati MC20 Nettuno 3400 darabbal"},"content":{"rendered":"<div>\u2705 RASTAR 93510 Maserati MC20 Nettuno<br \/>&nbsp;<br \/>\u2705A Maserati MC20 Nettuno egy nagy teljes\u00edtm\u00e9ny\u0171 sportaut\u00f3, amelyet az olasz luxusaut\u00f3-gy\u00e1rt\u00f3, a Maserati gy\u00e1rt. 2020 szeptember\u00e9ben mutatt\u00e1k be, mint a v\u00e1llalat els\u0151 \u00faj szuperaut\u00f3j\u00e1t t\u00f6bb mint egy \u00e9vtized ut\u00e1n.<br \/>&nbsp;<br \/>\ud83d\udeab FONTOS!&nbsp;<br \/>&nbsp;<br \/>Term\u00e9k neve: Maserati MC20 Nettuno&nbsp;<br \/>&nbsp;<br \/>Kateg\u00f3ria: M\u0171szaki<br \/>&nbsp;<br \/>A k\u00e9szlet tartalma: RASTAR 93510 statikus v\u00e1ltozat<br \/>&nbsp;<br \/>3400 db j\u00f3 min\u0151s\u00e9g\u0171 t\u00e9gla&nbsp;<br \/>&nbsp;<br \/>M\u00e9ret: 58,5 \u00d7 28,1 \u00d7 15,4 cm<br \/>&nbsp;<br \/>K\u00e9zi utas\u00edt\u00e1sok&nbsp;<br \/>&nbsp;<br \/>\ud83d\udcccA f\u0151szerepl\u0151 term\u00e9szete&nbsp;<br \/>&nbsp;<br \/>Bemutatjuk b\u00fcszke kollekci\u00f3nkat, a \u201eMaserati MC20 Nettuno\u201d-t, amelyet nem szabad kihagynod.&nbsp;<br \/>&nbsp;<br \/>Az MC20 Nettuno-t egy fejlett, dupla turb\u00f3felt\u00f6lt\u0151s V6-os motor hajtja, amelyet teljes eg\u00e9sz\u00e9ben a Maserati tervezett \u00e9s \u00e9p\u00edtett. A Nettuno n\u00e9vre keresztelt motor 3,0 literes l\u00f6kett\u00e9rfogattal rendelkezik, 621 l\u00f3er\u0151s teljes\u00edtm\u00e9nyt \u00e9s 550 Nm nyomat\u00e9kot ad le. Nyolcfokozat\u00fa dupla kuplungos sebess\u00e9gv\u00e1lt\u00f3hoz \u00e9s h\u00e1ts\u00f3ker\u00e9k-hajt\u00e1shoz csatlakozik. Az aut\u00f3 kevesebb mint h\u00e1rom m\u00e1sodperc alatt gyorsul 0-r\u00f3l 100 km\/h-ra, v\u00e9gsebess\u00e9ge pedig meghaladja a 320 km\/h-t. Az MC20 Nettuno k\u00f6nny\u0171, sz\u00e9nsz\u00e1las monocoque alv\u00e1zzal \u00e9s karossz\u00e9ri\u00e1val rendelkezik, ami seg\u00edt abban, hogy a s\u00falya k\u00f6r\u00fclbel\u00fcl 1500 kg legyen. Fejlett aerodinamik\u00e1val is rendelkezik, bele\u00e9rtve a h\u00e1ts\u00f3 spoilert, amely automatikusan be\u00e1ll\u00edtja mag\u00e1t, hogy optim\u00e1lis leszor\u00edt\u00f3er\u0151t biztos\u00edtson nagy sebess\u00e9gn\u00e9l. Az aut\u00f3 eleg\u00e1ns, modern diz\u00e1jnnal rendelkezik, \u00e9les sz\u00f6gekkel \u00e9s agressz\u00edv st\u00edlussal.<\/div>","protected":false},"excerpt":{"rendered":"<p>M\u00e1rka: Rastar<br \/>\nNem: Uniszex<br \/>\nKoroszt\u00e1ly: &gt; 6 \u00e9v<br \/>\nModellsz\u00e1m: 93510<br \/>\nBesorol\u00e1s: \u00d6sszeszerel\u00e9s<br \/>\nM\u0171anyag blokk forma: \u00f6nz\u00e1r\u00f3 t\u00e9gla<br \/>\nAnyaga: M\u0171anyag<br \/>\nM\u0171anyag t\u00edpus: ABS<br \/>\nT\u00e9gl\u00e1k Blokkok: 3400+<br \/>\nEredeti doboza nincs<\/p>","protected":false},"featured_media":44112,"comment_status":"open","ping_status":"closed","template":"","meta":{"_acf_changed":false},"product_cat":[1360,1357,364],"product_tag":[457,11612,11613,11614,11150,389,11080],"class_list":["product","first","instock","shipping-taxable","purchasable","product-type-simple"],"acf":[],"_links":{"self":[{"href":"https:\/\/mouldking.store\/hu\/wp-json\/wp\/v2\/product\/44118","targetHints":{"allow":["GET"]}}],"collection":[{"href":"https:\/\/mouldking.store\/hu\/wp-json\/wp\/v2\/product"}],"about":[{"href":"https:\/\/mouldking.store\/hu\/wp-json\/wp\/v2\/types\/product"}],"replies":[{"embeddable":true,"href":"https:\/\/mouldking.store\/hu\/wp-json\/wp\/v2\/comments?post=44118"}],"wp:featuredmedia":[{"embeddable":true,"href":"https:\/\/mouldking.store\/hu\/wp-json\/wp\/v2\/media\/44112"}],"wp:attachment":[{"href":"https:\/\/mouldking.store\/hu\/wp-json\/wp\/v2\/media?parent=44118"}],"wp:term":[{"taxonomy":"product_cat","embeddable":true,"href":"https:\/\/mouldking.store\/hu\/wp-json\/wp\/v2\/product_cat?post=44118"},{"taxonomy":"product_tag","embeddable":true,"href":"https:\/\/mouldking.store\/hu\/wp-json\/wp\/v2\/product_tag?post=44118"}],"curies":[{"name":"wp","href":"https:\/\/api.w.org\/{rel}","templated":true}]}}