{"id":44134,"date":"2023-04-10T12:00:21","date_gmt":"2023-04-10T05:00:21","guid":{"rendered":"https:\/\/mouldking.store\/shop\/moc-factory-52053-trident-class-submarine-with-1584-pieces\/"},"modified":"2025-12-16T22:25:04","modified_gmt":"2025-12-16T15:25:04","slug":"moc-factory-52053-trident-class-submarine-with-1584-pieces","status":"publish","type":"product","link":"https:\/\/mouldking.store\/hu\/shop\/moc-factory-52053-trident-class-submarine-with-1584-pieces\/","title":{"rendered":"MOC Factory 52053 Trident oszt\u00e1ly\u00fa tengeralattj\u00e1r\u00f3 1584 darabbal"},"content":{"rendered":"<div>\u2705MOC-52053 Trident Class Submarine<\/p>\n<p>\u2705MOC-52053 refers to a custom brick design for a model of a fictional submarine called the &#8220;Trident Class Submarine&#8221;. It is not an official brick set or product, but rather a fan-made creation that has been shared and sold among brick enthusiasts.<\/p>\n<p>\ud83d\udeab FONTOS!<\/p>\n<p>Product Name: Trident Class Submarine<\/p>\n<p>Kateg\u00f3ria: M\u0171szaki<\/p>\n<p>This Kit Contains: MOC-52053<\/p>\n<p>1584 pcs Good Quality Bricks<\/p>\n<p>PDF \u00datmutat\u00f3<\/p>\n<p>\ud83d\udcccA f\u0151szerepl\u0151 term\u00e9szete<\/p>\n<p>Introducing our proud collection named \u201cTrident Class Submarine\u201d you should not miss.<\/p>\n<p>The design for the Trident Class Submarine model features a sleek, futuristic-looking submarine with a distinctive triangular shape. It has various details such as periscopes, a torpedo tube, and missile launchers. The model is designed to be built using Lego bricks and other compatible pieces, and includes detailed instructions for assembly.<\/p><\/div>","protected":false},"excerpt":{"rendered":"<p>M\u00e1rka: MOC Factory<br \/>\nNem: Uniszex<br \/>\nKoroszt\u00e1ly: &gt; 6 \u00e9v<br \/>\nModel Number: 52053<br \/>\nBesorol\u00e1s: \u00d6sszeszerel\u00e9s<br \/>\nM\u0171anyag blokk forma: \u00f6nz\u00e1r\u00f3 t\u00e9gla<br \/>\nAnyaga: M\u0171anyag<br \/>\nM\u0171anyag t\u00edpus: ABS<br \/>\nBricks Blocks: 1584 +<br \/>\nRendel\u00e9si id\u0151: 4-8 h\u00e9t<\/p>","protected":false},"featured_media":44129,"comment_status":"open","ping_status":"closed","template":"","meta":{"_acf_changed":false},"product_cat":[1357,364],"product_tag":[11252,389,11080,11703],"class_list":["product","first","instock","shipping-taxable","purchasable","product-type-simple"],"acf":[],"_links":{"self":[{"href":"https:\/\/mouldking.store\/hu\/wp-json\/wp\/v2\/product\/44134","targetHints":{"allow":["GET"]}}],"collection":[{"href":"https:\/\/mouldking.store\/hu\/wp-json\/wp\/v2\/product"}],"about":[{"href":"https:\/\/mouldking.store\/hu\/wp-json\/wp\/v2\/types\/product"}],"replies":[{"embeddable":true,"href":"https:\/\/mouldking.store\/hu\/wp-json\/wp\/v2\/comments?post=44134"}],"wp:featuredmedia":[{"embeddable":true,"href":"https:\/\/mouldking.store\/hu\/wp-json\/wp\/v2\/media\/44129"}],"wp:attachment":[{"href":"https:\/\/mouldking.store\/hu\/wp-json\/wp\/v2\/media?parent=44134"}],"wp:term":[{"taxonomy":"product_cat","embeddable":true,"href":"https:\/\/mouldking.store\/hu\/wp-json\/wp\/v2\/product_cat?post=44134"},{"taxonomy":"product_tag","embeddable":true,"href":"https:\/\/mouldking.store\/hu\/wp-json\/wp\/v2\/product_tag?post=44134"}],"curies":[{"name":"wp","href":"https:\/\/api.w.org\/{rel}","templated":true}]}}