{"id":44146,"date":"2023-04-10T12:21:17","date_gmt":"2023-04-10T05:21:17","guid":{"rendered":"https:\/\/mouldking.store\/shop\/moc-factory-103440-old-town-bus-station-law-office-with-3899-pieces\/"},"modified":"2025-12-16T22:25:04","modified_gmt":"2025-12-16T15:25:04","slug":"moc-factory-103440-old-town-bus-station-law-office-with-3899-pieces","status":"publish","type":"product","link":"https:\/\/mouldking.store\/hu\/shop\/moc-factory-103440-old-town-bus-station-law-office-with-3899-pieces\/","title":{"rendered":"MOC Factory 103440 Old Town \u2013 Buszp\u00e1lyaudvar \u00e9s \u00dcgyv\u00e9di Iroda 3899 darabbal"},"content":{"rendered":"<div>\u2705 MOC-103440 Old Town &#8211; Bus Station &amp; Law Office<\/p>\n<p>\u2705MOC-103440 is a custom brick design created by a brick enthusiast and shared online. It is not an official brick set or product.<\/p>\n<p>\ud83d\udeab FONTOS!<\/p>\n<p>Product Name: Old Town &#8211; Bus Station &amp; Law Office<\/p>\n<p>Kateg\u00f3ria: Modul\u00e1ris \u00e9p\u00fclet<\/p>\n<p>This Kit Contains: MOC-103440<\/p>\n<p>3899 pcs Good Quality Bricks<\/p>\n<p>PDF \u00datmutat\u00f3<\/p>\n<p>\ud83d\udcccA f\u0151szerepl\u0151 term\u00e9szete<\/p>\n<p>Introducing our proud collection named \u201cOld Town &#8211; Bus Station &amp; Law Office\u201d you should not miss.<\/p>\n<p>The design is for a model of an old-fashioned bus station and law office, inspired by the architecture and style of historic buildings in small towns. The model features a two-story brick building with a bus stop out front, and includes details such as a ticket counter, waiting area, and law office with a fireplace and bookshelves. The model is designed to be built using bricks and other compatible pieces, and includes detailed instructions for assembly. It is intended for intermediate to advanced brick builders due to its complexity and level of detail.<\/p><\/div>","protected":false},"excerpt":{"rendered":"<p>M\u00e1rka: MOC Factory<br \/>\nNem: Uniszex<br \/>\nKoroszt\u00e1ly: &gt; 6 \u00e9v<br \/>\nModel Number: 103440<br \/>\nBesorol\u00e1s: \u00d6sszeszerel\u00e9s<br \/>\nM\u0171anyag blokk forma: \u00f6nz\u00e1r\u00f3 t\u00e9gla<br \/>\nAnyaga: M\u0171anyag<br \/>\nM\u0171anyag t\u00edpus: ABS<br \/>\nBricks Blocks: 3899 +<br \/>\nArrange Time; 4-8 weeks<\/p>","protected":false},"featured_media":44141,"comment_status":"open","ping_status":"closed","template":"","meta":{"_acf_changed":false},"product_cat":[1395,390],"product_tag":[4572,4883,392,10602,2309,2682],"class_list":["product","first","instock","shipping-taxable","purchasable","product-type-simple"],"acf":[],"_links":{"self":[{"href":"https:\/\/mouldking.store\/hu\/wp-json\/wp\/v2\/product\/44146","targetHints":{"allow":["GET"]}}],"collection":[{"href":"https:\/\/mouldking.store\/hu\/wp-json\/wp\/v2\/product"}],"about":[{"href":"https:\/\/mouldking.store\/hu\/wp-json\/wp\/v2\/types\/product"}],"replies":[{"embeddable":true,"href":"https:\/\/mouldking.store\/hu\/wp-json\/wp\/v2\/comments?post=44146"}],"wp:featuredmedia":[{"embeddable":true,"href":"https:\/\/mouldking.store\/hu\/wp-json\/wp\/v2\/media\/44141"}],"wp:attachment":[{"href":"https:\/\/mouldking.store\/hu\/wp-json\/wp\/v2\/media?parent=44146"}],"wp:term":[{"taxonomy":"product_cat","embeddable":true,"href":"https:\/\/mouldking.store\/hu\/wp-json\/wp\/v2\/product_cat?post=44146"},{"taxonomy":"product_tag","embeddable":true,"href":"https:\/\/mouldking.store\/hu\/wp-json\/wp\/v2\/product_tag?post=44146"}],"curies":[{"name":"wp","href":"https:\/\/api.w.org\/{rel}","templated":true}]}}