{"id":44152,"date":"2023-04-10T12:32:22","date_gmt":"2023-04-10T05:32:22","guid":{"rendered":"https:\/\/mouldking.store\/shop\/moc-factory-88683-st-michaels-galleon-sailing-boat-with-4363-pieces\/"},"modified":"2025-12-16T22:25:04","modified_gmt":"2025-12-16T15:25:04","slug":"moc-factory-88683-st-michaels-galleon-sailing-boat-with-4363-pieces","status":"publish","type":"product","link":"https:\/\/mouldking.store\/hu\/shop\/moc-factory-88683-st-michaels-galleon-sailing-boat-with-4363-pieces\/","title":{"rendered":"MOC Factory 88683 St Michael&#039;s Galleon vitorl\u00e1s 4363 darabbal"},"content":{"rendered":"<div>\u2705 MOC-88683 St Michael&#8217;s Galleon Sailing Boat<\/p>\n<p>\u2705The model is designed to be built using bricks and other compatible pieces and includes detailed instructions for assembly. It is intended for intermediate to advanced brick builders due to its complexity and level of detail.<\/p>\n<p>\ud83d\udeab FONTOS!<\/p>\n<p>Product Name: St Michael&#8217;s Galleon Sailing Boat<\/p>\n<p>Kateg\u00f3ria: M\u0171szaki<\/p>\n<p>This Kit Contains: MOC-88683<\/p>\n<p>4363 pcs Good Quality Bricks<\/p>\n<p>PDF \u00datmutat\u00f3<\/p>\n<p>\ud83d\udcccA f\u0151szerepl\u0151 term\u00e9szete<\/p>\n<p>Introducing our proud collection named \u201cSt Michael&#8217;s Galleon Sailing Boat\u201d you should not miss.<\/p>\n<p>The design is for a model of a fictional galleon ship, named after the patron saint of sailors, St. Michael. The ship features a detailed design with three masts, multiple decks, and various details such as cannons, rigging, and flags. It also includes a crew of brick minifigures and a small rowboat.<\/p><\/div>","protected":false},"excerpt":{"rendered":"<p>M\u00e1rka: MOC Factory<br \/>\nNem: Uniszex<br \/>\nKoroszt\u00e1ly: &gt; 6 \u00e9v<br \/>\nModel Number: 88683<br \/>\nBesorol\u00e1s: \u00d6sszeszerel\u00e9s<br \/>\nM\u0171anyag blokk forma: \u00f6nz\u00e1r\u00f3 t\u00e9gla<br \/>\nAnyaga: M\u0171anyag<br \/>\nM\u0171anyag t\u00edpus: ABS<br \/>\nBricks Blocks: 4363 +<br \/>\nRendel\u00e9si id\u0151: 4-8 h\u00e9t<\/p>","protected":false},"featured_media":44147,"comment_status":"open","ping_status":"closed","template":"","meta":{"_acf_changed":false},"product_cat":[1357,364],"product_tag":[6471,11705,11704,389,11080],"class_list":["product","first","instock","shipping-taxable","purchasable","product-type-simple"],"acf":[],"_links":{"self":[{"href":"https:\/\/mouldking.store\/hu\/wp-json\/wp\/v2\/product\/44152","targetHints":{"allow":["GET"]}}],"collection":[{"href":"https:\/\/mouldking.store\/hu\/wp-json\/wp\/v2\/product"}],"about":[{"href":"https:\/\/mouldking.store\/hu\/wp-json\/wp\/v2\/types\/product"}],"replies":[{"embeddable":true,"href":"https:\/\/mouldking.store\/hu\/wp-json\/wp\/v2\/comments?post=44152"}],"wp:featuredmedia":[{"embeddable":true,"href":"https:\/\/mouldking.store\/hu\/wp-json\/wp\/v2\/media\/44147"}],"wp:attachment":[{"href":"https:\/\/mouldking.store\/hu\/wp-json\/wp\/v2\/media?parent=44152"}],"wp:term":[{"taxonomy":"product_cat","embeddable":true,"href":"https:\/\/mouldking.store\/hu\/wp-json\/wp\/v2\/product_cat?post=44152"},{"taxonomy":"product_tag","embeddable":true,"href":"https:\/\/mouldking.store\/hu\/wp-json\/wp\/v2\/product_tag?post=44152"}],"curies":[{"name":"wp","href":"https:\/\/api.w.org\/{rel}","templated":true}]}}