{"id":44171,"date":"2023-04-12T10:31:18","date_gmt":"2023-04-12T03:31:18","guid":{"rendered":"https:\/\/mouldking.store\/shop\/panlosbrick-688003-99a-tank-transport-with-2784-pieces\/"},"modified":"2023-04-12T10:31:18","modified_gmt":"2023-04-12T03:31:18","slug":"panlosbrick-688003-99a-tank-transport-with-2784-pieces","status":"publish","type":"product","link":"https:\/\/mouldking.store\/hu\/shop\/panlosbrick-688003-99a-tank-transport-with-2784-pieces\/","title":{"rendered":"PANLOSBRICK 688003 99A tart\u00e1lysz\u00e1ll\u00edt\u00f3 2784 darabbal"},"content":{"rendered":"<div>\u2705 PANLOS 688003 99A Tank Transport<br \/>&nbsp;<br \/>\u2705The 99A Tank Transport is a military vehicle designed and produced by the Chinese company NORINCO (China North Industries Corporation). It is also known by its export name, the VT4 Tank Transporter.<br \/>&nbsp;<br \/>\ud83d\udeab FONTOS!&nbsp;<br \/>&nbsp;<br \/>Product Name: 99A Tank Transport<br \/>&nbsp;<br \/>Kateg\u00f3ria: Katonai<br \/>&nbsp;<br \/>This Kit Contains:&nbsp; PANLOS 688003<br \/>&nbsp;<br \/>2784 pcs Good Quality Bricks&nbsp;<br \/>&nbsp;<br \/>Size:66 \u00d7 13 \u00d7 22 cm<br \/>&nbsp;<br \/>K\u00e9zi utas\u00edt\u00e1sok&nbsp;<br \/>&nbsp;<br \/>\ud83d\udcccA f\u0151szerepl\u0151 term\u00e9szete&nbsp;<br \/>&nbsp;<br \/>Introducing our proud collection named \u201c99A Tank Transport\u201d you should not miss.&nbsp;<br \/>&nbsp;<br \/>99A Tank Transport is primarily designed for the transport of heavy tanks and other armored vehicles. It is a heavy-duty vehicle that is capable of carrying loads of up to 60 tons. The 99A Tank Transport features a powerful engine, high ground clearance, and a robust suspension system that enables it to traverse difficult terrain. The 99A Tank Transport has a crew of three, including a driver, a co-driver, and a commander. It is equipped with a range of advanced technologies, including a GPS navigation system, a rear-view camera, and a tire-pressure monitoring system.<\/div>","protected":false},"excerpt":{"rendered":"<p>M\u00e1rka: PANLOSBRICK<br \/>\nNem: Uniszex<br \/>\nKoroszt\u00e1ly: &gt; 6 \u00e9v<br \/>\nModellsz\u00e1m: 688003<br \/>\nBesorol\u00e1s: \u00d6sszeszerel\u00e9s<br \/>\nM\u0171anyag blokk forma: \u00f6nz\u00e1r\u00f3 t\u00e9gla<br \/>\nAnyaga: M\u0171anyag<br \/>\nM\u0171anyag t\u00edpus: ABS<br \/>\nBricks Blocks: 2784 +<br \/>\nEredeti doboza nincs<\/p>","protected":false},"featured_media":44166,"comment_status":"open","ping_status":"closed","template":"","meta":{"_acf_changed":false},"product_cat":[1350,1357,372,364],"product_tag":[2794,374,485,389,11222],"class_list":["product","first","instock","shipping-taxable","purchasable","product-type-simple"],"acf":[],"_links":{"self":[{"href":"https:\/\/mouldking.store\/hu\/wp-json\/wp\/v2\/product\/44171","targetHints":{"allow":["GET"]}}],"collection":[{"href":"https:\/\/mouldking.store\/hu\/wp-json\/wp\/v2\/product"}],"about":[{"href":"https:\/\/mouldking.store\/hu\/wp-json\/wp\/v2\/types\/product"}],"replies":[{"embeddable":true,"href":"https:\/\/mouldking.store\/hu\/wp-json\/wp\/v2\/comments?post=44171"}],"wp:featuredmedia":[{"embeddable":true,"href":"https:\/\/mouldking.store\/hu\/wp-json\/wp\/v2\/media\/44166"}],"wp:attachment":[{"href":"https:\/\/mouldking.store\/hu\/wp-json\/wp\/v2\/media?parent=44171"}],"wp:term":[{"taxonomy":"product_cat","embeddable":true,"href":"https:\/\/mouldking.store\/hu\/wp-json\/wp\/v2\/product_cat?post=44171"},{"taxonomy":"product_tag","embeddable":true,"href":"https:\/\/mouldking.store\/hu\/wp-json\/wp\/v2\/product_tag?post=44171"}],"curies":[{"name":"wp","href":"https:\/\/api.w.org\/{rel}","templated":true}]}}