{"id":44177,"date":"2023-04-12T10:40:08","date_gmt":"2023-04-12T03:40:08","guid":{"rendered":"https:\/\/mouldking.store\/shop\/loz-1943-honey-workshop-with-1242-pieces\/"},"modified":"2023-04-12T10:40:08","modified_gmt":"2023-04-12T03:40:08","slug":"loz-1943-honey-workshop-with-1242-pieces","status":"publish","type":"product","link":"https:\/\/mouldking.store\/hu\/shop\/loz-1943-honey-workshop-with-1242-pieces\/","title":{"rendered":"LOZ 1943 M\u00e9zm\u0171hely 1242 darabbal"},"content":{"rendered":"<div>\u2705 LOZ 1943 Honey Workshop<br \/>&nbsp;<br \/>\u2705The LOZ1943 Creator Honey Workshop Building Blocks Toys is a construction toy set that allows you to build a miniature model of a workshop, with a honeybee theme.<br \/>&nbsp;<br \/>\ud83d\udeab FONTOS!&nbsp;<br \/>&nbsp;<br \/>Product Name: Honey Workshop<br \/>&nbsp;<br \/>Kateg\u00f3ria: Alkot\u00f3&nbsp;<br \/>&nbsp;<br \/>This Kit Contains:&nbsp; LOZ 1943<br \/>&nbsp;<br \/>1242 pcs Good Quality Bricks&nbsp;<br \/>&nbsp;<br \/>Size:&nbsp; 18.5 \u00d7 10.5 \u00d7 12.5 cm<\/div>\n<div>K\u00e9zi utas\u00edt\u00e1sok&nbsp;<br \/>&nbsp;<br \/>\ud83d\udcccA f\u0151szerepl\u0151 term\u00e9szete&nbsp;<br \/>&nbsp;<br \/>Introducing our proud collection named \u201cHoney Workshop\u201d you should not miss.&nbsp;<br \/>&nbsp;<br \/>The set includes building blocks and other components that can be assembled to create the honeybee-themed workshop. It is part of the LOZ Creator series, which features a variety of different building sets that allow you to construct small-scale models of different buildings and structures. The completed model of the honey workshop features a bright and colorful design, with a variety of different details and features that are inspired by honeybees and their hives. The set is designed to be challenging and engaging for builders of all ages, and may require some degree of skill and patience to complete.&nbsp;<\/div>","protected":false},"excerpt":{"rendered":"<p>M\u00e1rka: LOZ<br \/>\nNem: Uniszex<br \/>\nKoroszt\u00e1ly: &gt; 6 \u00e9v<br \/>\nModel Number: 1943<br \/>\nBesorol\u00e1s: \u00d6sszeszerel\u00e9s<br \/>\nM\u0171anyag blokk forma: \u00f6nz\u00e1r\u00f3 t\u00e9gla<br \/>\nAnyaga: M\u0171anyag<br \/>\nM\u0171anyag t\u00edpus: ABS<br \/>\nBricks Blocks: 1242 +<br \/>\nEredeti doboza nincs<\/p>","protected":false},"featured_media":44172,"comment_status":"open","ping_status":"closed","template":"","meta":{"_acf_changed":false},"product_cat":[1365,1395,371,390],"product_tag":[11072,8452,11706,392,11707],"class_list":["product","first","instock","shipping-taxable","purchasable","product-type-simple"],"acf":[],"_links":{"self":[{"href":"https:\/\/mouldking.store\/hu\/wp-json\/wp\/v2\/product\/44177","targetHints":{"allow":["GET"]}}],"collection":[{"href":"https:\/\/mouldking.store\/hu\/wp-json\/wp\/v2\/product"}],"about":[{"href":"https:\/\/mouldking.store\/hu\/wp-json\/wp\/v2\/types\/product"}],"replies":[{"embeddable":true,"href":"https:\/\/mouldking.store\/hu\/wp-json\/wp\/v2\/comments?post=44177"}],"wp:featuredmedia":[{"embeddable":true,"href":"https:\/\/mouldking.store\/hu\/wp-json\/wp\/v2\/media\/44172"}],"wp:attachment":[{"href":"https:\/\/mouldking.store\/hu\/wp-json\/wp\/v2\/media?parent=44177"}],"wp:term":[{"taxonomy":"product_cat","embeddable":true,"href":"https:\/\/mouldking.store\/hu\/wp-json\/wp\/v2\/product_cat?post=44177"},{"taxonomy":"product_tag","embeddable":true,"href":"https:\/\/mouldking.store\/hu\/wp-json\/wp\/v2\/product_tag?post=44177"}],"curies":[{"name":"wp","href":"https:\/\/api.w.org\/{rel}","templated":true}]}}