{"id":44216,"date":"2023-04-12T11:26:27","date_gmt":"2023-04-12T04:26:27","guid":{"rendered":"https:\/\/mouldking.store\/shop\/reobrix-66032-streetscape-book-of-architecture-with-3108-pieces\/"},"modified":"2023-04-12T11:26:27","modified_gmt":"2023-04-12T04:26:27","slug":"reobrix-66032-streetscape-book-of-architecture-with-3108-pieces","status":"publish","type":"product","link":"https:\/\/mouldking.store\/hu\/shop\/reobrix-66032-streetscape-book-of-architecture-with-3108-pieces\/","title":{"rendered":"REOBRIX 66032 Utcak\u00e9p \u00e9p\u00edt\u00e9szeti k\u00f6nyv 3108 darabbal"},"content":{"rendered":"<div>\u2705 Reobrix 66032 Streetscape Book of Architecture&nbsp;<br \/>&nbsp;<br \/>\u2705The Reobrix 66032 Streetscape Book of Architecture is a building block set that allows you to construct a detailed model of a city streetscape. The set comes in the form of a book, with the blocks and components stored inside the pages of the book.<br \/>&nbsp;<br \/>\ud83d\udeab FONTOS!&nbsp;<br \/>&nbsp;<br \/>Product Name: Streetscape Book of Architecture&nbsp;<br \/>&nbsp;<br \/>Kateg\u00f3ria: Alkot\u00f3&nbsp;<\/p>\n<p>This kit contains: Reobrix 66032<br \/>&nbsp;<br \/>3108 pcs Good Quality Bricks&nbsp;<br \/>&nbsp;<br \/>Size: 63.5 \u00d7 14 \u00d7 29.5 cm<br \/>&nbsp;<br \/>K\u00e9zi utas\u00edt\u00e1sok&nbsp;<br \/>&nbsp;<br \/>\ud83d\udcccA f\u0151szerepl\u0151 term\u00e9szete&nbsp;<br \/>&nbsp;<br \/>Introducing our proud collection named \u201cStreetscape Book of Architecture \u201d you should not miss.&nbsp;<br \/>&nbsp;<br \/>The Reobrix 66032 Streetscape Book of Architecture set is designed for builders who enjoy building block sets with intricate and detailed designs. The set includes detailed instructions and a parts list to help you assemble the model, and is compatible with other building block sets from the Reobrix series. Once completed, the streetscape model can be displayed on a shelf or used as a fun playset for miniature figures or toys. The book packaging also adds an extra layer of fun and creativity to the building process, making it a great gift for fans of building block toys and architecture. The set encourages creativity, imagination and problem-solving skills.<\/div>","protected":false},"excerpt":{"rendered":"<p>M\u00e1rka: REOBRIX<br \/>\nNem: Uniszex<br \/>\nKorhat\u00e1r: 14 \u00e9v felett<br \/>\nModel Number: 66032<br \/>\nBesorol\u00e1s: \u00d6sszeszerel\u00e9s<br \/>\nM\u0171anyag blokk forma: \u00f6nz\u00e1r\u00f3 t\u00e9gla<br \/>\nAnyaga: M\u0171anyag<br \/>\nM\u0171anyag t\u00edpus: ABS<br \/>\nBricks Blocks: 3108 +<br \/>\nEredeti doboza nincs<\/p>","protected":false},"featured_media":44211,"comment_status":"open","ping_status":"closed","template":"","meta":{"_acf_changed":false},"product_cat":[1365,1395,371,390],"product_tag":[11260,1411,11072,8452,392,6432],"class_list":["product","first","instock","shipping-taxable","purchasable","product-type-simple"],"acf":[],"_links":{"self":[{"href":"https:\/\/mouldking.store\/hu\/wp-json\/wp\/v2\/product\/44216","targetHints":{"allow":["GET"]}}],"collection":[{"href":"https:\/\/mouldking.store\/hu\/wp-json\/wp\/v2\/product"}],"about":[{"href":"https:\/\/mouldking.store\/hu\/wp-json\/wp\/v2\/types\/product"}],"replies":[{"embeddable":true,"href":"https:\/\/mouldking.store\/hu\/wp-json\/wp\/v2\/comments?post=44216"}],"wp:featuredmedia":[{"embeddable":true,"href":"https:\/\/mouldking.store\/hu\/wp-json\/wp\/v2\/media\/44211"}],"wp:attachment":[{"href":"https:\/\/mouldking.store\/hu\/wp-json\/wp\/v2\/media?parent=44216"}],"wp:term":[{"taxonomy":"product_cat","embeddable":true,"href":"https:\/\/mouldking.store\/hu\/wp-json\/wp\/v2\/product_cat?post=44216"},{"taxonomy":"product_tag","embeddable":true,"href":"https:\/\/mouldking.store\/hu\/wp-json\/wp\/v2\/product_tag?post=44216"}],"curies":[{"name":"wp","href":"https:\/\/api.w.org\/{rel}","templated":true}]}}