{"id":44237,"date":"2023-04-12T11:56:48","date_gmt":"2023-04-12T04:56:48","guid":{"rendered":"https:\/\/mouldking.store\/shop\/moc-factory-104139-assembly-square-apocalypse-version-with-4453-pieces\/"},"modified":"2025-12-16T22:25:04","modified_gmt":"2025-12-16T15:25:04","slug":"moc-factory-104139-assembly-square-apocalypse-version-with-4453-pieces","status":"publish","type":"product","link":"https:\/\/mouldking.store\/hu\/shop\/moc-factory-104139-assembly-square-apocalypse-version-with-4453-pieces\/","title":{"rendered":"MOC Factory 104139 Assembly Square \u2013 Apokalipszis verzi\u00f3 4453 darabbal"},"content":{"rendered":"<div>\u2705 MOC-104139 Assembly Square &#8211; Apocalypse Version<\/p>\n<p>\u2705Assembly Square is a commercial and residential complex located in the city of Somerville, Massachusetts, USA. The complex includes offices, apartments, retail stores, restaurants, and public spaces. Assembly Square is situated on the site of a former Ford Motor Company factory and was developed by Federal Realty Investment Trust.<\/p>\n<p>\ud83d\udeab FONTOS!<\/p>\n<p>Product Name: Assembly Square &#8211; Apocalypse Version<\/p>\n<p>Kateg\u00f3ria: Modul\u00e1ris \u00e9p\u00fclet<\/p>\n<p>This Kit Contains: MOC-104139<\/p>\n<p>4453 pcs Good Quality Bricks<\/p>\n<p>PDF \u00datmutat\u00f3<\/p>\n<p>\ud83d\udcccA f\u0151szerepl\u0151 term\u00e9szete<\/p>\n<p>Introducing our proud collection named \u201cAssembly Square &#8211; Apocalypse Version\u201d you should not miss.<\/p>\n<p>The complex has become a popular shopping and dining destination in the Boston metropolitan area, with a variety of stores and restaurants such as AMC Theatres, Starbucks, Legal Sea Foods, and more. It also features public spaces such as Baxter Riverfront Park, where people can enjoy views of the Mystic River.<\/p><\/div>","protected":false},"excerpt":{"rendered":"<p>M\u00e1rka: MOC Factory<br \/>\nNem: Uniszex<br \/>\nKoroszt\u00e1ly: &gt; 6 \u00e9v<br \/>\nModel Number: 104139<br \/>\nBesorol\u00e1s: \u00d6sszeszerel\u00e9s<br \/>\nM\u0171anyag blokk forma: \u00f6nz\u00e1r\u00f3 t\u00e9gla<br \/>\nAnyaga: M\u0171anyag<br \/>\nM\u0171anyag t\u00edpus: ABS<br \/>\nBricks Blocks: 4453 +<br \/>\nRendel\u00e9si id\u0151: 4-8 h\u00e9t<\/p>","protected":false},"featured_media":44232,"comment_status":"open","ping_status":"closed","template":"","meta":{"_acf_changed":false},"product_cat":[1395,390],"product_tag":[11714,11562,4883,11099,392,11125],"class_list":["product","first","instock","shipping-taxable","purchasable","product-type-simple"],"acf":[],"_links":{"self":[{"href":"https:\/\/mouldking.store\/hu\/wp-json\/wp\/v2\/product\/44237","targetHints":{"allow":["GET"]}}],"collection":[{"href":"https:\/\/mouldking.store\/hu\/wp-json\/wp\/v2\/product"}],"about":[{"href":"https:\/\/mouldking.store\/hu\/wp-json\/wp\/v2\/types\/product"}],"replies":[{"embeddable":true,"href":"https:\/\/mouldking.store\/hu\/wp-json\/wp\/v2\/comments?post=44237"}],"wp:featuredmedia":[{"embeddable":true,"href":"https:\/\/mouldking.store\/hu\/wp-json\/wp\/v2\/media\/44232"}],"wp:attachment":[{"href":"https:\/\/mouldking.store\/hu\/wp-json\/wp\/v2\/media?parent=44237"}],"wp:term":[{"taxonomy":"product_cat","embeddable":true,"href":"https:\/\/mouldking.store\/hu\/wp-json\/wp\/v2\/product_cat?post=44237"},{"taxonomy":"product_tag","embeddable":true,"href":"https:\/\/mouldking.store\/hu\/wp-json\/wp\/v2\/product_tag?post=44237"}],"curies":[{"name":"wp","href":"https:\/\/api.w.org\/{rel}","templated":true}]}}