{"id":44247,"date":"2023-04-13T18:19:19","date_gmt":"2023-04-13T11:19:19","guid":{"rendered":"https:\/\/mouldking.store\/shop\/moc-factory-139323-c9382-sheikah-tower-from-the-legend-of-zelda-breath-of-the-wild-with-2254-pieces\/"},"modified":"2025-12-16T22:25:04","modified_gmt":"2025-12-16T15:25:04","slug":"moc-factory-139323-c9382-sheikah-tower-from-the-legend-of-zelda-breath-of-the-wild-with-2254-pieces","status":"publish","type":"product","link":"https:\/\/mouldking.store\/hu\/shop\/moc-factory-139323-c9382-sheikah-tower-from-the-legend-of-zelda-breath-of-the-wild-with-2254-pieces\/","title":{"rendered":"MOC Factory 139323 C9382 Sheikah Tower a The Legend of Zelda Breath of the Wild-b\u00f3l 2254 darabbal"},"content":{"rendered":"<div>\u2705 MOC-139323 Sheikah Tower a The Legend of Zelda Breath of the Wild-b\u00f3l<\/p>\n<p>\u2705A Sheikah Tower visszat\u00e9r\u0151 eleme a The Legend of Zelda: Breath of the Wild nev\u0171 n\u00e9pszer\u0171 akci\u00f3-kaland videoj\u00e1t\u00e9knak, amelyet a Nintendo fejlesztett \u00e9s adott ki. A j\u00e1t\u00e9kban a Sheikah Tower egy magas, futurisztikus torony, amely a j\u00e1t\u00e9k nyitott vil\u00e1g\u00e1ban megjelenik.<\/p>\n<p>\ud83d\udeab FONTOS!<\/p>\n<p>Term\u00e9k neve: Sheikah Tower a The Legend of Zelda Breath of the Wild-b\u00f3l<\/p>\n<p>Kateg\u00f3ria: Film<\/p>\n<p>A k\u00e9szlet tartalma: C9382<\/p>\n<p>2254 db J\u00f3 min\u0151s\u00e9g\u0171 t\u00e9gla<\/p>\n<p>M\u00e9rete: 20,7 x 19,6 x 61,4 cm<\/p>\n<p>S\u00faly: 1,242 kg<\/p>\n<p>PDF \u00datmutat\u00f3<\/p>\n<p>\ud83d\udcccA f\u0151szerepl\u0151 term\u00e9szete<\/p>\n<p>Bemutatjuk a \u201eSheikah Tower from The Legend of Zelda Breath of the Wild\u201d nev\u0171 b\u00fcszke kollekci\u00f3nkat, amelyet nem szabad kihagyni.<\/p>\n<p>Amikor a j\u00e1t\u00e9kos k\u00f6zeledik egy Sheikah Towerhez, aktiv\u00e1lhatja azt, hogy felfedje a j\u00e1t\u00e9k t\u00e9rk\u00e9p\u00e9nek egy r\u00e9sz\u00e9t. Ez felfedi a k\u00f6zeli szent\u00e9lyeket, l\u00e1tnival\u00f3kat, s\u0151t a k\u00f6zelben l\u00e9v\u0151 ellens\u00e9geket is. A Sheikah Tower aktiv\u00e1l\u00e1sa azt is lehet\u0151v\u00e9 teszi a j\u00e1t\u00e9kos sz\u00e1m\u00e1ra, hogy gyorsan eljuthasson hozz\u00e1 a j\u00e1t\u00e9k b\u00e1rmely m\u00e1sik aktiv\u00e1lt toronyj\u00e1b\u00f3l, \u00edgy fontos eszk\u00f6ze a felfedez\u00e9snek \u00e9s a navig\u00e1ci\u00f3nak. A Sheikah Tower fontos r\u00e9sze a j\u00e1t\u00e9k t\u00f6rt\u00e9net\u00e9nek \u00e9s t\u00f6rt\u00e9net\u00e9nek, mivel az \u0151si sejk\u00e1k \u00e9p\u00edtett\u00e9k, akik egykor a j\u00e1t\u00e9k vil\u00e1g\u00e1ban \u00e9ltek. A sejk\u00e1k technol\u00f3giailag fejlett civiliz\u00e1ci\u00f3 voltak, akik technol\u00f3giai \u00e9s var\u00e1zslatos tud\u00e1sukat olyan \u00e9p\u00edtm\u00e9nyek \u00e9p\u00edt\u00e9s\u00e9re haszn\u00e1lt\u00e1k fel, mint a tornyok \u00e9s a j\u00e1t\u00e9k sz\u00e1mos szent\u00e9lye.<\/p><\/div>","protected":false},"excerpt":{"rendered":"<p>M\u00e1rka: MOC Factory<br \/>\nNem: Uniszex<br \/>\nKoroszt\u00e1ly: &gt; 6 \u00e9v<br \/>\nModellsz\u00e1m: 139323 C9382<br \/>\nBesorol\u00e1s: \u00d6sszeszerel\u00e9s<br \/>\nM\u0171anyag blokk forma: \u00f6nz\u00e1r\u00f3 t\u00e9gla<br \/>\nAnyaga: M\u0171anyag<br \/>\nM\u0171anyag t\u00edpus: ABS<br \/>\nT\u00e9gla T\u00e9gla: 2254 +<br \/>\nEredeti doboza nincs<\/p>","protected":false},"featured_media":44241,"comment_status":"open","ping_status":"closed","template":"","meta":{"_acf_changed":false},"product_cat":[1365,581,1408],"product_tag":[6122,8452,11083,11716,434,11715,2302],"class_list":["product","first","instock","shipping-taxable","purchasable","product-type-simple"],"acf":[],"_links":{"self":[{"href":"https:\/\/mouldking.store\/hu\/wp-json\/wp\/v2\/product\/44247","targetHints":{"allow":["GET"]}}],"collection":[{"href":"https:\/\/mouldking.store\/hu\/wp-json\/wp\/v2\/product"}],"about":[{"href":"https:\/\/mouldking.store\/hu\/wp-json\/wp\/v2\/types\/product"}],"replies":[{"embeddable":true,"href":"https:\/\/mouldking.store\/hu\/wp-json\/wp\/v2\/comments?post=44247"}],"wp:featuredmedia":[{"embeddable":true,"href":"https:\/\/mouldking.store\/hu\/wp-json\/wp\/v2\/media\/44241"}],"wp:attachment":[{"href":"https:\/\/mouldking.store\/hu\/wp-json\/wp\/v2\/media?parent=44247"}],"wp:term":[{"taxonomy":"product_cat","embeddable":true,"href":"https:\/\/mouldking.store\/hu\/wp-json\/wp\/v2\/product_cat?post=44247"},{"taxonomy":"product_tag","embeddable":true,"href":"https:\/\/mouldking.store\/hu\/wp-json\/wp\/v2\/product_tag?post=44247"}],"curies":[{"name":"wp","href":"https:\/\/api.w.org\/{rel}","templated":true}]}}