{"id":44288,"date":"2023-04-14T09:39:11","date_gmt":"2023-04-14T02:39:11","guid":{"rendered":"https:\/\/mouldking.store\/shop\/moc-factory-132456-fondor-haulcraft-play-set-scale-with-1597-pieces\/"},"modified":"2025-12-16T22:25:04","modified_gmt":"2025-12-16T15:25:04","slug":"moc-factory-132456-fondor-haulcraft-play-set-scale-with-1597-pieces","status":"publish","type":"product","link":"https:\/\/mouldking.store\/hu\/shop\/moc-factory-132456-fondor-haulcraft-play-set-scale-with-1597-pieces\/","title":{"rendered":"MOC Factory 132456 Fondor Haulcraft j\u00e1t\u00e9kk\u00e9szlet m\u00e9rleg 1597 darabbal"},"content":{"rendered":"<div>\u2705 MOC-132456 Fondor Haulcraft Play Set Scale<\/p>\n<p>\u2705In the Star Wars universe, the Fondor Haulcraft is a type of cargo vessel that is used for transporting goods and materials between planets and space stations. It is named after Fondor, a planet in the Outer Rim that is known for its shipbuilding industry.<\/p>\n<p>\ud83d\udeab FONTOS!<\/p>\n<p>Product Name: Fondor Haulcraft Play Set Scale<\/p>\n<p>Kateg\u00f3ria: Star Wars<\/p>\n<p>This Kit Contains: C9286<\/p>\n<p>1597 pcs Good Quality Bricks<\/p>\n<p>Size: 39.1 x 38.4 x 10.9 cm<\/p>\n<p>Weight: 1.599 kg<\/p>\n<p>PDF \u00datmutat\u00f3<\/p>\n<p>\ud83d\udcccA f\u0151szerepl\u0151 term\u00e9szete<\/p>\n<p>Introducing our proud collection named \u201cFondor Haulcraft Play Set Scale\u201d you should not miss.<\/p>\n<p>The Fondor Haulcraft is characterized by its large cargo holds, which are capable of carrying a wide range of goods, from raw materials to finished products. It is also equipped with powerful engines and advanced navigation systems that allow it to travel long distances quickly and safely. While the Fondor Haulcraft is primarily used for civilian purposes, it has also been employed by various factions in the Star Wars universe for military operations. For example, during the Galactic Civil War, the Rebel Alliance used Fondor Haulcrafts to transport supplies and equipment to their hidden bases and to smuggle weapons and other contraband past Imperial blockades.<\/p><\/div>","protected":false},"excerpt":{"rendered":"<p>M\u00e1rka: MOC Factory<br \/>\nNem: Uniszex<br \/>\nKoroszt\u00e1ly: &gt; 6 \u00e9v<br \/>\nModel Number: 132456<br \/>\nBesorol\u00e1s: \u00d6sszeszerel\u00e9s<br \/>\nM\u0171anyag blokk forma: \u00f6nz\u00e1r\u00f3 t\u00e9gla<br \/>\nAnyaga: M\u0171anyag<br \/>\nM\u0171anyag t\u00edpus: ABS<br \/>\nBricks Blocks: 1597 +<br \/>\nEredeti doboza nincs<\/p>","protected":false},"featured_media":44277,"comment_status":"open","ping_status":"closed","template":"","meta":{"_acf_changed":false},"product_cat":[581,6016,415,1408],"product_tag":[11720,11721,434,2276,436],"class_list":["product","first","instock","shipping-taxable","purchasable","product-type-simple"],"acf":[],"_links":{"self":[{"href":"https:\/\/mouldking.store\/hu\/wp-json\/wp\/v2\/product\/44288","targetHints":{"allow":["GET"]}}],"collection":[{"href":"https:\/\/mouldking.store\/hu\/wp-json\/wp\/v2\/product"}],"about":[{"href":"https:\/\/mouldking.store\/hu\/wp-json\/wp\/v2\/types\/product"}],"replies":[{"embeddable":true,"href":"https:\/\/mouldking.store\/hu\/wp-json\/wp\/v2\/comments?post=44288"}],"wp:featuredmedia":[{"embeddable":true,"href":"https:\/\/mouldking.store\/hu\/wp-json\/wp\/v2\/media\/44277"}],"wp:attachment":[{"href":"https:\/\/mouldking.store\/hu\/wp-json\/wp\/v2\/media?parent=44288"}],"wp:term":[{"taxonomy":"product_cat","embeddable":true,"href":"https:\/\/mouldking.store\/hu\/wp-json\/wp\/v2\/product_cat?post=44288"},{"taxonomy":"product_tag","embeddable":true,"href":"https:\/\/mouldking.store\/hu\/wp-json\/wp\/v2\/product_tag?post=44288"}],"curies":[{"name":"wp","href":"https:\/\/api.w.org\/{rel}","templated":true}]}}