{"id":44301,"date":"2023-04-14T09:52:46","date_gmt":"2023-04-14T02:52:46","guid":{"rendered":"https:\/\/mouldking.store\/shop\/moc-factory-101609-destiny-2-hive-ghost-with-1043-pieces\/"},"modified":"2025-12-16T22:25:04","modified_gmt":"2025-12-16T15:25:04","slug":"moc-factory-101609-destiny-2-hive-ghost-with-1043-pieces","status":"publish","type":"product","link":"https:\/\/mouldking.store\/hu\/shop\/moc-factory-101609-destiny-2-hive-ghost-with-1043-pieces\/","title":{"rendered":"MOC Factory 101609 Destiny 2 Hive Ghost 1043 darabbal"},"content":{"rendered":"<div>\u2705 MOC-101609 Destiny 2 Hive Ghost<\/p>\n<p>\u2705In the video game Destiny 2, the Hive Ghost is a type of Ghost shell that can be equipped by players to customize the appearance of their in-game companion, the Ghost. The Hive Ghost shell is themed after the Hive, a race of antagonistic alien creatures in the game&#8217;s lore.<\/p>\n<p>\ud83d\udeab FONTOS!<\/p>\n<p>Product Name: Destiny 2 Hive Ghost<\/p>\n<p>Kateg\u00f3ria: Alkot\u00f3<\/p>\n<p>This Kit Contains: C9345<\/p>\n<p>1043 pcs Good Quality Bricks<\/p>\n<p>Size: 40 x 15 x 24 cm<\/p>\n<p>Weight: 0.637 kg<\/p>\n<p>PDF \u00datmutat\u00f3<\/p>\n<p>\ud83d\udcccA f\u0151szerepl\u0151 term\u00e9szete<\/p>\n<p>Introducing our proud collection named \u201cDestiny 2 Hive Ghost\u201d you should not miss.<\/p>\n<p>The Hive Ghost shell features a dark, angular design with intricate patterns and symbols that resemble the Hive&#8217;s architecture and aesthetic. It also has a unique set of voice lines and sound effects that are tailored to the Hive theme. In Destiny 2, Ghosts are AI companions that provide assistance and information to the player character throughout the game. They can be customized with various Ghost shells, each of which has its own unique appearance and set of perks or abilities. The Hive Ghost shell is one of many Ghost shells that can be obtained through gameplay or by purchasing in-game currency.<\/p><\/div>","protected":false},"excerpt":{"rendered":"<p>M\u00e1rka: MOC Factory<br \/>\nNem: Uniszex<br \/>\nKoroszt\u00e1ly: &gt; 6 \u00e9v<br \/>\nModel Number: 101609<br \/>\nBesorol\u00e1s: \u00d6sszeszerel\u00e9s<br \/>\nM\u0171anyag blokk forma: \u00f6nz\u00e1r\u00f3 t\u00e9gla<br \/>\nAnyaga: M\u0171anyag<br \/>\nM\u0171anyag t\u00edpus: ABS<br \/>\nBricks Blocks: 1043 +<br \/>\nEredeti doboza nincs<\/p>","protected":false},"featured_media":44298,"comment_status":"open","ping_status":"closed","template":"","meta":{"_acf_changed":false},"product_cat":[1365,371],"product_tag":[11072,8452,11726,2964,11727],"class_list":["product","first","instock","shipping-taxable","purchasable","product-type-simple"],"acf":[],"_links":{"self":[{"href":"https:\/\/mouldking.store\/hu\/wp-json\/wp\/v2\/product\/44301","targetHints":{"allow":["GET"]}}],"collection":[{"href":"https:\/\/mouldking.store\/hu\/wp-json\/wp\/v2\/product"}],"about":[{"href":"https:\/\/mouldking.store\/hu\/wp-json\/wp\/v2\/types\/product"}],"replies":[{"embeddable":true,"href":"https:\/\/mouldking.store\/hu\/wp-json\/wp\/v2\/comments?post=44301"}],"wp:featuredmedia":[{"embeddable":true,"href":"https:\/\/mouldking.store\/hu\/wp-json\/wp\/v2\/media\/44298"}],"wp:attachment":[{"href":"https:\/\/mouldking.store\/hu\/wp-json\/wp\/v2\/media?parent=44301"}],"wp:term":[{"taxonomy":"product_cat","embeddable":true,"href":"https:\/\/mouldking.store\/hu\/wp-json\/wp\/v2\/product_cat?post=44301"},{"taxonomy":"product_tag","embeddable":true,"href":"https:\/\/mouldking.store\/hu\/wp-json\/wp\/v2\/product_tag?post=44301"}],"curies":[{"name":"wp","href":"https:\/\/api.w.org\/{rel}","templated":true}]}}