{"id":44308,"date":"2023-04-14T10:06:37","date_gmt":"2023-04-14T03:06:37","guid":{"rendered":"https:\/\/mouldking.store\/shop\/im-master-9826-2-helios-drift-sports-car-with-2443-pieces\/"},"modified":"2023-04-14T10:06:37","modified_gmt":"2023-04-14T03:06:37","slug":"im-master-9826-2-helios-drift-sports-car-with-2443-pieces","status":"publish","type":"product","link":"https:\/\/mouldking.store\/hu\/shop\/im-master-9826-2-helios-drift-sports-car-with-2443-pieces\/","title":{"rendered":"IM.Master 9826-2 Helios Drift sportaut\u00f3 2443 darabbal"},"content":{"rendered":"<div>\u2705 IM.Master 9826-2 Helios Drift Sports Car<br \/>&nbsp;<br \/>\u2705IM.Master 9826-2 Technic 1:10 Helios Drift Sports Car is a building block or &#8220;bricks&#8221; set that allows you to construct a model of a sports car. The set includes 2443\u00b1pcs of individual building blocks and is designed for enthusiasts who enjoy building and customizing their own models.<br \/>&nbsp;<br \/>\ud83d\udeab FONTOS!&nbsp;<br \/>&nbsp;<br \/>Product Name: Helios Drift Sports Car<br \/>&nbsp;<br \/>Kateg\u00f3ria: M\u0171szaki<br \/>&nbsp;<br \/>This Kit Contains IM.Master 9826-2<br \/>&nbsp;<br \/>2443 pcs Good Quality Bricks&nbsp;<br \/>&nbsp;<br \/>Size: 50.5 \u00d7 24.7 \u00d7 13 cm<br \/>&nbsp;<br \/>K\u00e9zi utas\u00edt\u00e1sok&nbsp;<br \/>&nbsp;<br \/>\ud83d\udcccA f\u0151szerepl\u0151 term\u00e9szete&nbsp;<br \/>&nbsp;<br \/>Introducing our proud collection named \u201cHelios Drift Sports Car\u201d you should not miss.&nbsp;<br \/>&nbsp;<br \/>The Helios Drift Sports Car is a fictional vehicle, and it is not a licensed product from any established car manufacturer. It appears to be a creation of the set designer, and its design may be inspired by various real-world sports cars.&nbsp; The set is part of the Technic series, which is a sub-theme of the brick building block sets. Technic sets are known for their advanced building techniques and functional features, such as working gears, suspensions, and motors.&nbsp;<\/div>","protected":false},"excerpt":{"rendered":"<p>M\u00e1rka: IM.Master<br \/>\nNem: Uniszex<br \/>\nKoroszt\u00e1ly: 8 \u00e9v felett<br \/>\nModel Number: 9826-2<br \/>\nBesorol\u00e1s: \u00d6sszeszerel\u00e9s<br \/>\nM\u0171anyag blokk forma: \u00f6nz\u00e1r\u00f3 t\u00e9gla<br \/>\nAnyaga: M\u0171anyag<br \/>\nM\u0171anyag t\u00edpus: ABS<br \/>\nBricks Blocks: 2443 +<br \/>\nMotorral<\/p>","protected":false},"featured_media":44302,"comment_status":"open","ping_status":"closed","template":"","meta":{"_acf_changed":false},"product_cat":[1360,1357,364],"product_tag":[457,7231,11728,11150,389,11080],"class_list":["product","first","instock","shipping-taxable","purchasable","product-type-simple"],"acf":[],"_links":{"self":[{"href":"https:\/\/mouldking.store\/hu\/wp-json\/wp\/v2\/product\/44308","targetHints":{"allow":["GET"]}}],"collection":[{"href":"https:\/\/mouldking.store\/hu\/wp-json\/wp\/v2\/product"}],"about":[{"href":"https:\/\/mouldking.store\/hu\/wp-json\/wp\/v2\/types\/product"}],"replies":[{"embeddable":true,"href":"https:\/\/mouldking.store\/hu\/wp-json\/wp\/v2\/comments?post=44308"}],"wp:featuredmedia":[{"embeddable":true,"href":"https:\/\/mouldking.store\/hu\/wp-json\/wp\/v2\/media\/44302"}],"wp:attachment":[{"href":"https:\/\/mouldking.store\/hu\/wp-json\/wp\/v2\/media?parent=44308"}],"wp:term":[{"taxonomy":"product_cat","embeddable":true,"href":"https:\/\/mouldking.store\/hu\/wp-json\/wp\/v2\/product_cat?post=44308"},{"taxonomy":"product_tag","embeddable":true,"href":"https:\/\/mouldking.store\/hu\/wp-json\/wp\/v2\/product_tag?post=44308"}],"curies":[{"name":"wp","href":"https:\/\/api.w.org\/{rel}","templated":true}]}}