{"id":44315,"date":"2023-04-14T10:30:42","date_gmt":"2023-04-14T03:30:42","guid":{"rendered":"https:\/\/mouldking.store\/shop\/cada-c66007-summer-breeze-coffee-shop-with-1108-pieces\/"},"modified":"2023-04-14T10:30:42","modified_gmt":"2023-04-14T03:30:42","slug":"cada-c66007-summer-breeze-coffee-shop-with-1108-pieces","status":"publish","type":"product","link":"https:\/\/mouldking.store\/hu\/shop\/cada-c66007-summer-breeze-coffee-shop-with-1108-pieces\/","title":{"rendered":"CaDa C66007 Summer Breeze k\u00e1v\u00e9z\u00f3 1108 darabbal"},"content":{"rendered":"<div>\u2705 CaDa C66007 Summer Breeze Coffee Shop<br \/>&nbsp;<br \/>\u2705The CaDa C66007 City Series Summer Breeze Coffee Shop is a building block set that allows you to construct a model of a coffee shop. The set includes 1108\u00b1pcs of individual building blocks and is designed for enthusiasts who enjoy building and customizing their own models.<br \/>&nbsp;<br \/>\ud83d\udeab FONTOS!&nbsp;<br \/>&nbsp;<br \/>Product Name: Summer Breeze Coffee Shop<br \/>&nbsp;<br \/>Kateg\u00f3ria: Modul\u00e1ris \u00e9p\u00fclet<\/p>\n<p>This kit contains: CaDa C66007<br \/>&nbsp;<br \/>1108 db J\u00f3 min\u0151s\u00e9g\u0171 t\u00e9gla&nbsp;<br \/>&nbsp;<br \/>K\u00e9zi utas\u00edt\u00e1sok&nbsp;<br \/>&nbsp;<br \/>\ud83d\udcccA f\u0151szerepl\u0151 term\u00e9szete&nbsp;<br \/>&nbsp;<br \/>Introducing our proud collection named \u201cSummer Breeze Coffee Shop\u201d you should not miss.&nbsp;<br \/>&nbsp;<br \/>The coffee shop model has a charming and cozy appearance with warm color schemes and intricate details. The set features a variety of accessories, including outdoor seating, a detailed interior, a coffee machine, and various decorative items. The building blocks used in the set are made of high-quality ABS plastic, which is durable and long-lasting. The CaDa C66007 set is part of the City Series, which is a sub-theme of the brick building block sets. It is compatible with other building block sets from the same series, as well as with other major building block brands.<\/div>","protected":false},"excerpt":{"rendered":"<p>M\u00e1rka: CaDa<br \/>\nNem: Uniszex<br \/>\nKorhat\u00e1r: 14 \u00e9v felett<br \/>\nModel Number: C66007<br \/>\nBesorol\u00e1s: \u00d6sszeszerel\u00e9s<br \/>\nM\u0171anyag blokk forma: \u00f6nz\u00e1r\u00f3 t\u00e9gla<br \/>\nAnyaga: M\u0171anyag<br \/>\nM\u0171anyag t\u00edpus: ABS<br \/>\nT\u00e9gla T\u00e9gla: 1108 +<br \/>\nEredeti doboza nincs<\/p>","protected":false},"featured_media":44311,"comment_status":"open","ping_status":"closed","template":"","meta":{"_acf_changed":false},"product_cat":[1395,390],"product_tag":[11730,4883,11128,392,11686],"class_list":["product","first","instock","shipping-taxable","purchasable","product-type-simple"],"acf":[],"_links":{"self":[{"href":"https:\/\/mouldking.store\/hu\/wp-json\/wp\/v2\/product\/44315","targetHints":{"allow":["GET"]}}],"collection":[{"href":"https:\/\/mouldking.store\/hu\/wp-json\/wp\/v2\/product"}],"about":[{"href":"https:\/\/mouldking.store\/hu\/wp-json\/wp\/v2\/types\/product"}],"replies":[{"embeddable":true,"href":"https:\/\/mouldking.store\/hu\/wp-json\/wp\/v2\/comments?post=44315"}],"wp:featuredmedia":[{"embeddable":true,"href":"https:\/\/mouldking.store\/hu\/wp-json\/wp\/v2\/media\/44311"}],"wp:attachment":[{"href":"https:\/\/mouldking.store\/hu\/wp-json\/wp\/v2\/media?parent=44315"}],"wp:term":[{"taxonomy":"product_cat","embeddable":true,"href":"https:\/\/mouldking.store\/hu\/wp-json\/wp\/v2\/product_cat?post=44315"},{"taxonomy":"product_tag","embeddable":true,"href":"https:\/\/mouldking.store\/hu\/wp-json\/wp\/v2\/product_tag?post=44315"}],"curies":[{"name":"wp","href":"https:\/\/api.w.org\/{rel}","templated":true}]}}