{"id":44327,"date":"2023-04-14T11:05:26","date_gmt":"2023-04-14T04:05:26","guid":{"rendered":"https:\/\/mouldking.store\/shop\/mould-king-22004-harry-potter-hogwarts-school-of-witchcraft-and-wizardry-with-6778-pieces\/"},"modified":"2023-04-14T11:05:26","modified_gmt":"2023-04-14T04:05:26","slug":"mould-king-22004-harry-potter-hogwarts-school-of-witchcraft-and-wizardry-with-6778-pieces","status":"publish","type":"product","link":"https:\/\/mouldking.store\/hu\/shop\/mould-king-22004-harry-potter-hogwarts-school-of-witchcraft-and-wizardry-with-6778-pieces\/","title":{"rendered":"MOLD KING 22004 Harry Potter Roxfort Boszork\u00e1ny- \u00e9s Var\u00e1zsl\u00f3iskola 6778 darabbal"},"content":{"rendered":"<div>\u2705 Mould King 22004 Harry Potter Hogwarts School of Witchcraft and Wizardry&nbsp;<br \/>&nbsp;<br \/>\u2705Harry Potter Hogwarts School of Witchcraft and Wizardry is a fictional school of magic and wizardry from the popular Harry Potter book and film series. It is a boarding school located in Scotland where young witches and wizards learn magic, study subjects like potions and defense against the dark arts, and hone their magical skills.<br \/>&nbsp;<br \/>\ud83d\udeab FONTOS!&nbsp;<br \/>&nbsp;<br \/>Product Name: Harry Potter Hogwarts School of Witchcraft and Wizardry&nbsp;<\/p>\n<p>Kateg\u00f3ria: Modul\u00e1ris \u00e9p\u00fclet<br \/>&nbsp;<br \/>This Kit Contains: Mould King 22004&nbsp;<br \/>&nbsp;<br \/>6778 pcs Good Quality Bricks&nbsp;<br \/>&nbsp;<br \/>Size:&nbsp; 60 \u00d7 54 \u00d7 34 cm<\/p>\n<p>K\u00e9zi utas\u00edt\u00e1sok&nbsp;<br \/>&nbsp;<br \/>\ud83d\udcccA f\u0151szerepl\u0151 term\u00e9szete&nbsp;<br \/>&nbsp;<br \/>Introducing our proud collection named \u201cHarry Potter Hogwarts School of Witchcraft and Wizardry \u201d you should not miss.&nbsp;<br \/>&nbsp;<br \/>The school was founded over a thousand years ago by four powerful wizards: Godric Gryffindor, Helga Hufflepuff, Rowena Ravenclaw, and Salazar Slytherin. Each founder had their own beliefs and values and their own house within the school: Gryffindor, Hufflepuff, Ravenclaw, and Slytherin. The Harry Potter series follows the adventures of the main character, Harry Potter, and his friends Ron Weasley and Hermione Granger as they attend Hogwarts and face various challenges and battles against the dark wizard, Lord Voldemort. Hogwarts School of Witchcraft and Wizardry is a beloved and iconic part of the Harry Potter universe, and many fans have created their own versions of the school using building blocks sets or other mediums.<\/div>","protected":false},"excerpt":{"rendered":"<p>M\u00e1rka: MOLD KING<br \/>\nNem: Uniszex<br \/>\nKoroszt\u00e1ly: &gt; 12 \u00e9ves<br \/>\nModel Number: 22004<br \/>\nBesorol\u00e1s: \u00d6sszeszerel\u00e9s<br \/>\nM\u0171anyag blokk forma: \u00f6nz\u00e1r\u00f3 t\u00e9gla<br \/>\nAnyaga: M\u0171anyag<br \/>\nM\u0171anyag t\u00edpus: ABS<br \/>\nBricks Blocks: 6778 +<br \/>\nEredeti doboza nincs<\/p>","protected":false},"featured_media":44322,"comment_status":"open","ping_status":"closed","template":"","meta":{"_acf_changed":false},"product_cat":[1395,390,581,1408],"product_tag":[4883,5724,2846,392,434,11732,11733,2843],"class_list":["product","first","instock","shipping-taxable","purchasable","product-type-simple"],"acf":[],"_links":{"self":[{"href":"https:\/\/mouldking.store\/hu\/wp-json\/wp\/v2\/product\/44327","targetHints":{"allow":["GET"]}}],"collection":[{"href":"https:\/\/mouldking.store\/hu\/wp-json\/wp\/v2\/product"}],"about":[{"href":"https:\/\/mouldking.store\/hu\/wp-json\/wp\/v2\/types\/product"}],"replies":[{"embeddable":true,"href":"https:\/\/mouldking.store\/hu\/wp-json\/wp\/v2\/comments?post=44327"}],"wp:featuredmedia":[{"embeddable":true,"href":"https:\/\/mouldking.store\/hu\/wp-json\/wp\/v2\/media\/44322"}],"wp:attachment":[{"href":"https:\/\/mouldking.store\/hu\/wp-json\/wp\/v2\/media?parent=44327"}],"wp:term":[{"taxonomy":"product_cat","embeddable":true,"href":"https:\/\/mouldking.store\/hu\/wp-json\/wp\/v2\/product_cat?post=44327"},{"taxonomy":"product_tag","embeddable":true,"href":"https:\/\/mouldking.store\/hu\/wp-json\/wp\/v2\/product_tag?post=44327"}],"curies":[{"name":"wp","href":"https:\/\/api.w.org\/{rel}","templated":true}]}}