{"id":44375,"date":"2023-04-19T10:09:45","date_gmt":"2023-04-19T03:09:45","guid":{"rendered":"https:\/\/mouldking.store\/shop\/robotime-lq901-rokr-automatic-rifle-ak-47-3d-wooden-assembly-guntoy-with-315-pieces\/"},"modified":"2023-04-19T10:09:45","modified_gmt":"2023-04-19T03:09:45","slug":"robotime-lq901-rokr-automatic-rifle-ak-47-3d-wooden-assembly-guntoy-with-315-pieces","status":"publish","type":"product","link":"https:\/\/mouldking.store\/hu\/shop\/robotime-lq901-rokr-automatic-rifle-ak-47-3d-wooden-assembly-guntoy-with-315-pieces\/","title":{"rendered":"Robotime LQ901 Rokr Automatic Rifle AK-47 3D Wooden Assembly Guntoy with 315 Pieces"},"content":{"rendered":"<div>\u2705 Robotime LQ901 Rokr Automatic Rifle AK-47 3D Wooden Assembly Guntoy<br \/>&nbsp;<br \/>\u2705The Robotime LQ901 Rokr Automatic Rifle AK-47 is a 3D wooden assembly toy gun that can be constructed by kids or adults as a DIY project. The kit includes all the necessary wooden pieces, gears, and other parts needed to build the toy gun.<\/p>\n<p>\ud83d\udeab FONTOS!&nbsp;<br \/>&nbsp;<br \/>Product Name: Rokr Automatic Rifle AK-47 3D Wooden Assembly Guntoy<br \/>&nbsp;<br \/>Kateg\u00f3ria: Katonai<br \/>&nbsp;<br \/>This Kit Contains: Robotime LQ901&nbsp;<br \/>&nbsp;<br \/>315 pcs Good Quality Bricks&nbsp;<br \/>&nbsp;<br \/>Size: 28inch<br \/>&nbsp;<br \/>K\u00e9zi utas\u00edt\u00e1sok&nbsp;<br \/>&nbsp;<br \/>\ud83d\udcccA f\u0151szerepl\u0151 term\u00e9szete&nbsp;<br \/>&nbsp;<br \/>Introducing our proud collection named \u201cRokr Automatic Rifle AK-47 3D Wooden Assembly Guntoy\u201d you should not miss.&nbsp;<br \/>&nbsp;<br \/>The AK-47 guntoy has double firing modes which means it can shoot pellets or rubber bands depending on the user&#8217;s preference. The gun is designed to be fun to assemble and play with, and it offers a unique and creative way to engage with children or adults.&nbsp;<\/div>","protected":false},"excerpt":{"rendered":"<p>M\u00e1rka: Robotime<br \/>\nNem: Uniszex<br \/>\nKoroszt\u00e1ly: &gt; 6 \u00e9v<br \/>\nModel Number: LQ901<br \/>\nBesorol\u00e1s: \u00d6sszeszerel\u00e9s<br \/>\nM\u0171anyag blokk forma: \u00f6nz\u00e1r\u00f3 t\u00e9gla<br \/>\nAnyaga: M\u0171anyag<br \/>\nM\u0171anyag t\u00edpus: ABS<br \/>\nBricks Blocks: 315 +<br \/>\nEredeti doboza nincs<\/p>","protected":false},"featured_media":44369,"comment_status":"open","ping_status":"closed","template":"","meta":{"_acf_changed":false},"product_cat":[1365,1350,371,372],"product_tag":[11419,10159,11072,8452,5154,374,11135,11738,11178],"class_list":["product","first","instock","shipping-taxable","purchasable","product-type-simple"],"acf":[],"_links":{"self":[{"href":"https:\/\/mouldking.store\/hu\/wp-json\/wp\/v2\/product\/44375","targetHints":{"allow":["GET"]}}],"collection":[{"href":"https:\/\/mouldking.store\/hu\/wp-json\/wp\/v2\/product"}],"about":[{"href":"https:\/\/mouldking.store\/hu\/wp-json\/wp\/v2\/types\/product"}],"replies":[{"embeddable":true,"href":"https:\/\/mouldking.store\/hu\/wp-json\/wp\/v2\/comments?post=44375"}],"wp:featuredmedia":[{"embeddable":true,"href":"https:\/\/mouldking.store\/hu\/wp-json\/wp\/v2\/media\/44369"}],"wp:attachment":[{"href":"https:\/\/mouldking.store\/hu\/wp-json\/wp\/v2\/media?parent=44375"}],"wp:term":[{"taxonomy":"product_cat","embeddable":true,"href":"https:\/\/mouldking.store\/hu\/wp-json\/wp\/v2\/product_cat?post=44375"},{"taxonomy":"product_tag","embeddable":true,"href":"https:\/\/mouldking.store\/hu\/wp-json\/wp\/v2\/product_tag?post=44375"}],"curies":[{"name":"wp","href":"https:\/\/api.w.org\/{rel}","templated":true}]}}