{"id":44416,"date":"2023-04-19T11:23:53","date_gmt":"2023-04-19T04:23:53","guid":{"rendered":"https:\/\/mouldking.store\/shop\/decool-jisi-16808-sicilian-late-autumn-coffee-maker-grinder-with-691-pieces\/"},"modified":"2023-04-19T11:23:53","modified_gmt":"2023-04-19T04:23:53","slug":"decool-jisi-16808-sicilian-late-autumn-coffee-maker-grinder-with-691-pieces","status":"publish","type":"product","link":"https:\/\/mouldking.store\/hu\/shop\/decool-jisi-16808-sicilian-late-autumn-coffee-maker-grinder-with-691-pieces\/","title":{"rendered":"DECOOL \/ JiSi 16808 Sicilian Late Autumn Coffee Maker + Grinder with 691 Pieces"},"content":{"rendered":"<div>\u2705 DECOOL 16808 Sicilian Late Autumn Coffee Maker + Grinder<br \/>&nbsp;<br \/>\u2705DECOOL 16808 Sicily Espresso Machine is a building block set that can be assembled to create a replica of a traditional espresso machine. The set includes approximately 691 plastic building blocks, as well as instructions for assembly.<br \/>&nbsp;<br \/>\ud83d\udeab FONTOS!&nbsp;<br \/>&nbsp;<br \/>Product Name: Sicilian Late Autumn Coffee Maker + Grinder<br \/>&nbsp;<br \/>Kateg\u00f3ria: Alkot\u00f3&nbsp;<br \/>&nbsp;<br \/>This Kit Contains: DECOOL 16808&nbsp;<br \/>&nbsp;<br \/>691 pcs Good Quality Bricks&nbsp;<br \/>&nbsp;<br \/>M\u00e9rete: 15cm<br \/>&nbsp;<br \/>K\u00e9zi utas\u00edt\u00e1sok&nbsp;<br \/>&nbsp;<br \/>\ud83d\udcccA f\u0151szerepl\u0151 term\u00e9szete&nbsp;<br \/>&nbsp;<br \/>Introducing our proud collection named \u201cSicilian Late Autumn Coffee Maker + Grinder\u201d you should not miss.&nbsp;<br \/>&nbsp;<br \/>The espresso machine is a popular appliance used to make espresso, a concentrated coffee beverage that originated in Italy. The building blocks in this set are designed to create a highly detailed and accurate representation of an espresso machine, complete with a realistic steam wand and a removable water tank. Once assembled, the espresso machine model can be displayed as a decorative item or used for imaginative play. It is a great addition to any collection or a unique gift for anyone who loves coffee, building blocks, or kitchen design. The DECOOL 16808 Sicily Espresso Machine set offers a unique and creative way for building enthusiasts to express their interests while also developing important skills.<\/div>","protected":false},"excerpt":{"rendered":"<p>M\u00e1rka: DECOOL \/ JiSi<br \/>\nNem: Uniszex<br \/>\nKoroszt\u00e1ly: &gt; 6 \u00e9v<br \/>\nModel Number: 16808<br \/>\nBesorol\u00e1s: \u00d6sszeszerel\u00e9s<br \/>\nM\u0171anyag blokk forma: \u00f6nz\u00e1r\u00f3 t\u00e9gla<br \/>\nAnyaga: M\u0171anyag<br \/>\nM\u0171anyag t\u00edpus: ABS<br \/>\nBricks Blocks: 691 +<br \/>\nEredeti doboza nincs<\/p>","protected":false},"featured_media":44414,"comment_status":"open","ping_status":"closed","template":"","meta":{"_acf_changed":false},"product_cat":[1365,1357,371,364],"product_tag":[5228,11072,8452,11744,11638,11743,389],"class_list":["product","first","instock","shipping-taxable","purchasable","product-type-simple"],"acf":[],"_links":{"self":[{"href":"https:\/\/mouldking.store\/hu\/wp-json\/wp\/v2\/product\/44416","targetHints":{"allow":["GET"]}}],"collection":[{"href":"https:\/\/mouldking.store\/hu\/wp-json\/wp\/v2\/product"}],"about":[{"href":"https:\/\/mouldking.store\/hu\/wp-json\/wp\/v2\/types\/product"}],"replies":[{"embeddable":true,"href":"https:\/\/mouldking.store\/hu\/wp-json\/wp\/v2\/comments?post=44416"}],"wp:featuredmedia":[{"embeddable":true,"href":"https:\/\/mouldking.store\/hu\/wp-json\/wp\/v2\/media\/44414"}],"wp:attachment":[{"href":"https:\/\/mouldking.store\/hu\/wp-json\/wp\/v2\/media?parent=44416"}],"wp:term":[{"taxonomy":"product_cat","embeddable":true,"href":"https:\/\/mouldking.store\/hu\/wp-json\/wp\/v2\/product_cat?post=44416"},{"taxonomy":"product_tag","embeddable":true,"href":"https:\/\/mouldking.store\/hu\/wp-json\/wp\/v2\/product_tag?post=44416"}],"curies":[{"name":"wp","href":"https:\/\/api.w.org\/{rel}","templated":true}]}}