{"id":44433,"date":"2023-04-19T12:10:49","date_gmt":"2023-04-19T05:10:49","guid":{"rendered":"https:\/\/mouldking.store\/shop\/decool-jisi-16806-roman-sunset-coffee-machine-with-648-pieces\/"},"modified":"2023-04-19T12:10:49","modified_gmt":"2023-04-19T05:10:49","slug":"decool-jisi-16806-roman-sunset-coffee-machine-with-648-pieces","status":"publish","type":"product","link":"https:\/\/mouldking.store\/hu\/shop\/decool-jisi-16806-roman-sunset-coffee-machine-with-648-pieces\/","title":{"rendered":"DECOOL \/ JiSi 16806 Roman Sunset Coffee Machine with 648 Pieces"},"content":{"rendered":"<div>\u2705 DECOOL 16806 Roman Sunset Coffee Machine<br \/>&nbsp;<br \/>\u2705The Roman sunset coffee machine belongs to the theme series series of building block sets, and the entire set contains 648 building block particles. First release in 2022.<br \/>&nbsp;<br \/>\ud83d\udeab FONTOS!&nbsp;<br \/>&nbsp;<br \/>Product Name: Roman Sunset Coffee Machine<br \/>&nbsp;<br \/>Kateg\u00f3ria: Alkot\u00f3&nbsp;<br \/>&nbsp;<br \/>This Kit Contains: DECOOL 16806<br \/>&nbsp;<br \/>648 pcs Good Quality Bricks&nbsp;<br \/>&nbsp;<br \/>Size:&nbsp; 17.3 \u00d7 17.8 \u00d7 10.4 cm<br \/>&nbsp;<br \/>K\u00e9zi utas\u00edt\u00e1sok&nbsp;<br \/>&nbsp;<br \/>\ud83d\udcccA f\u0151szerepl\u0151 term\u00e9szete&nbsp;<br \/>&nbsp;<br \/>Introducing our proud collection named \u201cRoman Sunset Coffee Machine\u201d you should not miss.&nbsp;<br \/>&nbsp;<br \/>There are many espresso machines available on the market that are designed to make espresso, which is a concentrated form of coffee made by forcing hot water through finely ground coffee beans. Espresso machines come in various types, including manual, semi-automatic, automatic, and super-automatic machines.<\/div>","protected":false},"excerpt":{"rendered":"<p>M\u00e1rka: DECOOL \/ JiSi<br \/>\nNem: Uniszex<br \/>\nKoroszt\u00e1ly: &gt; 6 \u00e9v<br \/>\nModel Number: 16806<br \/>\nBesorol\u00e1s: \u00d6sszeszerel\u00e9s<br \/>\nM\u0171anyag blokk forma: \u00f6nz\u00e1r\u00f3 t\u00e9gla<br \/>\nAnyaga: M\u0171anyag<br \/>\nM\u0171anyag t\u00edpus: ABS<br \/>\nBricks Blocks: 648 +<br \/>\nEredeti doboza nincs<\/p>","protected":false},"featured_media":44431,"comment_status":"open","ping_status":"closed","template":"","meta":{"_acf_changed":false},"product_cat":[1365,1357,371,364],"product_tag":[5228,7821,11072,8452,9915,11747,389],"class_list":["product","first","instock","shipping-taxable","purchasable","product-type-simple"],"acf":[],"_links":{"self":[{"href":"https:\/\/mouldking.store\/hu\/wp-json\/wp\/v2\/product\/44433","targetHints":{"allow":["GET"]}}],"collection":[{"href":"https:\/\/mouldking.store\/hu\/wp-json\/wp\/v2\/product"}],"about":[{"href":"https:\/\/mouldking.store\/hu\/wp-json\/wp\/v2\/types\/product"}],"replies":[{"embeddable":true,"href":"https:\/\/mouldking.store\/hu\/wp-json\/wp\/v2\/comments?post=44433"}],"wp:featuredmedia":[{"embeddable":true,"href":"https:\/\/mouldking.store\/hu\/wp-json\/wp\/v2\/media\/44431"}],"wp:attachment":[{"href":"https:\/\/mouldking.store\/hu\/wp-json\/wp\/v2\/media?parent=44433"}],"wp:term":[{"taxonomy":"product_cat","embeddable":true,"href":"https:\/\/mouldking.store\/hu\/wp-json\/wp\/v2\/product_cat?post=44433"},{"taxonomy":"product_tag","embeddable":true,"href":"https:\/\/mouldking.store\/hu\/wp-json\/wp\/v2\/product_tag?post=44433"}],"curies":[{"name":"wp","href":"https:\/\/api.w.org\/{rel}","templated":true}]}}