{"id":44438,"date":"2023-04-19T12:16:21","date_gmt":"2023-04-19T05:16:21","guid":{"rendered":"https:\/\/mouldking.store\/shop\/decool-jisi-16804-16806-rome-espresso-machine-with-600-pieces\/"},"modified":"2023-04-19T12:16:21","modified_gmt":"2023-04-19T05:16:21","slug":"decool-jisi-16804-16806-rome-espresso-machine-with-600-pieces","status":"publish","type":"product","link":"https:\/\/mouldking.store\/hu\/shop\/decool-jisi-16804-16806-rome-espresso-machine-with-600-pieces\/","title":{"rendered":"DECOOL \/ JiSi 16804 16806 Rome Espresso Machine with 600 Pieces"},"content":{"rendered":"<div>\u2705 DECOOL 16804 16806 Rome Espresso Machine<br \/>&nbsp;<br \/>\u2705A coffee machine, also known as a coffee maker or coffee brewer, is a device used to brew coffee. There are many different types of coffee machines available on the market, each with its own unique features and brewing methods<\/div>\n<div>&nbsp;<br \/>\ud83d\udeab FONTOS!&nbsp;<br \/>&nbsp;<br \/>Product Name: Rome Espresso Machine<br \/>&nbsp;<br \/>Kateg\u00f3ria: Alkot\u00f3&nbsp;<\/p>\n<p>This kit contains DECOOL 16804 16806&nbsp;<br \/>&nbsp;<br \/>600 pcs Good Quality Bricks&nbsp;<br \/>&nbsp;<br \/>Size: 10cm<br \/>&nbsp;<br \/>K\u00e9zi utas\u00edt\u00e1sok&nbsp;<br \/>&nbsp;<br \/>\ud83d\udcccA f\u0151szerepl\u0151 term\u00e9szete&nbsp;<br \/>&nbsp;<br \/>Introducing our proud collection named \u201cRome Espresso Machine\u201d you should not miss.&nbsp;<br \/>&nbsp;<br \/>Espresso machines are machines use pressure to force hot water through finely ground coffee beans to create a concentrated shot of espresso.<\/div>","protected":false},"excerpt":{"rendered":"<p>M\u00e1rka: DECOOL \/ JiSi<br \/>\nNem: Uniszex<br \/>\nKoroszt\u00e1ly: &gt; 6 \u00e9v<br \/>\nModel Number: 16804 16806<br \/>\nBesorol\u00e1s: \u00d6sszeszerel\u00e9s<br \/>\nM\u0171anyag blokk forma: \u00f6nz\u00e1r\u00f3 t\u00e9gla<br \/>\nAnyaga: M\u0171anyag<br \/>\nM\u0171anyag t\u00edpus: ABS<br \/>\nT\u00e9gl\u00e1k Blokkok: 600+<br \/>\nEredeti doboza nincs<\/p>","protected":false},"author":83,"featured_media":44434,"comment_status":"open","ping_status":"closed","template":"","meta":{"_acf_changed":false},"product_cat":[1365,1357,371,364],"product_tag":[7821,11072,8452,11744,11748,389],"class_list":["product","first","instock","shipping-taxable","purchasable","product-type-simple"],"acf":[],"_links":{"self":[{"href":"https:\/\/mouldking.store\/hu\/wp-json\/wp\/v2\/product\/44438","targetHints":{"allow":["GET"]}}],"collection":[{"href":"https:\/\/mouldking.store\/hu\/wp-json\/wp\/v2\/product"}],"about":[{"href":"https:\/\/mouldking.store\/hu\/wp-json\/wp\/v2\/types\/product"}],"author":[{"embeddable":true,"href":"https:\/\/mouldking.store\/hu\/wp-json\/wp\/v2\/users\/83"}],"replies":[{"embeddable":true,"href":"https:\/\/mouldking.store\/hu\/wp-json\/wp\/v2\/comments?post=44438"}],"wp:featuredmedia":[{"embeddable":true,"href":"https:\/\/mouldking.store\/hu\/wp-json\/wp\/v2\/media\/44434"}],"wp:attachment":[{"href":"https:\/\/mouldking.store\/hu\/wp-json\/wp\/v2\/media?parent=44438"}],"wp:term":[{"taxonomy":"product_cat","embeddable":true,"href":"https:\/\/mouldking.store\/hu\/wp-json\/wp\/v2\/product_cat?post=44438"},{"taxonomy":"product_tag","embeddable":true,"href":"https:\/\/mouldking.store\/hu\/wp-json\/wp\/v2\/product_tag?post=44438"}],"curies":[{"name":"wp","href":"https:\/\/api.w.org\/{rel}","templated":true}]}}